{"id":44066,"date":"2024-06-02T02:20:40","date_gmt":"2024-06-01T23:20:40","guid":{"rendered":"https:\/\/araratfinland.com\/product\/hemani-garlic-hair-oil-200-ml\/"},"modified":"2025-09-11T14:24:37","modified_gmt":"2025-09-11T11:24:37","slug":"hemani-garlic-hair-oil-200-ml","status":"publish","type":"product","link":"https:\/\/araratfinland.com\/en\/product\/hemani-garlic-hair-oil-200-ml\/","title":{"rendered":"Hemani Garlic Hair Oil 200 ml"},"content":{"rendered":"<p><span style=\"color: #000000\"><span style=\"font-size: 18px\"><span style=\"font-size: 18px\"><strong>Hemani valkosipuli hius\u00f6ljy<br \/>(kookos ja amla).<\/strong><\/span><br \/><span style=\"font-size: 18px\"><strong style=\"font-size: 18px\">Ainesosat:<\/strong>\u00a0Valkosipuli\u00f6ljy, kookos\u00f6ljy ja amla\u00f6ljy.<br \/><\/span><\/span><span style=\"font-size: 18px\"><strong>S\u00e4ilytys:<\/strong><\/span>\u00a0<span style=\"font-size: 18px\">Kuivassa ja viile\u00e4ss\u00e4 paikassa.<\/span><\/span><\/p>\n","protected":false},"excerpt":{"rendered":"<p>Hemani valkosipuli hius\u00f6ljy(kookos ja amla).Ainesosat:\u00a0Valkosipuli\u00f6ljy, kookos\u00f6ljy ja amla\u00f6ljy.S\u00e4ilytys:\u00a0Kuivassa ja viile\u00e4ss\u00e4 paikassa.<\/p>\n","protected":false},"featured_media":89971,"template":"","meta":{"om_disable_all_campaigns":false,"_monsterinsights_skip_tracking":false,"_monsterinsights_sitenote_active":false,"_monsterinsights_sitenote_note":"","_monsterinsights_sitenote_category":0},"location":[1422],"product_brand":[1423],"product_cat":[1372],"product_tag":[],"class_list":{"0":"post-44066","1":"product","2":"type-product","3":"status-publish","4":"has-post-thumbnail","6":"location-v","7":"product_brand-ararat-ari-food","8":"product_cat-hemani-tuotteet-fi","9":"stock_type-kpl-en","11":"first","12":"instock","13":"taxable","14":"shipping-taxable","15":"purchasable","16":"product-type-simple"},"aioseo_notices":[],"locations":[{"id":1422,"name":"v","slug":"v","quantity":"34"}],"_links":{"self":[{"href":"https:\/\/araratfinland.com\/en\/wp-json\/wp\/v2\/product\/44066","targetHints":{"allow":["GET"]}}],"collection":[{"href":"https:\/\/araratfinland.com\/en\/wp-json\/wp\/v2\/product"}],"about":[{"href":"https:\/\/araratfinland.com\/en\/wp-json\/wp\/v2\/types\/product"}],"version-history":[{"count":1,"href":"https:\/\/araratfinland.com\/en\/wp-json\/wp\/v2\/product\/44066\/revisions"}],"predecessor-version":[{"id":53977,"href":"https:\/\/araratfinland.com\/en\/wp-json\/wp\/v2\/product\/44066\/revisions\/53977"}],"wp:featuredmedia":[{"embeddable":true,"href":"https:\/\/araratfinland.com\/en\/wp-json\/wp\/v2\/media\/89971"}],"wp:attachment":[{"href":"https:\/\/araratfinland.com\/en\/wp-json\/wp\/v2\/media?parent=44066"}],"wp:term":[{"taxonomy":"location","embeddable":true,"href":"https:\/\/araratfinland.com\/en\/wp-json\/wp\/v2\/location?post=44066"},{"taxonomy":"product_brand","embeddable":true,"href":"https:\/\/araratfinland.com\/en\/wp-json\/wp\/v2\/product_brand?post=44066"},{"taxonomy":"product_cat","embeddable":true,"href":"https:\/\/araratfinland.com\/en\/wp-json\/wp\/v2\/product_cat?post=44066"},{"taxonomy":"product_tag","embeddable":true,"href":"https:\/\/araratfinland.com\/en\/wp-json\/wp\/v2\/product_tag?post=44066"}],"curies":[{"name":"wp","href":"https:\/\/api.w.org\/{rel}","templated":true}]}}