{"id":43925,"date":"2024-06-02T02:20:10","date_gmt":"2024-06-01T23:20:10","guid":{"rendered":"https:\/\/araratfinland.com\/product\/agadeer-koko-kana-12x1000-g\/"},"modified":"2025-10-07T10:01:26","modified_gmt":"2025-10-07T07:01:26","slug":"agadeer-koko-kana-12x1000-g","status":"publish","type":"product","link":"https:\/\/araratfinland.com\/en\/product\/agadeer-koko-kana-12x1000-g\/","title":{"rendered":"Agadeer koko.kana 12&#215;1000 g"},"content":{"rendered":"<h4><span style=\"font-size: 18px;color: #000000\"><strong>Kana A-Luokka.<\/strong><\/span><\/h4>\n<h4><span style=\"font-size: 18px;color: #000000\"><strong>Ainesosat:<\/strong> Broileri 100% ilman sis\u00e4lmyksi\u00e4.<\/span><\/h4>\n<h4><span style=\"color: #000000\"><span style=\"font-size: 18px\"><strong>S\u00e4ilytys: <\/strong>Pakastimessa: Alle -18\u2103:n l\u00e4mp\u00f6tilassa<br \/>katso &#039;&#039;parasta ennen&#039;&#039;.<br \/><\/span><span style=\"font-size: 18px\">J\u00e4\u00e4kaapissa: Alle 5\u2103:n l\u00e4mp\u00f6tilassa noin 24 tuntia.<br \/><\/span><span style=\"font-size: 18px\"><strong>Ei saa pakastaa uudelleen sulattamisen j\u00e4\u00e4lkeen.<\/strong><\/span><\/span><\/h4>\n<table style=\"height: 361px;width: 414.906px\">\n<tbody>\n<tr style=\"height: 8px\">\n<td style=\"width: 402.906px;height: 8px\" colspan=\"2\"><span style=\"font-size: 18px;color: #000000\"><strong>Ravintosis\u00e4lt\u00f6 per 100g<\/strong><\/span><\/td>\n<\/tr>\n<\/tbody>\n<tbody>\n<tr style=\"height: 18px\">\n<td style=\"width: 213px;height: 18px\"><span style=\"font-size: 18px;color: #000000\">Energiaa<\/span><\/td>\n<td style=\"width: 189.906px;height: 18px\"><span style=\"font-size: 18px;color: #000000\">840 kJ \/ 200 kcal<\/span><\/td>\n<\/tr>\n<tr style=\"height: 7px\">\n<td style=\"width: 213px;height: 7px\"><span style=\"font-size: 18px;color: #000000\">Rasva<\/span><\/td>\n<td style=\"width: 189.906px;height: 7px\"><span style=\"font-size: 18px;color: #000000\">14,3 g<\/span><\/td>\n<\/tr>\n<tr style=\"height: 13px\">\n<td style=\"width: 213px;height: 13px\"><span style=\"font-size: 18px;color: #000000\">josta tyydyttynytt\u00e4<\/span><\/td>\n<td style=\"width: 189.906px;height: 13px\"><span style=\"font-size: 18px;color: #000000\">3,8 g<\/span><\/td>\n<\/tr>\n<tr style=\"height: 8px\">\n<td style=\"width: 213px;height: 8px\"><span style=\"font-size: 18px;color: #000000\">Hiilihydraatit<\/span><\/td>\n<td style=\"width: 189.906px;height: 8px\"><span style=\"font-size: 18px;color: #000000\"><\/p>\n","protected":false},"excerpt":{"rendered":"<p>Kana A-Luokka. Ainesosat: Broileri 100% ilman sis\u00e4lmyksi\u00e4. S\u00e4ilytys: Pakastimessa: Alle -18\u2103:n l\u00e4mp\u00f6tilassakatso &#039;&#039;parasta ennen&#039;&#039;.J\u00e4\u00e4kaapissa: Alle 5\u2103:n l\u00e4mp\u00f6tilassa noin 24 tuntia.Ei<\/p>\n","protected":false},"featured_media":95776,"template":"","meta":{"om_disable_all_campaigns":false,"_monsterinsights_skip_tracking":false,"_monsterinsights_sitenote_active":false,"_monsterinsights_sitenote_note":"","_monsterinsights_sitenote_category":0},"location":[1422],"product_brand":[1423],"product_cat":[1464],"product_tag":[],"class_list":{"0":"post-43925","1":"product","2":"type-product","3":"status-publish","4":"has-post-thumbnail","6":"location-v","7":"product_brand-ararat-ari-food","8":"product_cat-pakasteet-en-2","9":"stock_type-ltk-en","11":"first","12":"instock","13":"taxable","14":"shipping-taxable","15":"purchasable","16":"product-type-simple"},"aioseo_notices":[],"locations":[{"id":1422,"name":"v","slug":"v","quantity":"40"}],"_links":{"self":[{"href":"https:\/\/araratfinland.com\/en\/wp-json\/wp\/v2\/product\/43925","targetHints":{"allow":["GET"]}}],"collection":[{"href":"https:\/\/araratfinland.com\/en\/wp-json\/wp\/v2\/product"}],"about":[{"href":"https:\/\/araratfinland.com\/en\/wp-json\/wp\/v2\/types\/product"}],"version-history":[{"count":1,"href":"https:\/\/araratfinland.com\/en\/wp-json\/wp\/v2\/product\/43925\/revisions"}],"predecessor-version":[{"id":49106,"href":"https:\/\/araratfinland.com\/en\/wp-json\/wp\/v2\/product\/43925\/revisions\/49106"}],"wp:featuredmedia":[{"embeddable":true,"href":"https:\/\/araratfinland.com\/en\/wp-json\/wp\/v2\/media\/95776"}],"wp:attachment":[{"href":"https:\/\/araratfinland.com\/en\/wp-json\/wp\/v2\/media?parent=43925"}],"wp:term":[{"taxonomy":"location","embeddable":true,"href":"https:\/\/araratfinland.com\/en\/wp-json\/wp\/v2\/location?post=43925"},{"taxonomy":"product_brand","embeddable":true,"href":"https:\/\/araratfinland.com\/en\/wp-json\/wp\/v2\/product_brand?post=43925"},{"taxonomy":"product_cat","embeddable":true,"href":"https:\/\/araratfinland.com\/en\/wp-json\/wp\/v2\/product_cat?post=43925"},{"taxonomy":"product_tag","embeddable":true,"href":"https:\/\/araratfinland.com\/en\/wp-json\/wp\/v2\/product_tag?post=43925"}],"curies":[{"name":"wp","href":"https:\/\/api.w.org\/{rel}","templated":true}]}}