{"id":43912,"date":"2024-06-02T02:20:07","date_gmt":"2024-06-01T23:20:07","guid":{"rendered":"https:\/\/araratfinland.com\/product\/calnort-kalaliemi-1-kg\/"},"modified":"2025-09-12T14:29:56","modified_gmt":"2025-09-12T11:29:56","slug":"calnort-kalaliemi-1-kg","status":"publish","type":"product","link":"https:\/\/araratfinland.com\/en\/product\/calnort-kalaliemi-1-kg\/","title":{"rendered":"Calnort Kala Liemi 1 Kg"},"content":{"rendered":"<h4><span style=\"color: #000000\"><span style=\"font-size: 18px\"><strong>Ainesosat:<\/strong> Suola, maissit\u00e4rkkelys, makua parantava aine<br \/>(mononatriumglutamaatti),\u00a0<\/span><span style=\"font-size: 18px\">osittain hydrattu sokeripalmu\u00f6ljy,<br \/><strong>soija<\/strong>pavun kasviproteiiniuutteet, hiivauute, <strong>kalan<\/strong> aromi,<br \/><\/span><span style=\"font-size: 18px\">kuivatut <strong>katkaravut\u00a0<\/strong>2%, sipuli, luonnolliset v\u00e4riaineet<br \/>(E-150d ja E- 160c), mausteet <span style=\"color: #000000\">(kurkuma).<\/span><\/span><\/span><\/h4>\n<h4><span style=\"font-size: 18px;color: #000000\"><strong>S\u00e4ilytys:<\/strong> Viile\u00e4ss\u00e4 ja viile\u00e4ss\u00e4 paikassa.<\/span><\/h4>\n<table style=\"width: 391.25px\">\n<tbody>\n<tr style=\"height: 22px\">\n<td style=\"width: 371.25px;height: 22px\" colspan=\"2\"><span style=\"font-size: 18px;color: #000000\"><strong>Ravintosis\u00e4lt\u00f6 per 100g<\/strong><\/span><\/td>\n<\/tr>\n<\/tbody>\n<tbody>\n<tr style=\"height: 22.8125px\">\n<td style=\"width: 203px;height: 22.8125px\"><span style=\"font-size: 18px;color: #000000\">Energia<\/span><\/td>\n<td style=\"width: 168.25px;height: 22.8125px\"><span style=\"font-size: 18px;color: #000000\">781 kJ \/ 187 kcal<\/span><\/td>\n<\/tr>\n<tr style=\"height: 22px\">\n<td style=\"width: 203px;height: 22px\"><span style=\"font-size: 18px;color: #000000\">Rasva<\/span><\/td>\n<td style=\"width: 168.25px;height: 22px\"><span style=\"font-size: 18px;color: #000000\">5,6 g<\/span><\/td>\n<\/tr>\n<tr style=\"height: 22px\">\n<td style=\"width: 203px;height: 22px\"><span style=\"font-size: 18px;color: #000000\">josta tyydyttyneitt\u00e4<\/span><\/td>\n<td style=\"width: 168.25px;height: 22px\"><span style=\"font-size: 18px;color: #000000\">3,5 g<\/span><\/td>\n<\/tr>\n<tr style=\"height: 22px\">\n<td style=\"width: 203px;height: 22px\"><span style=\"font-size: 18px;color: #000000\">Hiilihydraatit<\/span><\/td>\n<td style=\"width: 168.25px;height: 22px\"><span style=\"font-size: 18px;color: #000000\">27 g<\/span><\/td>\n<\/tr>\n<tr style=\"height: 22px\">\n<td style=\"width: 203px;height: 22px\"><span style=\"font-size: 18px;color: #000000\">josta sokereita<\/span><\/td>\n<td style=\"width: 168.25px;height: 22px\"><span style=\"font-size: 18px;color: #000000\">9 g<\/span><\/td>\n<\/tr>\n<tr style=\"height: 22px\">\n<td style=\"width: 203px;height: 22px\"><span style=\"font-size: 18px;color: #000000\">Proteiini<\/span><\/td>\n<td style=\"width: 168.25px;height: 22px\"><span style=\"font-size: 18px;color: #000000\">7,2 g<\/span><\/td>\n<\/tr>\n<tr style=\"height: 22px\">\n<td style=\"width: 203px;height: 22px\"><span style=\"font-size: 18px;color: #000000\">Suola<\/span><\/td>\n<td style=\"width: 168.25px;height: 22px\"><span style=\"font-size: 18px;color: #000000\">51 g<\/span><\/td>\n<\/tr>\n<\/tbody>\n<\/table>\n","protected":false},"excerpt":{"rendered":"<p>Ainesosat: Suola, maissit\u00e4rkkelys, makua parantava aine(mononatriumglutamaatti),\u00a0osittain hydrattu sokeripalmu\u00f6ljy,soijapavun kasviproteiiniuutteet, hiivauute, kalan aromi,kuivatut katkaravut\u00a02%, sipuli, luonnolliset v\u00e4riaineet(E-150d ja E- 160c), mausteet<\/p>\n","protected":false},"featured_media":91478,"template":"","meta":{"om_disable_all_campaigns":false,"_monsterinsights_skip_tracking":false,"_monsterinsights_sitenote_active":false,"_monsterinsights_sitenote_note":"","_monsterinsights_sitenote_category":0},"location":[1422],"product_brand":[1423],"product_cat":[1348],"product_tag":[],"class_list":{"0":"post-43912","1":"product","2":"type-product","3":"status-publish","4":"has-post-thumbnail","6":"location-v","7":"product_brand-ararat-ari-food","8":"product_cat-mausteet-fi","9":"stock_type-kpl-en","11":"first","12":"instock","13":"taxable","14":"shipping-taxable","15":"purchasable","16":"product-type-simple"},"aioseo_notices":[],"locations":[{"id":1422,"name":"v","slug":"v","quantity":"25"}],"_links":{"self":[{"href":"https:\/\/araratfinland.com\/en\/wp-json\/wp\/v2\/product\/43912","targetHints":{"allow":["GET"]}}],"collection":[{"href":"https:\/\/araratfinland.com\/en\/wp-json\/wp\/v2\/product"}],"about":[{"href":"https:\/\/araratfinland.com\/en\/wp-json\/wp\/v2\/types\/product"}],"version-history":[{"count":2,"href":"https:\/\/araratfinland.com\/en\/wp-json\/wp\/v2\/product\/43912\/revisions"}],"predecessor-version":[{"id":54852,"href":"https:\/\/araratfinland.com\/en\/wp-json\/wp\/v2\/product\/43912\/revisions\/54852"}],"wp:featuredmedia":[{"embeddable":true,"href":"https:\/\/araratfinland.com\/en\/wp-json\/wp\/v2\/media\/91478"}],"wp:attachment":[{"href":"https:\/\/araratfinland.com\/en\/wp-json\/wp\/v2\/media?parent=43912"}],"wp:term":[{"taxonomy":"location","embeddable":true,"href":"https:\/\/araratfinland.com\/en\/wp-json\/wp\/v2\/location?post=43912"},{"taxonomy":"product_brand","embeddable":true,"href":"https:\/\/araratfinland.com\/en\/wp-json\/wp\/v2\/product_brand?post=43912"},{"taxonomy":"product_cat","embeddable":true,"href":"https:\/\/araratfinland.com\/en\/wp-json\/wp\/v2\/product_cat?post=43912"},{"taxonomy":"product_tag","embeddable":true,"href":"https:\/\/araratfinland.com\/en\/wp-json\/wp\/v2\/product_tag?post=43912"}],"curies":[{"name":"wp","href":"https:\/\/api.w.org\/{rel}","templated":true}]}}