{"id":43900,"date":"2024-06-02T02:20:05","date_gmt":"2024-06-01T23:20:05","guid":{"rendered":"https:\/\/araratfinland.com\/product\/hemani-black-seed-hair-oil-200-ml\/"},"modified":"2025-09-12T14:49:58","modified_gmt":"2025-09-12T11:49:58","slug":"hemani-black-seed-hair-oil-200-ml","status":"publish","type":"product","link":"https:\/\/araratfinland.com\/en\/product\/hemani-black-seed-hair-oil-200-ml\/","title":{"rendered":"Hemani black seed hair oil 200 ml"},"content":{"rendered":"<p><span style=\"color: #000000\"><span style=\"font-size: 18px\"><strong>Hemani musta siemen\u00f6ljy<br \/>(kookos\u00f6ljy ja risiini\u00f6ljy).<\/strong><strong><br \/>Ainesosat:<\/strong>\u00a0Musta siemen\u00f6ljy, kookos\u00f6ljy, risiini\u00f6ljy.<br \/><\/span><span style=\"font-size: 18px\"><strong>S\u00e4ilytys:<\/strong><\/span>\u00a0<span style=\"font-size: 18px\">Kuivassa ja viile\u00e4ss\u00e4 paikassa.<\/span><span style=\"font-size: 18px\"><br \/><\/span><\/span><\/p>\n","protected":false},"excerpt":{"rendered":"<p>Hemani musta siemen\u00f6ljy(kookos\u00f6ljy ja risiini\u00f6ljy).Ainesosat:\u00a0Musta siemen\u00f6ljy, kookos\u00f6ljy, risiini\u00f6ljy.S\u00e4ilytys:\u00a0Kuivassa ja viile\u00e4ss\u00e4 paikassa.<\/p>\n","protected":false},"featured_media":91555,"template":"","meta":{"om_disable_all_campaigns":false,"_monsterinsights_skip_tracking":false,"_monsterinsights_sitenote_active":false,"_monsterinsights_sitenote_note":"","_monsterinsights_sitenote_category":0},"location":[1422],"product_brand":[1423],"product_cat":[1372],"product_tag":[],"class_list":{"0":"post-43900","1":"product","2":"type-product","3":"status-publish","4":"has-post-thumbnail","6":"location-v","7":"product_brand-ararat-ari-food","8":"product_cat-hemani-tuotteet-fi","9":"stock_type-pcs-en","11":"first","12":"instock","13":"taxable","14":"shipping-taxable","15":"purchasable","16":"product-type-simple"},"aioseo_notices":[],"locations":[{"id":1422,"name":"v","slug":"v","quantity":"0"}],"_links":{"self":[{"href":"https:\/\/araratfinland.com\/en\/wp-json\/wp\/v2\/product\/43900","targetHints":{"allow":["GET"]}}],"collection":[{"href":"https:\/\/araratfinland.com\/en\/wp-json\/wp\/v2\/product"}],"about":[{"href":"https:\/\/araratfinland.com\/en\/wp-json\/wp\/v2\/types\/product"}],"version-history":[{"count":1,"href":"https:\/\/araratfinland.com\/en\/wp-json\/wp\/v2\/product\/43900\/revisions"}],"predecessor-version":[{"id":48403,"href":"https:\/\/araratfinland.com\/en\/wp-json\/wp\/v2\/product\/43900\/revisions\/48403"}],"wp:featuredmedia":[{"embeddable":true,"href":"https:\/\/araratfinland.com\/en\/wp-json\/wp\/v2\/media\/91555"}],"wp:attachment":[{"href":"https:\/\/araratfinland.com\/en\/wp-json\/wp\/v2\/media?parent=43900"}],"wp:term":[{"taxonomy":"location","embeddable":true,"href":"https:\/\/araratfinland.com\/en\/wp-json\/wp\/v2\/location?post=43900"},{"taxonomy":"product_brand","embeddable":true,"href":"https:\/\/araratfinland.com\/en\/wp-json\/wp\/v2\/product_brand?post=43900"},{"taxonomy":"product_cat","embeddable":true,"href":"https:\/\/araratfinland.com\/en\/wp-json\/wp\/v2\/product_cat?post=43900"},{"taxonomy":"product_tag","embeddable":true,"href":"https:\/\/araratfinland.com\/en\/wp-json\/wp\/v2\/product_tag?post=43900"}],"curies":[{"name":"wp","href":"https:\/\/api.w.org\/{rel}","templated":true}]}}