{"id":43838,"date":"2024-06-02T02:19:51","date_gmt":"2024-06-01T23:19:51","guid":{"rendered":"https:\/\/araratfinland.com\/product\/abido-mogly-500g\/"},"modified":"2025-01-27T17:44:39","modified_gmt":"2025-01-27T15:44:39","slug":"abido-mogly-500g","status":"publish","type":"product","link":"https:\/\/araratfinland.com\/en\/product\/abido-mogly-500g\/","title":{"rendered":"Abido Mogly 500g"},"content":{"rendered":"<h4><span style=\"color: #000000;font-size: 18px\"><strong>Ainesosat:\u00a0<\/strong>Riisijauhe, kumina, kaneli.<\/p>\n<p><strong>S\u00e4ilytys:<\/strong> Kuivassa ja viile\u00e4ss\u00e4 paikkassa.<\/p>\n<p><strong>Saattaa sis\u00e4lt\u00e4\u00e4:\u00a0Vehn\u00e4, seesami,\u00a0sinappi.<\/strong><br \/><\/span><\/h4>\n<table style=\"width: 398.641px\">\n<tbody>\n<tr style=\"height: 24px\">\n<td style=\"width: 385.641px;height: 24px\" colspan=\"2\"><span style=\"font-size: 18px;color: #000000\"><strong>Ravintosis\u00e4lt\u00f6 per 100g<\/strong><\/span><\/td>\n<\/tr>\n<\/tbody>\n<tbody>\n<tr style=\"height: 26px\">\n<td style=\"width: 215px;height: 26px\"><span style=\"font-size: 18px;color: #000000\">Energia<\/span><\/td>\n<td style=\"width: 170.641px;height: 26px\"><span style=\"font-size: 18px;color: #000000\">1601kj \/ 378kcal<\/span><\/td>\n<\/tr>\n<tr style=\"height: 24px\">\n<td style=\"width: 215px;height: 24px\"><span style=\"font-size: 18px;color: #000000\">Rasva<\/span><\/td>\n<td style=\"width: 170.641px;height: 24px\"><span style=\"font-size: 18px;color: #000000\">2,5 g<\/span><\/td>\n<\/tr>\n<tr style=\"height: 32px\">\n<td style=\"width: 215px;height: 32px\"><span style=\"font-size: 18px;color: #000000\">josta tyydyttyneitt\u00e4<\/span><\/td>\n<td style=\"width: 170.641px;height: 32px\">\u00a0<\/td>\n<\/tr>\n<\/tbody>\n<\/table>\n","protected":false},"excerpt":{"rendered":"<p>Ainesosat:\u00a0Riisijauhe, kumina, kaneli. S\u00e4ilytys: Kuivassa ja viile\u00e4ss\u00e4 paikkassa. Saattaa sis\u00e4lt\u00e4\u00e4:\u00a0Vehn\u00e4, seesami,\u00a0sinappi. Ravintosis\u00e4lt\u00f6 per 100g Energia 1601kj \/ 378kcal Rasva 2,5<\/p>\n","protected":false},"featured_media":67235,"template":"","meta":{"om_disable_all_campaigns":false,"_monsterinsights_skip_tracking":false,"_monsterinsights_sitenote_active":false,"_monsterinsights_sitenote_note":"","_monsterinsights_sitenote_category":0},"location":[1422],"product_brand":[1423],"product_cat":[1324],"product_tag":[],"class_list":{"0":"post-43838","1":"product","2":"type-product","3":"status-publish","4":"has-post-thumbnail","6":"location-v","7":"product_brand-ararat-ari-food","8":"product_cat-makeiset-fi","9":"stock_type-kpl-en","11":"first","12":"instock","13":"taxable","14":"shipping-taxable","15":"purchasable","16":"product-type-simple"},"aioseo_notices":[],"locations":[{"id":1422,"name":"v","slug":"v","quantity":"20"}],"_links":{"self":[{"href":"https:\/\/araratfinland.com\/en\/wp-json\/wp\/v2\/product\/43838","targetHints":{"allow":["GET"]}}],"collection":[{"href":"https:\/\/araratfinland.com\/en\/wp-json\/wp\/v2\/product"}],"about":[{"href":"https:\/\/araratfinland.com\/en\/wp-json\/wp\/v2\/types\/product"}],"version-history":[{"count":2,"href":"https:\/\/araratfinland.com\/en\/wp-json\/wp\/v2\/product\/43838\/revisions"}],"predecessor-version":[{"id":54694,"href":"https:\/\/araratfinland.com\/en\/wp-json\/wp\/v2\/product\/43838\/revisions\/54694"}],"wp:featuredmedia":[{"embeddable":true,"href":"https:\/\/araratfinland.com\/en\/wp-json\/wp\/v2\/media\/67235"}],"wp:attachment":[{"href":"https:\/\/araratfinland.com\/en\/wp-json\/wp\/v2\/media?parent=43838"}],"wp:term":[{"taxonomy":"location","embeddable":true,"href":"https:\/\/araratfinland.com\/en\/wp-json\/wp\/v2\/location?post=43838"},{"taxonomy":"product_brand","embeddable":true,"href":"https:\/\/araratfinland.com\/en\/wp-json\/wp\/v2\/product_brand?post=43838"},{"taxonomy":"product_cat","embeddable":true,"href":"https:\/\/araratfinland.com\/en\/wp-json\/wp\/v2\/product_cat?post=43838"},{"taxonomy":"product_tag","embeddable":true,"href":"https:\/\/araratfinland.com\/en\/wp-json\/wp\/v2\/product_tag?post=43838"}],"curies":[{"name":"wp","href":"https:\/\/api.w.org\/{rel}","templated":true}]}}