{"id":43830,"date":"2024-06-02T02:19:49","date_gmt":"2024-06-01T23:19:49","guid":{"rendered":"https:\/\/araratfinland.com\/product\/back-family-vanilliinisokeri-15x8g\/"},"modified":"2025-09-25T13:54:29","modified_gmt":"2025-09-25T10:54:29","slug":"back-family-vanilliinisokeri-15x8g","status":"publish","type":"product","link":"https:\/\/araratfinland.com\/en\/product\/back-family-vanilliinisokeri-15x8g\/","title":{"rendered":"Back Family Vanilliinisokeri 15x8g"},"content":{"rendered":"<div class=\"min-h-8 text-message flex w-full flex-col items-end gap-2 whitespace-normal break-words text-start [.text-message &amp;]:mt-5\" dir=\"auto\" data-message-author-role=\"assistant\" data-message-id=\"cbbbecd7-341e-4fab-8882-eb8cf2335308\" data-message-model-slug=\"gpt-4o\">\n<div class=\"flex w-full flex-col gap-1 empty:hidden first:pt-[3px]\">\n<div class=\"markdown prose w-full break-words dark:prose-invert light\">\n<p><strong>Vanilliinisokeri<br \/><\/strong><br \/><strong>Ainesosat:<\/strong> Sokeri, vanilliini.<\/p>\n<p>Yhden pussin sis\u00e4lt\u00f6 riitt\u00e4\u00e4 500 g jauhoihin tai 0,5 l (1\/2 l) maitoa.<\/p>\n<p>S\u00e4ilyt\u00e4 viile\u00e4ss\u00e4 ja kuivassa paikassa.<\/p>\n<p>**Ravintosis\u00e4lt per 100 g:**<\/p>\n<\/p><\/div>\n<\/p><\/div>\n<\/p><\/div>\n<div class=\"min-h-8 text-message flex w-full flex-col items-end gap-2 whitespace-normal break-words text-start [.text-message &amp;]:mt-5\" dir=\"auto\" data-message-author-role=\"assistant\" data-message-id=\"e601f4b4-ccd5-4bc6-bf7f-2b1993d08ffd\" data-message-model-slug=\"gpt-4o\">\n<div class=\"flex w-full flex-col gap-1 empty:hidden first:pt-[3px]\">\n<div class=\"markdown prose w-full break-words dark:prose-invert light\"> Energia: 1676 kJ \/ 394 kcal Rasva: 0 g josta tyydyttyneit\u00e4 rasvahappoja: 0 g Hiilihydraatit: 98,6 g josta sokereita: 98,6 g Proteiini: 0 g Suola: 0 g <\/div>\n<\/p><\/div>\n<\/p><\/div>\n","protected":false},"excerpt":{"rendered":"<p>VanilliinisokeriAinesosat: Sokeri, vanilliini. Yhden pussin sis\u00e4lt\u00f6 riitt\u00e4\u00e4 500 g jauhoihin tai 0,5 l (1\/2 l) maitoa. S\u00e4ilyt\u00e4 viile\u00e4ss\u00e4 ja kuivassa<\/p>\n","protected":false},"featured_media":93359,"template":"","meta":{"om_disable_all_campaigns":false,"_monsterinsights_skip_tracking":false,"_monsterinsights_sitenote_active":false,"_monsterinsights_sitenote_note":"","_monsterinsights_sitenote_category":0},"location":[1422],"product_brand":[1423],"product_cat":[1346],"product_tag":[],"class_list":{"0":"post-43830","1":"product","2":"type-product","3":"status-publish","4":"has-post-thumbnail","6":"location-v","7":"product_brand-ararat-ari-food","8":"product_cat-kuiva-tuotteet-fi","9":"stock_type-pcs-en","11":"first","12":"instock","13":"taxable","14":"shipping-taxable","15":"purchasable","16":"product-type-simple"},"aioseo_notices":[],"locations":[{"id":1422,"name":"v","slug":"v","quantity":"0"}],"_links":{"self":[{"href":"https:\/\/araratfinland.com\/en\/wp-json\/wp\/v2\/product\/43830","targetHints":{"allow":["GET"]}}],"collection":[{"href":"https:\/\/araratfinland.com\/en\/wp-json\/wp\/v2\/product"}],"about":[{"href":"https:\/\/araratfinland.com\/en\/wp-json\/wp\/v2\/types\/product"}],"version-history":[{"count":1,"href":"https:\/\/araratfinland.com\/en\/wp-json\/wp\/v2\/product\/43830\/revisions"}],"predecessor-version":[{"id":63756,"href":"https:\/\/araratfinland.com\/en\/wp-json\/wp\/v2\/product\/43830\/revisions\/63756"}],"wp:featuredmedia":[{"embeddable":true,"href":"https:\/\/araratfinland.com\/en\/wp-json\/wp\/v2\/media\/93359"}],"wp:attachment":[{"href":"https:\/\/araratfinland.com\/en\/wp-json\/wp\/v2\/media?parent=43830"}],"wp:term":[{"taxonomy":"location","embeddable":true,"href":"https:\/\/araratfinland.com\/en\/wp-json\/wp\/v2\/location?post=43830"},{"taxonomy":"product_brand","embeddable":true,"href":"https:\/\/araratfinland.com\/en\/wp-json\/wp\/v2\/product_brand?post=43830"},{"taxonomy":"product_cat","embeddable":true,"href":"https:\/\/araratfinland.com\/en\/wp-json\/wp\/v2\/product_cat?post=43830"},{"taxonomy":"product_tag","embeddable":true,"href":"https:\/\/araratfinland.com\/en\/wp-json\/wp\/v2\/product_tag?post=43830"}],"curies":[{"name":"wp","href":"https:\/\/api.w.org\/{rel}","templated":true}]}}