{"id":43826,"date":"2024-06-02T02:19:48","date_gmt":"2024-06-01T23:19:48","guid":{"rendered":"https:\/\/araratfinland.com\/product\/tropical-extra-sweet-plantain-85g\/"},"modified":"2025-11-17T08:18:09","modified_gmt":"2025-11-17T06:18:09","slug":"tropical-extra-sweet-plantain-85g","status":"publish","type":"product","link":"https:\/\/araratfinland.com\/en\/product\/tropical-extra-sweet-plantain-85g\/","title":{"rendered":"TG Plantain Chips Naturally Sweet (Doux) 85g"},"content":{"rendered":"<p><span style=\"color: #000000\"><span style=\"font-size: 18px\"><span style=\"font-size: 18px\"><strong>Ainesosat: <\/strong>Bataatit (Ipomoea batatas), kasvi\u00f6ljy <strong>(palmu)<\/strong>.<strong><br \/><\/strong>Ilman lis\u00e4tty\u00e4 sokeria. Sis\u00e4lt\u00e4\u00e4 luonnossa esiintyvi\u00e4 sokereita.<\/span><br \/><\/span><span style=\"font-size: 18px\"><span style=\"font-size: 18px\"><br \/><strong>S\u00e4ilytys: <\/strong>Kuivassa ja viile\u00e4ss\u00e4 paikassa.<strong><\/p>\n<p><\/strong><strong>Alkuper\u00e4maa:<\/strong>\u00a0Ecuador.<\/p>\n<p><\/span><\/span><\/span> <\/p>\n<table style=\"font-size: 12px;height: 361px;width: 425px\">\n<tbody>\n<tr style=\"height: 12px\">\n<td style=\"width: 409px;height: 12px\" colspan=\"2\"><span style=\"font-size: 19px;color: #000000\"><strong>Ravintosis\u00e4lt\u00f6 per 100g<\/strong><\/span><\/td>\n<\/tr>\n<\/tbody>\n<tbody>\n<tr style=\"height: 7px\">\n<td style=\"width: 226.344px;height: 7px\"><span style=\"font-size: 19px;color: #000000\">Energiaa<\/span><\/td>\n<td style=\"width: 182.656px;height: 7px\"><span style=\"font-size: 19px;color: #000000\">2259 kJ \/ 539 kcal<\/span><\/td>\n<\/tr>\n<tr style=\"height: 6px\">\n<td style=\"width: 226.344px;height: 6px\"><span style=\"font-size: 19px;color: #000000\">Rasva<\/span><\/td>\n<td style=\"width: 182.656px;height: 6px\"><span style=\"font-size: 19px;color: #000000\">32 g<\/span><\/td>\n<\/tr>\n<tr style=\"height: 8px\">\n<td style=\"width: 226.344px;height: 8px\"><span style=\"font-size: 19px;color: #000000\">josta tyydyttynytt\u00e4<\/span><\/td>\n<td style=\"width: 182.656px;height: 8px\"><span style=\"font-size: 19px;color: #000000\">11 g<\/span><\/td>\n<\/tr>\n<tr style=\"height: 8px\">\n<td style=\"width: 226.344px;height: 8px\"><span style=\"font-size: 19px;color: #000000\">Hiilihydraatit<\/span><\/td>\n<td style=\"width: 182.656px;height: 8px\"><span style=\"font-size: 19px;color: #000000\">59 g<\/span><\/td>\n<\/tr>\n<tr style=\"height: 10px\">\n<td style=\"width: 226.344px;height: 10px\"><span style=\"font-size: 19px;color: #000000\">josta sokereita<\/span><\/td>\n<td style=\"width: 182.656px;height: 10px\"><span style=\"font-size: 19px;color: #000000\">11 g<\/span><\/td>\n<\/tr>\n<tr style=\"height: 8px\">\n<td style=\"width: 226.344px;height: 8px\"><span style=\"font-size: 19px;color: #000000\">Proteiini<\/span><\/td>\n<td style=\"width: 182.656px;height: 8px\"><span style=\"font-size: 19px;color: #000000\">3 g<\/span><\/td>\n<\/tr>\n<tr style=\"height: 21px\">\n<td style=\"width: 226.344px;height: 21px\"><span style=\"font-size: 19px;color: #000000\">Suola<\/span><\/td>\n<td style=\"width: 182.656px;height: 21px\"><span style=\"font-size: 19px;color: #000000\">0 g<br \/><\/span><\/td>\n<\/tr>\n<\/tbody>\n<\/table>\n","protected":false},"excerpt":{"rendered":"<p>Ainesosat: Bataatit (Ipomoea batatas), kasvi\u00f6ljy (palmu).Ilman lis\u00e4tty\u00e4 sokeria. Sis\u00e4lt\u00e4\u00e4 luonnossa esiintyvi\u00e4 sokereita.S\u00e4ilytys: Kuivassa ja viile\u00e4ss\u00e4 paikassa. Alkuper\u00e4maa:\u00a0Ecuador. Ravintosis\u00e4lt\u00f6 per 100g<\/p>\n","protected":false},"featured_media":100499,"template":"","meta":{"om_disable_all_campaigns":false,"_monsterinsights_skip_tracking":false,"_monsterinsights_sitenote_active":false,"_monsterinsights_sitenote_note":"","_monsterinsights_sitenote_category":0},"location":[1422],"product_brand":[1423],"product_cat":[1324],"product_tag":[],"class_list":{"0":"post-43826","1":"product","2":"type-product","3":"status-publish","4":"has-post-thumbnail","6":"location-v","7":"product_brand-ararat-ari-food","8":"product_cat-makeiset-fi","9":"stock_type-pcs-en","11":"first","12":"instock","13":"taxable","14":"shipping-taxable","15":"purchasable","16":"product-type-simple"},"aioseo_notices":[],"locations":[{"id":1422,"name":"v","slug":"v","quantity":"880"}],"_links":{"self":[{"href":"https:\/\/araratfinland.com\/en\/wp-json\/wp\/v2\/product\/43826","targetHints":{"allow":["GET"]}}],"collection":[{"href":"https:\/\/araratfinland.com\/en\/wp-json\/wp\/v2\/product"}],"about":[{"href":"https:\/\/araratfinland.com\/en\/wp-json\/wp\/v2\/types\/product"}],"version-history":[{"count":2,"href":"https:\/\/araratfinland.com\/en\/wp-json\/wp\/v2\/product\/43826\/revisions"}],"predecessor-version":[{"id":52471,"href":"https:\/\/araratfinland.com\/en\/wp-json\/wp\/v2\/product\/43826\/revisions\/52471"}],"wp:featuredmedia":[{"embeddable":true,"href":"https:\/\/araratfinland.com\/en\/wp-json\/wp\/v2\/media\/100499"}],"wp:attachment":[{"href":"https:\/\/araratfinland.com\/en\/wp-json\/wp\/v2\/media?parent=43826"}],"wp:term":[{"taxonomy":"location","embeddable":true,"href":"https:\/\/araratfinland.com\/en\/wp-json\/wp\/v2\/location?post=43826"},{"taxonomy":"product_brand","embeddable":true,"href":"https:\/\/araratfinland.com\/en\/wp-json\/wp\/v2\/product_brand?post=43826"},{"taxonomy":"product_cat","embeddable":true,"href":"https:\/\/araratfinland.com\/en\/wp-json\/wp\/v2\/product_cat?post=43826"},{"taxonomy":"product_tag","embeddable":true,"href":"https:\/\/araratfinland.com\/en\/wp-json\/wp\/v2\/product_tag?post=43826"}],"curies":[{"name":"wp","href":"https:\/\/api.w.org\/{rel}","templated":true}]}}