{"id":43818,"date":"2024-06-02T02:19:46","date_gmt":"2024-06-01T23:19:46","guid":{"rendered":"https:\/\/araratfinland.com\/product\/durra-stuffed-grape-leaves-400g\/"},"modified":"2025-09-24T08:30:39","modified_gmt":"2025-09-24T05:30:39","slug":"durra-stuffed-grape-leaves-400g","status":"publish","type":"product","link":"https:\/\/araratfinland.com\/en\/product\/durra-stuffed-grape-leaves-400g\/","title":{"rendered":"Durra Dolma 400g"},"content":{"rendered":"<h4><span style=\"font-size: 18px\"><strong>T\u00e4ytetyt Viininlehtik\u00e4\u00e4ryleet<\/strong><\/span><\/h4>\n<h3 class=\"LC20lb MBeuO DKV0Md\" style=\"font-weight: 400;margin: 18px 0px 3px;padding: 5px 0px 0px;font-size: 20px;line-height: 1.3;font-family: arial, sans-serif;text-decoration: underline\"><span style=\"color: #000000\"><span style=\"font-size: 19px\"><strong>Ainesosat:<\/strong> Vesi 28,6%, tomaatit 20%,<br \/>keitetty riisi 16%, ryp\u00e4leenlehdet 14%,<br \/>auringonkukka\u00f6ljy (hydraton) 9%,<br \/><\/span><span style=\"font-size: 19px\">mausteet: (persilja 4%) &#8211; sipuli 4%,<br \/>piparminttu 1%, pippuri 0,1%, suola 3%,<br \/>happamuudens\u00e4\u00e4t\u00f6aine E330 (0,3%).<\/span><\/span><\/h3>\n<h4><span style=\"font-size: 19px;color: #000000\"><strong>S\u00e4ilytys:<\/strong> Viile\u00e4ss\u00e4 ja kuivassa paikassa.<br \/>Avaamisen j\u00e4lkeen s\u00e4ilyt\u00e4 j\u00e4\u00e4kaapissa.<\/span><\/h4>\n<table style=\"width: 408.125px\">\n<tbody>\n<tr>\n<td style=\"width: 390.125px\" colspan=\"2\"><span style=\"font-size: 19px;color: #000000\"><strong>Ravintosis\u00e4lt\u00f6 per 100g<\/strong><\/span><\/td>\n<\/tr>\n<\/tbody>\n<tbody>\n<tr>\n<td style=\"width: 211px\"><span style=\"font-size: 19px;color: #000000\">Energia<\/span><\/td>\n<td style=\"width: 179.125px\"><span style=\"font-size: 19px;color: #000000\">761 kj \/ 182 kcal<\/span><\/td>\n<\/tr>\n<tr>\n<td style=\"width: 211px\"><span style=\"font-size: 19px;color: #000000\">Rasva<\/span><\/td>\n<td style=\"width: 179.125px\"><span style=\"font-size: 19px;color: #000000\">11 g<\/span><\/td>\n<\/tr>\n<tr>\n<td style=\"width: 211px\"><span style=\"font-size: 19px;color: #000000\">josta tyydyttyneitt\u00e4<\/span><\/td>\n<td style=\"width: 179.125px\"><span style=\"font-size: 19px;color: #000000\">1,6 g<\/span><\/td>\n<\/tr>\n<tr>\n<td style=\"width: 211px\"><span style=\"font-size: 19px;color: #000000\">Hiilihydraatit<\/span><\/td>\n<td style=\"width: 179.125px\"><span style=\"font-size: 19px;color: #000000\">20 g<\/span><\/td>\n<\/tr>\n<tr>\n<td style=\"width: 211px\"><span style=\"font-size: 19px;color: #000000\">Sokeri<\/span><\/td>\n<td style=\"width: 179.125px\"><span style=\"font-size: 19px;color: #000000\">2,0 g<\/span><\/td>\n<\/tr>\n<tr>\n<td style=\"width: 211px\"><span style=\"font-size: 19px;color: #000000\">Proteiini<\/span><\/td>\n<td style=\"width: 179.125px\"><span style=\"font-size: 19px;color: #000000\">2,2 g<\/span><\/td>\n<\/tr>\n<tr>\n<td style=\"width: 211px\"><span style=\"font-size: 19px;color: #000000\">Suola<\/span><\/td>\n<td style=\"width: 179.125px\"><span style=\"font-size: 19px;color: #000000\">3,0 g<\/span><\/td>\n<\/tr>\n<\/tbody>\n<\/table>\n","protected":false},"excerpt":{"rendered":"<p>T\u00e4ytetyt Viininlehtik\u00e4\u00e4ryleet Ainesosat: Vesi 28,6%, tomaatit 20%,keitetty riisi 16%, ryp\u00e4leenlehdet 14%,auringonkukka\u00f6ljy (hydraton) 9%,mausteet: (persilja 4%) &#8211; sipuli 4%,piparminttu 1%, pippuri<\/p>\n","protected":false},"featured_media":93090,"template":"","meta":{"om_disable_all_campaigns":false,"_monsterinsights_skip_tracking":false,"_monsterinsights_sitenote_active":false,"_monsterinsights_sitenote_note":"","_monsterinsights_sitenote_category":0},"location":[1422],"product_brand":[1423],"product_cat":[1360],"product_tag":[],"class_list":{"0":"post-43818","1":"product","2":"type-product","3":"status-publish","4":"has-post-thumbnail","6":"location-v","7":"product_brand-ararat-ari-food","8":"product_cat-silykeetvihannekset-fi","9":"stock_type-kpl-en","11":"first","12":"instock","13":"taxable","14":"shipping-taxable","15":"purchasable","16":"product-type-simple"},"aioseo_notices":[],"locations":[{"id":1422,"name":"v","slug":"v","quantity":"60"}],"_links":{"self":[{"href":"https:\/\/araratfinland.com\/en\/wp-json\/wp\/v2\/product\/43818","targetHints":{"allow":["GET"]}}],"collection":[{"href":"https:\/\/araratfinland.com\/en\/wp-json\/wp\/v2\/product"}],"about":[{"href":"https:\/\/araratfinland.com\/en\/wp-json\/wp\/v2\/types\/product"}],"version-history":[{"count":2,"href":"https:\/\/araratfinland.com\/en\/wp-json\/wp\/v2\/product\/43818\/revisions"}],"predecessor-version":[{"id":91990,"href":"https:\/\/araratfinland.com\/en\/wp-json\/wp\/v2\/product\/43818\/revisions\/91990"}],"wp:featuredmedia":[{"embeddable":true,"href":"https:\/\/araratfinland.com\/en\/wp-json\/wp\/v2\/media\/93090"}],"wp:attachment":[{"href":"https:\/\/araratfinland.com\/en\/wp-json\/wp\/v2\/media?parent=43818"}],"wp:term":[{"taxonomy":"location","embeddable":true,"href":"https:\/\/araratfinland.com\/en\/wp-json\/wp\/v2\/location?post=43818"},{"taxonomy":"product_brand","embeddable":true,"href":"https:\/\/araratfinland.com\/en\/wp-json\/wp\/v2\/product_brand?post=43818"},{"taxonomy":"product_cat","embeddable":true,"href":"https:\/\/araratfinland.com\/en\/wp-json\/wp\/v2\/product_cat?post=43818"},{"taxonomy":"product_tag","embeddable":true,"href":"https:\/\/araratfinland.com\/en\/wp-json\/wp\/v2\/product_tag?post=43818"}],"curies":[{"name":"wp","href":"https:\/\/api.w.org\/{rel}","templated":true}]}}