{"id":43772,"date":"2024-06-02T02:19:36","date_gmt":"2024-06-01T23:19:36","guid":{"rendered":"https:\/\/araratfinland.com\/product\/dr-chef-hasselpahkina-maitokaakao-levite-350g\/"},"modified":"2025-02-07T12:59:27","modified_gmt":"2025-02-07T10:59:27","slug":"dr-chef-hasselpahkina-maitokaakao-levite-350g","status":"publish","type":"product","link":"https:\/\/araratfinland.com\/en\/product\/dr-chef-hasselpahkina-maitokaakao-levite-350g\/","title":{"rendered":"Dr. Chef Hasselp\u00e4hkin\u00e4 Maitokaakao Levite 350g"},"content":{"rendered":"<h4><span style=\"color: #000000\"><span style=\"font-size: 18px\">Ainesosat: Sokeri, kasvi\u00f6ljy (rypsi, palmu)<br \/>v\u00e4h\u00e4rasvainen kaakaojauhe 2,5%, herajauhe<br \/>(maito),\u00a0<\/span><span style=\"font-size: 18px\">rasvaton maitojauhe 1,3%,\u00a0soijajauhe,<br \/>hasselp\u00e4hkin\u00e4 1%, emulgointiaine: sojiaesitiini,<br \/><\/span><span style=\"font-size: 18px\">aromi: hasselp\u00e4hkin\u00e4, bourbon vaniljaute.<\/span><\/span><\/h4>\n<h4><span style=\"font-size: 18px;color: #000000\"><strong>Saattaa sis\u00e4lt\u00e4\u00e4:<\/strong><\/span><span style=\"text-decoration: underline\"><span style=\"font-size: 18px\"><strong> Maito, soija ja hasselp\u00e4hkin\u00e4.<\/strong><\/span><\/span><\/h4>\n<h4><span style=\"font-size: 18px;color: #000000\"><strong>S\u00e4ilytys: <\/strong>Viile\u00e4ss\u00e4 ja kuivassa paikassa.<\/span><\/h4>\n<table style=\"width: 355.969px\">\n<tbody>\n<tr style=\"height: 22px\">\n<td style=\"width: 337.969px;height: 22px\" colspan=\"2\"><span style=\"font-size: 18px;color: #000000\"><strong>Ravintosis\u00e4lt\u00f6 per 100g<\/strong><\/span><\/td>\n<\/tr>\n<\/tbody>\n<tbody>\n<tr style=\"height: 24px\">\n<td style=\"width: 189px;height: 24px\"><span style=\"font-size: 18px;color: #000000\">Energia<\/span><\/td>\n<td style=\"width: 148.969px;height: 24px\"><span style=\"font-size: 18px;color: #000000\">232 kj 556 kcal<\/span><\/td>\n<\/tr>\n<tr style=\"height: 22px\">\n<td style=\"width: 189px;height: 22px\"><span style=\"font-size: 18px;color: #000000\">Rasva<\/span><\/td>\n<td style=\"width: 148.969px;height: 22px\"><span style=\"font-size: 18px;color: #000000\">32,7 g<\/span><\/td>\n<\/tr>\n<tr style=\"height: 14.4375px\">\n<td style=\"width: 189px;height: 14.4375px\"><span style=\"font-size: 18px;color: #000000\">josta tyydyttyneitt\u00e4<\/span><\/td>\n<td style=\"width: 148.969px;height: 14.4375px\"><span style=\"font-size: 18px;color: #000000\">6,1 g<\/span><\/td>\n<\/tr>\n<tr style=\"height: 22px\">\n<td style=\"width: 189px;height: 22px\"><span style=\"font-size: 18px;color: #000000\">Hiilihydraatit<\/span><\/td>\n<td style=\"width: 148.969px;height: 22px\"><span style=\"font-size: 18px;color: #000000\">63,4 g<\/span><\/td>\n<\/tr>\n<tr style=\"height: 22px\">\n<td style=\"width: 189px;height: 22px\"><span style=\"font-size: 18px;color: #000000\">josta sokereita<\/span><\/td>\n<td style=\"width: 148.969px;height: 22px\"><span style=\"font-size: 18px;color: #000000\">62,8 g<\/span><\/td>\n<\/tr>\n<tr style=\"height: 22px\">\n<td style=\"width: 189px;height: 22px\"><span style=\"font-size: 18px;color: #000000\">Proteiini<\/span><\/td>\n<td style=\"width: 148.969px;height: 22px\"><span style=\"font-size: 18px;color: #000000\">1,7 g<\/span><\/td>\n<\/tr>\n<tr style=\"height: 22px\">\n<td style=\"width: 189px;height: 22px\"><span style=\"font-size: 18px;color: #000000\">Kuitu<\/span><\/td>\n<td style=\"width: 148.969px;height: 22px\"><span style=\"font-size: 18px;color: #000000\">1,1 g<\/span><\/td>\n<\/tr>\n<\/tbody>\n<\/table>\n","protected":false},"excerpt":{"rendered":"<p>Ainesosat: Sokeri, kasvi\u00f6ljy (rypsi, palmu)v\u00e4h\u00e4rasvainen kaakaojauhe 2,5%, herajauhe(maito),\u00a0rasvaton maitojauhe 1,3%,\u00a0soijajauhe,hasselp\u00e4hkin\u00e4 1%, emulgointiaine: sojiaesitiini,aromi: hasselp\u00e4hkin\u00e4, bourbon vaniljaute. Saattaa sis\u00e4lt\u00e4\u00e4: Maito, soija<\/p>\n","protected":false},"featured_media":69240,"template":"","meta":{"om_disable_all_campaigns":false,"_monsterinsights_skip_tracking":false,"_monsterinsights_sitenote_active":false,"_monsterinsights_sitenote_note":"","_monsterinsights_sitenote_category":0},"location":[1422],"product_brand":[1423],"product_cat":[1324],"product_tag":[],"class_list":{"0":"post-43772","1":"product","2":"type-product","3":"status-publish","4":"has-post-thumbnail","6":"location-v","7":"product_brand-ararat-ari-food","8":"product_cat-makeiset-fi","9":"stock_type-kpl-en","11":"first","12":"instock","13":"taxable","14":"shipping-taxable","15":"purchasable","16":"product-type-simple"},"aioseo_notices":[],"locations":[{"id":1422,"name":"v","slug":"v","quantity":"72"}],"_links":{"self":[{"href":"https:\/\/araratfinland.com\/en\/wp-json\/wp\/v2\/product\/43772","targetHints":{"allow":["GET"]}}],"collection":[{"href":"https:\/\/araratfinland.com\/en\/wp-json\/wp\/v2\/product"}],"about":[{"href":"https:\/\/araratfinland.com\/en\/wp-json\/wp\/v2\/types\/product"}],"version-history":[{"count":1,"href":"https:\/\/araratfinland.com\/en\/wp-json\/wp\/v2\/product\/43772\/revisions"}],"predecessor-version":[{"id":46369,"href":"https:\/\/araratfinland.com\/en\/wp-json\/wp\/v2\/product\/43772\/revisions\/46369"}],"wp:featuredmedia":[{"embeddable":true,"href":"https:\/\/araratfinland.com\/en\/wp-json\/wp\/v2\/media\/69240"}],"wp:attachment":[{"href":"https:\/\/araratfinland.com\/en\/wp-json\/wp\/v2\/media?parent=43772"}],"wp:term":[{"taxonomy":"location","embeddable":true,"href":"https:\/\/araratfinland.com\/en\/wp-json\/wp\/v2\/location?post=43772"},{"taxonomy":"product_brand","embeddable":true,"href":"https:\/\/araratfinland.com\/en\/wp-json\/wp\/v2\/product_brand?post=43772"},{"taxonomy":"product_cat","embeddable":true,"href":"https:\/\/araratfinland.com\/en\/wp-json\/wp\/v2\/product_cat?post=43772"},{"taxonomy":"product_tag","embeddable":true,"href":"https:\/\/araratfinland.com\/en\/wp-json\/wp\/v2\/product_tag?post=43772"}],"curies":[{"name":"wp","href":"https:\/\/api.w.org\/{rel}","templated":true}]}}