{"id":43768,"date":"2024-06-02T02:19:36","date_gmt":"2024-06-01T23:19:36","guid":{"rendered":"https:\/\/araratfinland.com\/product\/gala-spaanse-sauce-525g\/"},"modified":"2025-10-16T14:58:18","modified_gmt":"2025-10-16T11:58:18","slug":"gala-spaanse-sauce-525g","status":"publish","type":"product","link":"https:\/\/araratfinland.com\/en\/product\/gala-spaanse-sauce-525g\/","title":{"rendered":"Gala Spaanse Sauce 525g"},"content":{"rendered":"<div><span style=\"font-size: 18px;color: #000000\"><strong>Ainesosat: <\/strong>Peruskastike (vesi, rypsi\u00f6ljy,<strong><br \/><\/strong>happamuudens\u00e4\u00e4t\u00f6aine (E260, E330),<br \/>glukoosi-fruktoosisiirappi, maissit\u00e4rkkelys,<br \/>vapaan <strong>kananmunan keltuainen<\/strong>, suola,<br \/><strong>sinappi<\/strong>jauho, sakeuttamisaine (E412),<br \/>s\u00e4il\u00f6nt\u00e4aine (E202) hapettumisenestoaine E385)<br \/>aromi, sokeri, valkosipuli 3,8%, suola,<br \/>happamuudens\u00e4\u00e4t\u00f6aine (E330), mausteet<br \/>(persilja 0,7%) s\u00e4il\u00f6nt\u00e4aine (E202, E211),<br \/>sitruunaaromi.<\/span><\/div>\n<div>\n<h4 style=\"font-size: 12px\"><span style=\"font-size: 18px;color: #000000\"><strong>S\u00e4ilytys:\u00a0<\/strong>Viile\u00e4ss\u00e4 ja pime\u00e4ss\u00e4 paikassa.<br \/><\/span><span style=\"font-size: 18px;color: #000000\">S\u00e4ilyt\u00e4 j\u00e4\u00e4kaapissa avaamisen j\u00e4lkeen.<\/span><\/h4>\n<table style=\"width: 396.312px;height: 251px\">\n<tbody>\n<tr style=\"height: 22px\">\n<td style=\"width: 382.312px;height: 22px\" colspan=\"2\"><span style=\"font-size: 18px;color: #000000\"><strong>Ravintosis\u00e4lt\u00f6 per 100g<\/strong><\/span><\/td>\n<\/tr>\n<\/tbody>\n<tbody>\n<tr style=\"height: 22px\">\n<td style=\"width: 198px;height: 22px\"><span style=\"font-size: 18px;color: #000000\">Energia<\/span><\/td>\n<td style=\"width: 184.312px;height: 22px\"><span style=\"font-size: 18px;color: #000000\">1161 kJ \/ 280 kcal<\/span><\/td>\n<\/tr>\n<tr style=\"height: 22px\">\n<td style=\"width: 198px;height: 22px\"><span style=\"font-size: 18px;color: #000000\">Rasva<\/span><\/td>\n<td style=\"width: 184.312px;height: 22px\"><span style=\"font-size: 18px;color: #000000\">23\u00a0g<\/span><\/td>\n<\/tr>\n<tr style=\"height: 15.5156px\">\n<td style=\"width: 198px;height: 15.5156px\"><span style=\"font-size: 18px;color: #000000\">josta tyydyttyneitt\u00e4<\/span><\/td>\n<td style=\"width: 184.312px;height: 15.5156px\"><span style=\"font-size: 18px;color: #000000\">1,7 g<\/span><\/td>\n<\/tr>\n<tr style=\"height: 22px\">\n<td style=\"width: 198px;height: 22px\"><span style=\"font-size: 18px;color: #000000\">Hiilihydraatit<\/span><\/td>\n<td style=\"width: 184.312px;height: 22px\"><span style=\"font-size: 18px;color: #000000\">17 g<\/span><\/td>\n<\/tr>\n<tr style=\"height: 22px\">\n<td style=\"width: 198px;height: 22px\"><span style=\"font-size: 18px;color: #000000\">josta sokereita<\/span><\/td>\n<td style=\"width: 184.312px;height: 22px\"><span style=\"font-size: 18px;color: #000000\">12 g<\/span><\/td>\n<\/tr>\n<tr style=\"height: 22px\">\n<td style=\"width: 198px;height: 22px\"><span style=\"font-size: 18px;color: #000000\">Proteiini<\/span><\/td>\n<td style=\"width: 184.312px;height: 22px\"><span style=\"font-size: 18px;color: #000000\">0,4 g<\/span><\/td>\n<\/tr>\n<tr style=\"height: 22px\">\n<td style=\"width: 198px;height: 22px\"><span style=\"font-size: 18px;color: #000000\">Sokeri<\/span><\/td>\n<td style=\"width: 184.312px;height: 22px\"><span style=\"font-size: 18px;color: #000000\">1,7 g<\/span><\/td>\n<\/tr>\n<\/tbody>\n<\/table><\/div>\n","protected":false},"excerpt":{"rendered":"<p>Ainesosat: Peruskastike (vesi, rypsi\u00f6ljy,happamuudens\u00e4\u00e4t\u00f6aine (E260, E330),glukoosi-fruktoosisiirappi, maissit\u00e4rkkelys,vapaan kananmunan keltuainen, suola,sinappijauho, sakeuttamisaine (E412),s\u00e4il\u00f6nt\u00e4aine (E202) hapettumisenestoaine E385)aromi, sokeri, valkosipuli 3,8%, suola,happamuudens\u00e4\u00e4t\u00f6aine (E330),<\/p>\n","protected":false},"featured_media":97006,"template":"","meta":{"om_disable_all_campaigns":false,"_monsterinsights_skip_tracking":false,"_monsterinsights_sitenote_active":false,"_monsterinsights_sitenote_note":"","_monsterinsights_sitenote_category":0},"location":[1422],"product_brand":[1423],"product_cat":[1344],"product_tag":[],"class_list":{"0":"post-43768","1":"product","2":"type-product","3":"status-publish","4":"has-post-thumbnail","6":"location-v","7":"product_brand-ararat-ari-food","8":"product_cat-kastikkeet-fi","9":"stock_type-pll-en","11":"first","12":"instock","13":"taxable","14":"shipping-taxable","15":"purchasable","16":"product-type-simple"},"aioseo_notices":[],"locations":[{"id":1422,"name":"v","slug":"v","quantity":"174"}],"_links":{"self":[{"href":"https:\/\/araratfinland.com\/en\/wp-json\/wp\/v2\/product\/43768","targetHints":{"allow":["GET"]}}],"collection":[{"href":"https:\/\/araratfinland.com\/en\/wp-json\/wp\/v2\/product"}],"about":[{"href":"https:\/\/araratfinland.com\/en\/wp-json\/wp\/v2\/types\/product"}],"version-history":[{"count":1,"href":"https:\/\/araratfinland.com\/en\/wp-json\/wp\/v2\/product\/43768\/revisions"}],"predecessor-version":[{"id":51145,"href":"https:\/\/araratfinland.com\/en\/wp-json\/wp\/v2\/product\/43768\/revisions\/51145"}],"wp:featuredmedia":[{"embeddable":true,"href":"https:\/\/araratfinland.com\/en\/wp-json\/wp\/v2\/media\/97006"}],"wp:attachment":[{"href":"https:\/\/araratfinland.com\/en\/wp-json\/wp\/v2\/media?parent=43768"}],"wp:term":[{"taxonomy":"location","embeddable":true,"href":"https:\/\/araratfinland.com\/en\/wp-json\/wp\/v2\/location?post=43768"},{"taxonomy":"product_brand","embeddable":true,"href":"https:\/\/araratfinland.com\/en\/wp-json\/wp\/v2\/product_brand?post=43768"},{"taxonomy":"product_cat","embeddable":true,"href":"https:\/\/araratfinland.com\/en\/wp-json\/wp\/v2\/product_cat?post=43768"},{"taxonomy":"product_tag","embeddable":true,"href":"https:\/\/araratfinland.com\/en\/wp-json\/wp\/v2\/product_tag?post=43768"}],"curies":[{"name":"wp","href":"https:\/\/api.w.org\/{rel}","templated":true}]}}