{"id":43757,"date":"2024-06-02T02:19:33","date_gmt":"2024-06-01T23:19:33","guid":{"rendered":"https:\/\/araratfinland.com\/product\/old-jamaica-ginger-beer-2-l-2\/"},"modified":"2025-11-17T08:51:14","modified_gmt":"2025-11-17T06:51:14","slug":"old-jamaica-ginger-beer-2-l-2","status":"publish","type":"product","link":"https:\/\/araratfinland.com\/en\/product\/old-jamaica-ginger-beer-2-l-2\/","title":{"rendered":"Old jamaica ginger beer 2 L"},"content":{"rendered":"<p><span style=\"font-size: 18px;color: #000000\"><strong>Ainesosat:<\/strong>\u00a0Kivenn\u00e4isvesi, sokeri, v\u00e4ri: sitruunahappo,<br \/>stabilointiaine: arabikumi, quillaextrakt, s\u00e4il\u00f6nt\u00e4aine:<br \/>natriumbentsonaatti, aromi (mukaan lukien inkiv\u00e4\u00e4rijuuren ote).<\/p>\n<p><strong>S\u00e4ilytys:<\/strong>\u00a0Kuivassa ja viile\u00e4ss\u00e4 paikassa, poissa auringonvalolta.<br \/>Avamisen j\u00e4\u00e4lkeen s\u00e4ilyt\u00e4 j\u00e4\u00e4kapissa.<br \/><\/span><\/p>\n","protected":false},"excerpt":{"rendered":"<p>Ainesosat:\u00a0Kivenn\u00e4isvesi, sokeri, v\u00e4ri: sitruunahappo,stabilointiaine: arabikumi, quillaextrakt, s\u00e4il\u00f6nt\u00e4aine:natriumbentsonaatti, aromi (mukaan lukien inkiv\u00e4\u00e4rijuuren ote). S\u00e4ilytys:\u00a0Kuivassa ja viile\u00e4ss\u00e4 paikassa, poissa auringonvalolta.Avamisen j\u00e4\u00e4lkeen s\u00e4ilyt\u00e4<\/p>\n","protected":false},"featured_media":100576,"template":"","meta":{"om_disable_all_campaigns":false,"_monsterinsights_skip_tracking":false,"_monsterinsights_sitenote_active":false,"_monsterinsights_sitenote_note":"","_monsterinsights_sitenote_category":0},"location":[1422],"product_brand":[1423],"product_cat":[1480],"product_tag":[],"class_list":{"0":"post-43757","1":"product","2":"type-product","3":"status-publish","4":"has-post-thumbnail","6":"location-v","7":"product_brand-ararat-ari-food","8":"product_cat-mehut-nesteet-en","9":"stock_type-pll-en","11":"first","12":"instock","13":"taxable","14":"shipping-taxable","15":"purchasable","16":"product-type-simple"},"aioseo_notices":[],"locations":[{"id":1422,"name":"v","slug":"v","quantity":"48"}],"_links":{"self":[{"href":"https:\/\/araratfinland.com\/en\/wp-json\/wp\/v2\/product\/43757","targetHints":{"allow":["GET"]}}],"collection":[{"href":"https:\/\/araratfinland.com\/en\/wp-json\/wp\/v2\/product"}],"about":[{"href":"https:\/\/araratfinland.com\/en\/wp-json\/wp\/v2\/types\/product"}],"version-history":[{"count":1,"href":"https:\/\/araratfinland.com\/en\/wp-json\/wp\/v2\/product\/43757\/revisions"}],"predecessor-version":[{"id":48946,"href":"https:\/\/araratfinland.com\/en\/wp-json\/wp\/v2\/product\/43757\/revisions\/48946"}],"wp:featuredmedia":[{"embeddable":true,"href":"https:\/\/araratfinland.com\/en\/wp-json\/wp\/v2\/media\/100576"}],"wp:attachment":[{"href":"https:\/\/araratfinland.com\/en\/wp-json\/wp\/v2\/media?parent=43757"}],"wp:term":[{"taxonomy":"location","embeddable":true,"href":"https:\/\/araratfinland.com\/en\/wp-json\/wp\/v2\/location?post=43757"},{"taxonomy":"product_brand","embeddable":true,"href":"https:\/\/araratfinland.com\/en\/wp-json\/wp\/v2\/product_brand?post=43757"},{"taxonomy":"product_cat","embeddable":true,"href":"https:\/\/araratfinland.com\/en\/wp-json\/wp\/v2\/product_cat?post=43757"},{"taxonomy":"product_tag","embeddable":true,"href":"https:\/\/araratfinland.com\/en\/wp-json\/wp\/v2\/product_tag?post=43757"}],"curies":[{"name":"wp","href":"https:\/\/api.w.org\/{rel}","templated":true}]}}