{"id":43745,"date":"2024-06-02T02:19:30","date_gmt":"2024-06-01T23:19:30","guid":{"rendered":"https:\/\/araratfinland.com\/product\/juss-guava-drink-1-l-2\/"},"modified":"2025-04-03T12:07:37","modified_gmt":"2025-04-03T09:07:37","slug":"juss-guava-drink-1-l-2","status":"publish","type":"product","link":"https:\/\/araratfinland.com\/en\/product\/juss-guava-drink-1-l-2\/","title":{"rendered":"Juss guava drink 1 L"},"content":{"rendered":"<div><span style=\"color: #000000\"><span style=\"font-size: 18px\"><strong>Ainesosat:<\/strong> Vesi, sokeri (sakkaroosi- tai<br \/>fruktoosi-glukoosisiirappi,\u00a0<br \/><\/span><span style=\"font-size: 18px\">granaattiomenamehutiiviste,\u00a0<\/span><\/span><\/div>\n<div><span style=\"font-size: 18px;color: #000000\">happamuuden s\u00e4\u00e4t\u00e4j\u00e4 (sitruunahappo),<\/span><\/div>\n<div><span style=\"font-size: 18px;color: #000000\">luonnollinen granaattiomena-maku.\u00a0<\/span><\/div>\n<div><span style=\"font-size: 18px;color: #000000\">Valmistettu granaattiomenamehutiivisteest\u00e4.<\/span><\/div>\n<div><span style=\"font-size: 18px;color: #000000\">hedelm\u00e4mehupitoisuus v\u00e4hint\u00e4\u00e4n 25%.<\/p>\n<p><\/span><\/div>\n<div><span style=\"font-size: 18px;color: #000000\"><strong>Valmistusmaa:<\/strong> Turkki.<\/p>\n<p><strong>S\u00e4ilytys:<\/strong> Kuivassa ja viile\u00e4ss\u00e4 paikassa.<\/span><\/div>\n","protected":false},"excerpt":{"rendered":"<p>Ainesosat: Vesi, sokeri (sakkaroosi- taifruktoosi-glukoosisiirappi,\u00a0granaattiomenamehutiiviste,\u00a0 happamuuden s\u00e4\u00e4t\u00e4j\u00e4 (sitruunahappo), luonnollinen granaattiomena-maku.\u00a0 Valmistettu granaattiomenamehutiivisteest\u00e4. hedelm\u00e4mehupitoisuus v\u00e4hint\u00e4\u00e4n 25%. Valmistusmaa: Turkki. S\u00e4ilytys: Kuivassa ja<\/p>\n","protected":false},"featured_media":75760,"template":"","meta":{"om_disable_all_campaigns":false,"_monsterinsights_skip_tracking":false,"_monsterinsights_sitenote_active":false,"_monsterinsights_sitenote_note":"","_monsterinsights_sitenote_category":0},"location":[1422],"product_brand":[1423],"product_cat":[1480],"product_tag":[],"class_list":{"0":"post-43745","1":"product","2":"type-product","3":"status-publish","4":"has-post-thumbnail","6":"location-v","7":"product_brand-ararat-ari-food","8":"product_cat-mehut-nesteet-en","9":"stock_type-kpl-en","11":"first","12":"instock","13":"taxable","14":"shipping-taxable","15":"purchasable","16":"product-type-simple"},"aioseo_notices":[],"locations":[{"id":1422,"name":"v","slug":"v","quantity":"828"}],"_links":{"self":[{"href":"https:\/\/araratfinland.com\/en\/wp-json\/wp\/v2\/product\/43745","targetHints":{"allow":["GET"]}}],"collection":[{"href":"https:\/\/araratfinland.com\/en\/wp-json\/wp\/v2\/product"}],"about":[{"href":"https:\/\/araratfinland.com\/en\/wp-json\/wp\/v2\/types\/product"}],"version-history":[{"count":1,"href":"https:\/\/araratfinland.com\/en\/wp-json\/wp\/v2\/product\/43745\/revisions"}],"predecessor-version":[{"id":65205,"href":"https:\/\/araratfinland.com\/en\/wp-json\/wp\/v2\/product\/43745\/revisions\/65205"}],"wp:featuredmedia":[{"embeddable":true,"href":"https:\/\/araratfinland.com\/en\/wp-json\/wp\/v2\/media\/75760"}],"wp:attachment":[{"href":"https:\/\/araratfinland.com\/en\/wp-json\/wp\/v2\/media?parent=43745"}],"wp:term":[{"taxonomy":"location","embeddable":true,"href":"https:\/\/araratfinland.com\/en\/wp-json\/wp\/v2\/location?post=43745"},{"taxonomy":"product_brand","embeddable":true,"href":"https:\/\/araratfinland.com\/en\/wp-json\/wp\/v2\/product_brand?post=43745"},{"taxonomy":"product_cat","embeddable":true,"href":"https:\/\/araratfinland.com\/en\/wp-json\/wp\/v2\/product_cat?post=43745"},{"taxonomy":"product_tag","embeddable":true,"href":"https:\/\/araratfinland.com\/en\/wp-json\/wp\/v2\/product_tag?post=43745"}],"curies":[{"name":"wp","href":"https:\/\/api.w.org\/{rel}","templated":true}]}}