{"id":43728,"date":"2024-06-02T02:19:27","date_gmt":"2024-06-01T23:19:27","guid":{"rendered":"https:\/\/araratfinland.com\/product\/bel-sara-algeria-taateli-1-kg\/"},"modified":"2025-11-08T10:16:45","modified_gmt":"2025-11-08T08:16:45","slug":"bel-sara-algeria-taateli-1-kg","status":"publish","type":"product","link":"https:\/\/araratfinland.com\/en\/product\/bel-sara-algeria-taateli-1-kg\/","title":{"rendered":"Bel Sara Algeria Taateli 1 Kg"},"content":{"rendered":"<p data-start=\"146\" data-end=\"198\"><strong data-start=\"146\" data-end=\"160\">Tuotenimi:<\/strong><br data-start=\"160\" data-end=\"163\" \/> <strong data-start=\"163\" data-end=\"198\">Deglet Nour -taatelit (Algeria)<\/strong><\/p>\n<p data-start=\"200\" data-end=\"282\"><strong data-start=\"200\" data-end=\"214\">Ainesosat:<\/strong><br data-start=\"214\" data-end=\"217\" \/> Taatelit<br data-start=\"225\" data-end=\"228\" \/> (Ei lis\u00e4tty\u00e4 sokeria \u2013 sis\u00e4lt\u00e4\u00e4 luonnostaan sokereita)<\/p>\n<p data-start=\"284\" data-end=\"330\"><strong data-start=\"284\" data-end=\"300\">Allergeenit:<\/strong><br data-start=\"300\" data-end=\"303\" \/> Ei tunnettuja allergeeneja.<\/p>\n<p data-start=\"332\" data-end=\"378\"><strong data-start=\"332\" data-end=\"345\">S\u00e4ilytys:<\/strong><br data-start=\"345\" data-end=\"348\" \/> S\u00e4ilyt\u00e4 viile\u00e4ss\u00e4 ja kuivassa.<\/p>\n<p data-start=\"428\" data-end=\"454\"><strong data-start=\"428\" data-end=\"444\">Alkuper\u00e4maa:<\/strong><br data-start=\"444\" data-end=\"447\" \/> Algeria<\/p>\n","protected":false},"excerpt":{"rendered":"<p>Tuotenimi: Deglet Nour -taatelit (Algeria) Ainesosat: Taatelit (Ei lis\u00e4tty\u00e4 sokeria \u2013 sis\u00e4lt\u00e4\u00e4 luonnostaan sokereita) Allergeenit: Ei tunnettuja allergeeneja. S\u00e4ilytys: S\u00e4ilyt\u00e4<\/p>\n","protected":false},"featured_media":99817,"template":"","meta":{"om_disable_all_campaigns":false,"_monsterinsights_skip_tracking":false,"_monsterinsights_sitenote_active":false,"_monsterinsights_sitenote_note":"","_monsterinsights_sitenote_category":0},"location":[1422],"product_brand":[1423],"product_cat":[1336],"product_tag":[],"class_list":{"0":"post-43728","1":"product","2":"type-product","3":"status-publish","4":"has-post-thumbnail","6":"location-v","7":"product_brand-ararat-ari-food","8":"product_cat-taatelit-fi","9":"stock_type-pcs-en","11":"first","12":"instock","13":"sale","14":"taxable","15":"shipping-taxable","16":"purchasable","17":"product-type-simple"},"aioseo_notices":[],"locations":[{"id":1422,"name":"v","slug":"v","quantity":"715"}],"_links":{"self":[{"href":"https:\/\/araratfinland.com\/en\/wp-json\/wp\/v2\/product\/43728","targetHints":{"allow":["GET"]}}],"collection":[{"href":"https:\/\/araratfinland.com\/en\/wp-json\/wp\/v2\/product"}],"about":[{"href":"https:\/\/araratfinland.com\/en\/wp-json\/wp\/v2\/types\/product"}],"version-history":[{"count":2,"href":"https:\/\/araratfinland.com\/en\/wp-json\/wp\/v2\/product\/43728\/revisions"}],"predecessor-version":[{"id":99819,"href":"https:\/\/araratfinland.com\/en\/wp-json\/wp\/v2\/product\/43728\/revisions\/99819"}],"wp:featuredmedia":[{"embeddable":true,"href":"https:\/\/araratfinland.com\/en\/wp-json\/wp\/v2\/media\/99817"}],"wp:attachment":[{"href":"https:\/\/araratfinland.com\/en\/wp-json\/wp\/v2\/media?parent=43728"}],"wp:term":[{"taxonomy":"location","embeddable":true,"href":"https:\/\/araratfinland.com\/en\/wp-json\/wp\/v2\/location?post=43728"},{"taxonomy":"product_brand","embeddable":true,"href":"https:\/\/araratfinland.com\/en\/wp-json\/wp\/v2\/product_brand?post=43728"},{"taxonomy":"product_cat","embeddable":true,"href":"https:\/\/araratfinland.com\/en\/wp-json\/wp\/v2\/product_cat?post=43728"},{"taxonomy":"product_tag","embeddable":true,"href":"https:\/\/araratfinland.com\/en\/wp-json\/wp\/v2\/product_tag?post=43728"}],"curies":[{"name":"wp","href":"https:\/\/api.w.org\/{rel}","templated":true}]}}