{"id":43716,"date":"2024-06-02T02:19:25","date_gmt":"2024-06-01T23:19:25","guid":{"rendered":"https:\/\/araratfinland.com\/product\/lazzat-biryani-basmati-riisi-45-kg\/"},"modified":"2025-10-02T13:45:53","modified_gmt":"2025-10-02T10:45:53","slug":"lazzat-biryani-basmati-riisi-45-kg","status":"publish","type":"product","link":"https:\/\/araratfinland.com\/en\/product\/lazzat-biryani-basmati-riisi-45-kg\/","title":{"rendered":"Lazzat Biryani Basmati Riisi 4,5 Kg"},"content":{"rendered":"<h4><strong><span style=\"font-size: 18px\">Biryani basmati riisi.<\/span><\/strong><\/h4>\n<h4><span style=\"font-size: 18px\"><strong>Ainesosat:\u00a0<\/strong>Basmatiriisi, kuorittu ja kiilloitettu.<br \/>Viljelty Intiassa.<\/span><\/h4>\n<h4><span style=\"font-size: 18px\"><strong>S\u00e4ilytys: V<\/strong>iile\u00e4ss\u00e4 ja kuivassa paikassa.<\/span><\/h4>\n","protected":false},"excerpt":{"rendered":"<p>Biryani basmati riisi. Ainesosat:\u00a0Basmatiriisi, kuorittu ja kiilloitettu.Viljelty Intiassa. S\u00e4ilytys: Viile\u00e4ss\u00e4 ja kuivassa paikassa.<\/p>\n","protected":false},"featured_media":94233,"template":"","meta":{"om_disable_all_campaigns":false,"_monsterinsights_skip_tracking":false,"_monsterinsights_sitenote_active":false,"_monsterinsights_sitenote_note":"","_monsterinsights_sitenote_category":0},"location":[1422],"product_brand":[1423],"product_cat":[1346],"product_tag":[],"class_list":{"0":"post-43716","1":"product","2":"type-product","3":"status-publish","4":"has-post-thumbnail","6":"location-v","7":"product_brand-ararat-ari-food","8":"product_cat-kuiva-tuotteet-fi","9":"stock_type-sk-en","11":"first","12":"instock","13":"taxable","14":"shipping-taxable","15":"purchasable","16":"product-type-simple"},"aioseo_notices":[],"locations":[{"id":1422,"name":"v","slug":"v","quantity":"180"}],"_links":{"self":[{"href":"https:\/\/araratfinland.com\/en\/wp-json\/wp\/v2\/product\/43716","targetHints":{"allow":["GET"]}}],"collection":[{"href":"https:\/\/araratfinland.com\/en\/wp-json\/wp\/v2\/product"}],"about":[{"href":"https:\/\/araratfinland.com\/en\/wp-json\/wp\/v2\/types\/product"}],"version-history":[{"count":1,"href":"https:\/\/araratfinland.com\/en\/wp-json\/wp\/v2\/product\/43716\/revisions"}],"predecessor-version":[{"id":54479,"href":"https:\/\/araratfinland.com\/en\/wp-json\/wp\/v2\/product\/43716\/revisions\/54479"}],"wp:featuredmedia":[{"embeddable":true,"href":"https:\/\/araratfinland.com\/en\/wp-json\/wp\/v2\/media\/94233"}],"wp:attachment":[{"href":"https:\/\/araratfinland.com\/en\/wp-json\/wp\/v2\/media?parent=43716"}],"wp:term":[{"taxonomy":"location","embeddable":true,"href":"https:\/\/araratfinland.com\/en\/wp-json\/wp\/v2\/location?post=43716"},{"taxonomy":"product_brand","embeddable":true,"href":"https:\/\/araratfinland.com\/en\/wp-json\/wp\/v2\/product_brand?post=43716"},{"taxonomy":"product_cat","embeddable":true,"href":"https:\/\/araratfinland.com\/en\/wp-json\/wp\/v2\/product_cat?post=43716"},{"taxonomy":"product_tag","embeddable":true,"href":"https:\/\/araratfinland.com\/en\/wp-json\/wp\/v2\/product_tag?post=43716"}],"curies":[{"name":"wp","href":"https:\/\/api.w.org\/{rel}","templated":true}]}}