{"id":43704,"date":"2024-06-02T02:19:22","date_gmt":"2024-06-01T23:19:22","guid":{"rendered":"https:\/\/araratfinland.com\/product\/durra-hummus-tahina-370g\/"},"modified":"2025-09-22T15:38:39","modified_gmt":"2025-09-22T12:38:39","slug":"durra-hummus-tahina-370g","status":"publish","type":"product","link":"https:\/\/araratfinland.com\/en\/product\/durra-hummus-tahina-370g\/","title":{"rendered":"Durra Hummus Tahina 370g"},"content":{"rendered":"<h4><span style=\"font-size: 19px;color: #000000\"><strong>Hummus tahina.<br \/>Ainesosat: <\/strong>Kikherneet 60%, vesi 27,5%,<br \/><strong>seesamipasta 10%,\u00a0<\/strong>suola 2%,<br \/>happamuuden lis\u00e4\u00e4misaineet: E330 0,5%.<\/span><\/h4>\n<h4><span style=\"font-size: 19px;color: #000000\"><strong>Saattaa sis\u00e4lt\u00e4\u00e4 pieni\u00e4 m\u00e4\u00e4ri\u00e4 sesamia.<\/strong><\/span><\/h4>\n<h4><span style=\"color: #000000\"><span style=\"font-size: 19px\"><strong>S\u00e4ilytys: <\/strong>Viile\u00e4ss\u00e4 ja kuivassa paikassa.<br \/><\/span><span style=\"font-size: 19px\">S\u00e4ilyt\u00e4 j\u00e4\u00e4kaapissa avaamisen j\u00e4lkeen ja<br \/>k\u00e4yt\u00e4 3 p\u00e4iv\u00e4n kuluessa.<\/span><\/span><\/h4>\n<h4><span style=\"font-size: 19px;color: #000000\"><strong>Alkuper\u00e4maa: <\/strong>Lebanon.<\/span><\/h4>\n<table style=\"width: 391.547px\">\n<tbody>\n<tr>\n<td style=\"width: 370.547px\" colspan=\"2\"><span style=\"font-size: 19px;color: #000000\"><strong>Ravintosis\u00e4lt\u00f6 per 100g<\/strong><\/span><\/td>\n<\/tr>\n<\/tbody>\n<tbody>\n<tr>\n<td style=\"width: 210px\"><span style=\"font-size: 19px;color: #000000\">Energia<\/span><\/td>\n<td style=\"width: 160.547px\"><span style=\"font-size: 19px;color: #000000\">331 kj \/ 79 kcal<\/span><\/td>\n<\/tr>\n<tr>\n<td style=\"width: 210px\"><span style=\"font-size: 19px;color: #000000\">Rasva<\/span><\/td>\n<td style=\"width: 160.547px\"><span style=\"font-size: 19px;color: #000000\">4,5 g<\/span><\/td>\n<\/tr>\n<tr>\n<td style=\"width: 210px\"><span style=\"font-size: 19px;color: #000000\">josta tyydyttyneitt\u00e4<\/span><\/td>\n<td style=\"width: 160.547px\"><span style=\"font-size: 19px;color: #000000\">0,6 g<\/span><\/td>\n<\/tr>\n<tr>\n<td style=\"width: 210px\"><span style=\"font-size: 19px;color: #000000\">Hiilihydraatit<\/span><\/td>\n<td style=\"width: 160.547px\"><span style=\"font-size: 19px;color: #000000\">7,0 g<\/span><\/td>\n<\/tr>\n<tr>\n<td style=\"width: 210px\"><span style=\"font-size: 19px;color: #000000\">josta sokereita<\/span><\/td>\n<td style=\"width: 160.547px\"><span style=\"font-size: 19px;color: #000000\">3,0 g<\/span><\/td>\n<\/tr>\n<tr>\n<td style=\"width: 210px\"><span style=\"font-size: 19px;color: #000000\">Proteiini<\/span><\/td>\n<td style=\"width: 160.547px\"><span style=\"font-size: 19px;color: #000000\">3,0 g<\/span><\/td>\n<\/tr>\n<tr>\n<td style=\"width: 210px\"><span style=\"font-size: 19px;color: #000000\">Suola<\/span><\/td>\n<td style=\"width: 160.547px\"><span style=\"font-size: 19px;color: #000000\">2,0 g<\/span><\/td>\n<\/tr>\n<\/tbody>\n<\/table>\n","protected":false},"excerpt":{"rendered":"<p>Hummus tahina.Ainesosat: Kikherneet 60%, vesi 27,5%,seesamipasta 10%,\u00a0suola 2%,happamuuden lis\u00e4\u00e4misaineet: E330 0,5%. Saattaa sis\u00e4lt\u00e4\u00e4 pieni\u00e4 m\u00e4\u00e4ri\u00e4 sesamia. S\u00e4ilytys: Viile\u00e4ss\u00e4 ja kuivassa<\/p>\n","protected":false},"featured_media":93076,"template":"","meta":{"om_disable_all_campaigns":false,"_monsterinsights_skip_tracking":false,"_monsterinsights_sitenote_active":false,"_monsterinsights_sitenote_note":"","_monsterinsights_sitenote_category":0},"location":[1422],"product_brand":[1423],"product_cat":[1360],"product_tag":[],"class_list":{"0":"post-43704","1":"product","2":"type-product","3":"status-publish","4":"has-post-thumbnail","6":"location-v","7":"product_brand-ararat-ari-food","8":"product_cat-silykeetvihannekset-fi","9":"stock_type-prk-en","11":"first","12":"instock","13":"taxable","14":"shipping-taxable","15":"purchasable","16":"product-type-simple"},"aioseo_notices":[],"locations":[{"id":1422,"name":"v","slug":"v","quantity":"480"}],"_links":{"self":[{"href":"https:\/\/araratfinland.com\/en\/wp-json\/wp\/v2\/product\/43704","targetHints":{"allow":["GET"]}}],"collection":[{"href":"https:\/\/araratfinland.com\/en\/wp-json\/wp\/v2\/product"}],"about":[{"href":"https:\/\/araratfinland.com\/en\/wp-json\/wp\/v2\/types\/product"}],"version-history":[{"count":1,"href":"https:\/\/araratfinland.com\/en\/wp-json\/wp\/v2\/product\/43704\/revisions"}],"predecessor-version":[{"id":66938,"href":"https:\/\/araratfinland.com\/en\/wp-json\/wp\/v2\/product\/43704\/revisions\/66938"}],"wp:featuredmedia":[{"embeddable":true,"href":"https:\/\/araratfinland.com\/en\/wp-json\/wp\/v2\/media\/93076"}],"wp:attachment":[{"href":"https:\/\/araratfinland.com\/en\/wp-json\/wp\/v2\/media?parent=43704"}],"wp:term":[{"taxonomy":"location","embeddable":true,"href":"https:\/\/araratfinland.com\/en\/wp-json\/wp\/v2\/location?post=43704"},{"taxonomy":"product_brand","embeddable":true,"href":"https:\/\/araratfinland.com\/en\/wp-json\/wp\/v2\/product_brand?post=43704"},{"taxonomy":"product_cat","embeddable":true,"href":"https:\/\/araratfinland.com\/en\/wp-json\/wp\/v2\/product_cat?post=43704"},{"taxonomy":"product_tag","embeddable":true,"href":"https:\/\/araratfinland.com\/en\/wp-json\/wp\/v2\/product_tag?post=43704"}],"curies":[{"name":"wp","href":"https:\/\/api.w.org\/{rel}","templated":true}]}}