{"id":43696,"date":"2024-06-02T02:19:21","date_gmt":"2024-06-01T23:19:21","guid":{"rendered":"https:\/\/araratfinland.com\/product\/calnort-lihaliemi-1-kg\/"},"modified":"2025-11-06T10:48:18","modified_gmt":"2025-11-06T08:48:18","slug":"calnort-lihaliemi-1-kg","status":"publish","type":"product","link":"https:\/\/araratfinland.com\/en\/product\/calnort-lihaliemi-1-kg\/","title":{"rendered":"Calnort Liha Liemi 1 Kg"},"content":{"rendered":"<h3><span style=\"font-size: 18px;color: #000000\"><strong>Calnort lihaliemi.<\/strong><\/span><\/h3>\n<h4><span style=\"color: #000000\"><span style=\"font-size: 18px\"><strong>Ainesosat:<\/strong> Suola, maissit\u00e4rkkelys, <strong>maunvahventaja<\/strong>,<br \/>sokeri, kasvipalmu\u00f6ljy,\u00a0<\/span><span style=\"font-size: 18px\"><strong>soijakasviproteiiniuute<\/strong>,<br \/>hiivauute, liha-aromi, sipuli, v\u00e4ri (E150d, E150c),<br \/>mausteet (kurkuma).<\/span><\/span><\/h4>\n<h4><span style=\"font-size: 18px;color: #000000\"><strong>S\u00e4ilytys:<\/strong> Viile\u00e4ss\u00e4 ja kuivassa paikassa.<\/span><\/h4>\n<h4><span style=\"font-size: 18px;color: #000000\"><strong>Saattaa sis\u00e4lt\u00e4\u00e4 kalaa, \u00e4yri\u00e4isi\u00e4 ja gluteeni.<\/strong><\/span><\/h4>\n<table style=\"width: 383.281px\">\n<tbody>\n<tr>\n<td style=\"width: 363.281px\" colspan=\"2\"><span style=\"font-size: 18px;color: #000000\"><strong>Ravintosis\u00e4lt\u00f6 per 100g<\/strong><\/span><\/td>\n<\/tr>\n<\/tbody>\n<tbody>\n<tr>\n<td style=\"width: 201px\"><span style=\"font-size: 18px;color: #000000\">Energia<\/span><\/td>\n<td style=\"width: 162.281px\"><span style=\"font-size: 18px;color: #000000\">770 kJ \/ 184 kcal<\/span><\/td>\n<\/tr>\n<tr>\n<td style=\"width: 201px\"><span style=\"font-size: 18px;color: #000000\">Rasva<\/span><\/td>\n<td style=\"width: 162.281px\"><span style=\"font-size: 18px;color: #000000\">5,7 g<\/span><\/td>\n<\/tr>\n<tr>\n<td style=\"width: 201px\"><span style=\"font-size: 18px;color: #000000\">josta tyydyttyneitt\u00e4<\/span><\/td>\n<td style=\"width: 162.281px\"><span style=\"font-size: 18px;color: #000000\">3,5 g<\/span><\/td>\n<\/tr>\n<tr>\n<td style=\"width: 201px\"><span style=\"font-size: 18px;color: #000000\">Hiilihydraatit<\/span><\/td>\n<td style=\"width: 162.281px\"><span style=\"font-size: 18px;color: #000000\">27 g<\/span><\/td>\n<\/tr>\n<tr>\n<td style=\"width: 201px\"><span style=\"font-size: 18px;color: #000000\">josta sokereita<\/span><\/td>\n<td style=\"width: 162.281px\"><span style=\"font-size: 18px;color: #000000\">9 g<\/span><\/td>\n<\/tr>\n<tr>\n<td style=\"width: 201px\"><span style=\"font-size: 18px;color: #000000\">Proteiini<\/span><\/td>\n<td style=\"width: 162.281px\"><span style=\"font-size: 18px;color: #000000\">6,1 g<\/span><\/td>\n<\/tr>\n<tr>\n<td style=\"width: 201px\"><span style=\"font-size: 18px;color: #000000\">Suola<\/span><\/td>\n<td style=\"width: 162.281px\"><span style=\"font-size: 18px;color: #000000\">52 g<\/span><\/td>\n<\/tr>\n<\/tbody>\n<\/table>\n","protected":false},"excerpt":{"rendered":"<p>Calnort lihaliemi. Ainesosat: Suola, maissit\u00e4rkkelys, maunvahventaja,sokeri, kasvipalmu\u00f6ljy,\u00a0soijakasviproteiiniuute,hiivauute, liha-aromi, sipuli, v\u00e4ri (E150d, E150c),mausteet (kurkuma). S\u00e4ilytys: Viile\u00e4ss\u00e4 ja kuivassa paikassa. Saattaa sis\u00e4lt\u00e4\u00e4<\/p>\n","protected":false},"featured_media":98802,"template":"","meta":{"om_disable_all_campaigns":false,"_monsterinsights_skip_tracking":false,"_monsterinsights_sitenote_active":false,"_monsterinsights_sitenote_note":"","_monsterinsights_sitenote_category":0},"location":[1422],"product_brand":[1423],"product_cat":[1348],"product_tag":[],"class_list":{"0":"post-43696","1":"product","2":"type-product","3":"status-publish","4":"has-post-thumbnail","6":"location-v","7":"product_brand-ararat-ari-food","8":"product_cat-mausteet-fi","9":"stock_type-kpl-en","11":"first","12":"instock","13":"taxable","14":"shipping-taxable","15":"purchasable","16":"product-type-simple"},"aioseo_notices":[],"locations":[{"id":1422,"name":"v","slug":"v","quantity":"78"}],"_links":{"self":[{"href":"https:\/\/araratfinland.com\/en\/wp-json\/wp\/v2\/product\/43696","targetHints":{"allow":["GET"]}}],"collection":[{"href":"https:\/\/araratfinland.com\/en\/wp-json\/wp\/v2\/product"}],"about":[{"href":"https:\/\/araratfinland.com\/en\/wp-json\/wp\/v2\/types\/product"}],"version-history":[{"count":2,"href":"https:\/\/araratfinland.com\/en\/wp-json\/wp\/v2\/product\/43696\/revisions"}],"predecessor-version":[{"id":54857,"href":"https:\/\/araratfinland.com\/en\/wp-json\/wp\/v2\/product\/43696\/revisions\/54857"}],"wp:featuredmedia":[{"embeddable":true,"href":"https:\/\/araratfinland.com\/en\/wp-json\/wp\/v2\/media\/98802"}],"wp:attachment":[{"href":"https:\/\/araratfinland.com\/en\/wp-json\/wp\/v2\/media?parent=43696"}],"wp:term":[{"taxonomy":"location","embeddable":true,"href":"https:\/\/araratfinland.com\/en\/wp-json\/wp\/v2\/location?post=43696"},{"taxonomy":"product_brand","embeddable":true,"href":"https:\/\/araratfinland.com\/en\/wp-json\/wp\/v2\/product_brand?post=43696"},{"taxonomy":"product_cat","embeddable":true,"href":"https:\/\/araratfinland.com\/en\/wp-json\/wp\/v2\/product_cat?post=43696"},{"taxonomy":"product_tag","embeddable":true,"href":"https:\/\/araratfinland.com\/en\/wp-json\/wp\/v2\/product_tag?post=43696"}],"curies":[{"name":"wp","href":"https:\/\/api.w.org\/{rel}","templated":true}]}}