{"id":43692,"date":"2024-06-02T02:19:20","date_gmt":"2024-06-01T23:19:20","guid":{"rendered":"https:\/\/araratfinland.com\/product\/kuivattu-tumma-limetti-750g\/"},"modified":"2025-10-03T14:23:38","modified_gmt":"2025-10-03T11:23:38","slug":"kuivattu-tumma-limetti-750g","status":"publish","type":"product","link":"https:\/\/araratfinland.com\/en\/product\/kuivattu-tumma-limetti-750g\/","title":{"rendered":"Kuivattu Tumma Limetti 900g"},"content":{"rendered":"<p><span style=\"color: #000000;font-size: 18px\"><strong>Ainesosat:<\/strong> Kuivattu tumma limetti.<\/span><br \/><span style=\"color: #000000;font-size: 18px\"><strong>S\u00e4ilytys: <\/strong>Kuivassa ja viile\u00e4ss\u00e4 paikssa.<\/span><\/p>\n","protected":false},"excerpt":{"rendered":"<p>Ainesosat: Kuivattu tumma limetti.S\u00e4ilytys: Kuivassa ja viile\u00e4ss\u00e4 paikssa.<\/p>\n","protected":false},"featured_media":94762,"template":"","meta":{"om_disable_all_campaigns":false,"_monsterinsights_skip_tracking":false,"_monsterinsights_sitenote_active":false,"_monsterinsights_sitenote_note":"","_monsterinsights_sitenote_category":0},"location":[1422],"product_brand":[1423],"product_cat":[1346],"product_tag":[],"class_list":{"0":"post-43692","1":"product","2":"type-product","3":"status-publish","4":"has-post-thumbnail","6":"location-v","7":"product_brand-ararat-ari-food","8":"product_cat-kuiva-tuotteet-fi","9":"stock_type-pss-en","11":"first","12":"instock","13":"taxable","14":"shipping-taxable","15":"purchasable","16":"product-type-simple"},"aioseo_notices":[],"locations":[{"id":1422,"name":"v","slug":"v","quantity":"29"}],"_links":{"self":[{"href":"https:\/\/araratfinland.com\/en\/wp-json\/wp\/v2\/product\/43692","targetHints":{"allow":["GET"]}}],"collection":[{"href":"https:\/\/araratfinland.com\/en\/wp-json\/wp\/v2\/product"}],"about":[{"href":"https:\/\/araratfinland.com\/en\/wp-json\/wp\/v2\/types\/product"}],"version-history":[{"count":2,"href":"https:\/\/araratfinland.com\/en\/wp-json\/wp\/v2\/product\/43692\/revisions"}],"predecessor-version":[{"id":76036,"href":"https:\/\/araratfinland.com\/en\/wp-json\/wp\/v2\/product\/43692\/revisions\/76036"}],"wp:featuredmedia":[{"embeddable":true,"href":"https:\/\/araratfinland.com\/en\/wp-json\/wp\/v2\/media\/94762"}],"wp:attachment":[{"href":"https:\/\/araratfinland.com\/en\/wp-json\/wp\/v2\/media?parent=43692"}],"wp:term":[{"taxonomy":"location","embeddable":true,"href":"https:\/\/araratfinland.com\/en\/wp-json\/wp\/v2\/location?post=43692"},{"taxonomy":"product_brand","embeddable":true,"href":"https:\/\/araratfinland.com\/en\/wp-json\/wp\/v2\/product_brand?post=43692"},{"taxonomy":"product_cat","embeddable":true,"href":"https:\/\/araratfinland.com\/en\/wp-json\/wp\/v2\/product_cat?post=43692"},{"taxonomy":"product_tag","embeddable":true,"href":"https:\/\/araratfinland.com\/en\/wp-json\/wp\/v2\/product_tag?post=43692"}],"curies":[{"name":"wp","href":"https:\/\/api.w.org\/{rel}","templated":true}]}}