{"id":43679,"date":"2024-06-02T02:19:16","date_gmt":"2024-06-01T23:19:16","guid":{"rendered":"https:\/\/araratfinland.com\/product\/durra-salep-drink-powder-200-g\/"},"modified":"2025-03-21T11:50:49","modified_gmt":"2025-03-21T09:50:49","slug":"durra-salep-drink-powder-200-g","status":"publish","type":"product","link":"https:\/\/araratfinland.com\/en\/product\/durra-salep-drink-powder-200-g\/","title":{"rendered":"Durra Salep drink powder 200 g"},"content":{"rendered":"<h4><span style=\"font-size: 18px;color: #000000\"><strong>Salep-juomajauhe.<\/strong><\/span><\/h4>\n<h4><span style=\"font-size: 18px;color: #000000\"><strong>Ainesosat: <\/strong>Sokeri 92,6%, salep (orkidea) 6,8%,<br \/>vanilja 0,3% kukkainen vesimaku 0,3%.<\/span><\/h4>\n<h4><span style=\"font-size: 18px;color: #000000\"><strong>S\u00e4ilytys: <\/strong>S\u00e4ilyt\u00e4 viile\u00e4ss\u00e4 ja kuivassa paikassa.<br \/>J\u00e4\u00e4kaapissa avaamisen j\u00e4lkeen.<\/span><\/h4>\n<table style=\"width: 408.75px\">\n<tbody>\n<tr>\n<td style=\"width: 388.75px\" colspan=\"2\"><span style=\"font-size: 18px;color: #000000\"><strong>Ravintosis\u00e4lt\u00f6 per 100g<\/strong><\/span><\/td>\n<\/tr>\n<\/tbody>\n<tbody>\n<tr>\n<td style=\"width: 215px\"><span style=\"font-size: 18px;color: #000000\">Energia<\/span><\/td>\n<td style=\"width: 173.75px\"><span style=\"font-size: 18px;color: #000000\">1609 kj \/ 385 kcal<\/span><\/td>\n<\/tr>\n<tr>\n<td style=\"width: 215px\"><span style=\"font-size: 18px;color: #000000\">Rasva<\/span><\/td>\n<td style=\"width: 173.75px\"><span style=\"font-size: 18px;color: #000000\">1,0 g<\/span><\/td>\n<\/tr>\n<tr>\n<td style=\"width: 215px\"><span style=\"font-size: 18px;color: #000000\">josta tyydyttyneitt\u00e4<\/span><\/td>\n<td style=\"width: 173.75px\"><span style=\"font-size: 18px;color: #000000\">0 g<\/span><\/td>\n<\/tr>\n<tr>\n<td style=\"width: 215px\"><span style=\"font-size: 18px;color: #000000\">Hiilihydraatit<\/span><\/td>\n<td style=\"width: 173.75px\"><span style=\"font-size: 18px;color: #000000\">93 g<\/span><\/td>\n<\/tr>\n<tr>\n<td style=\"width: 215px\"><span style=\"font-size: 18px;color: #000000\">josta sokereita<\/span><\/td>\n<td style=\"width: 173.75px\"><span style=\"font-size: 18px;color: #000000\">93 g<\/span><\/td>\n<\/tr>\n<tr>\n<td style=\"width: 215px\"><span style=\"font-size: 18px;color: #000000\">Proteiini<\/span><\/td>\n<td style=\"width: 173.75px\"><span style=\"font-size: 18px;color: #000000\">1,0 g<\/span><\/td>\n<\/tr>\n<tr>\n<td style=\"width: 215px\"><span style=\"font-size: 18px;color: #000000\">Suola<\/span><\/td>\n<td style=\"width: 173.75px\"><span style=\"font-size: 18px;color: #000000\">0,50 g<\/span><\/td>\n<\/tr>\n<\/tbody>\n<\/table>\n","protected":false},"excerpt":{"rendered":"<p>Salep-juomajauhe. Ainesosat: Sokeri 92,6%, salep (orkidea) 6,8%,vanilja 0,3% kukkainen vesimaku 0,3%. S\u00e4ilytys: S\u00e4ilyt\u00e4 viile\u00e4ss\u00e4 ja kuivassa paikassa.J\u00e4\u00e4kaapissa avaamisen j\u00e4lkeen. Ravintosis\u00e4lt\u00f6<\/p>\n","protected":false},"featured_media":75037,"template":"","meta":{"om_disable_all_campaigns":false,"_monsterinsights_skip_tracking":false,"_monsterinsights_sitenote_active":false,"_monsterinsights_sitenote_note":"","_monsterinsights_sitenote_category":0},"location":[1422],"product_brand":[1423],"product_cat":[1440],"product_tag":[],"class_list":{"0":"post-43679","1":"product","2":"type-product","3":"status-publish","4":"has-post-thumbnail","6":"location-v","7":"product_brand-ararat-ari-food","8":"product_cat-yleinen","9":"stock_type-pcs-en","11":"first","12":"instock","13":"taxable","14":"shipping-taxable","15":"purchasable","16":"product-type-simple"},"aioseo_notices":[],"locations":[{"id":1422,"name":"v","slug":"v","quantity":"120"}],"_links":{"self":[{"href":"https:\/\/araratfinland.com\/en\/wp-json\/wp\/v2\/product\/43679","targetHints":{"allow":["GET"]}}],"collection":[{"href":"https:\/\/araratfinland.com\/en\/wp-json\/wp\/v2\/product"}],"about":[{"href":"https:\/\/araratfinland.com\/en\/wp-json\/wp\/v2\/types\/product"}],"version-history":[{"count":1,"href":"https:\/\/araratfinland.com\/en\/wp-json\/wp\/v2\/product\/43679\/revisions"}],"predecessor-version":[{"id":56295,"href":"https:\/\/araratfinland.com\/en\/wp-json\/wp\/v2\/product\/43679\/revisions\/56295"}],"wp:featuredmedia":[{"embeddable":true,"href":"https:\/\/araratfinland.com\/en\/wp-json\/wp\/v2\/media\/75037"}],"wp:attachment":[{"href":"https:\/\/araratfinland.com\/en\/wp-json\/wp\/v2\/media?parent=43679"}],"wp:term":[{"taxonomy":"location","embeddable":true,"href":"https:\/\/araratfinland.com\/en\/wp-json\/wp\/v2\/location?post=43679"},{"taxonomy":"product_brand","embeddable":true,"href":"https:\/\/araratfinland.com\/en\/wp-json\/wp\/v2\/product_brand?post=43679"},{"taxonomy":"product_cat","embeddable":true,"href":"https:\/\/araratfinland.com\/en\/wp-json\/wp\/v2\/product_cat?post=43679"},{"taxonomy":"product_tag","embeddable":true,"href":"https:\/\/araratfinland.com\/en\/wp-json\/wp\/v2\/product_tag?post=43679"}],"curies":[{"name":"wp","href":"https:\/\/api.w.org\/{rel}","templated":true}]}}