{"id":43671,"date":"2024-06-02T02:19:14","date_gmt":"2024-06-01T23:19:14","guid":{"rendered":"https:\/\/araratfinland.com\/product\/nawras-strawberry-cream-chantilly-150-g\/"},"modified":"2025-01-27T12:05:14","modified_gmt":"2025-01-27T10:05:14","slug":"nawras-strawberry-cream-chantilly-150-g","status":"publish","type":"product","link":"https:\/\/araratfinland.com\/en\/product\/nawras-strawberry-cream-chantilly-150-g\/","title":{"rendered":"Nawras strawberry cream chantilly 150 g"},"content":{"rendered":"<h4><span style=\"font-size: 18px;color: #000000\"><strong>Mansikka kermavaahtoa.<\/strong><\/span><\/h4>\n<h4><span style=\"color: #000000\"><span style=\"font-size: 18px\"><strong>Ainesosat<\/strong><strong>: <\/strong>Tomussokeri, hydrattu palmurasva,<br \/>glukoosisiirappi, emugloimisainetta<br \/><\/span><span style=\"font-size: 18px\">(etikkahappo ja <strong>maito<\/strong>happo mono ja<br \/>diglyseridien rasvahapot), <strong>maito<\/strong>proteiinia<\/span><\/span><br \/><span style=\"font-size: 18px;color: #000000\">(natriumcaseinaatti), perunat\u00e4rkkelys,<br \/>sakeuttamisaine (karboksimetyyliselluloosa),<\/span><br \/><span style=\"font-size: 18px;color: #000000\">aromi (mansikka), v\u00e4ri karmoisiinsta.<\/span><\/h4>\n<h4><span style=\"font-size: 18px;color: #000000\"><strong>S\u00e4ilytys:<\/strong>\u00a0Viile\u00e4ss\u00e4 ja hajuttomassa paikassa.<\/span><\/h4>\n<h4><span style=\"font-size: 18px;color: #000000\"><strong>Alkuper\u00e4maa: <\/strong>Turkki.<\/span><\/h4>\n<table style=\"width: 412.547px\">\n<tbody>\n<tr style=\"height: 13px\">\n<td style=\"height: 13px;width: 391.547px\" colspan=\"2\"><span style=\"font-size: 18px;color: #000000\"><strong>Ravintosis\u00e4lt\u00f6 per 100g<\/strong><\/span><\/td>\n<\/tr>\n<\/tbody>\n<tbody>\n<tr style=\"height: 13px\">\n<td style=\"height: 13px;width: 211px\"><span style=\"font-size: 18px;color: #000000\">Energia<\/span><\/td>\n<td style=\"height: 13px;width: 180.547px\"><span style=\"font-size: 18px;color: #000000\">2146 kj \/ 511 kcal<\/span><\/td>\n<\/tr>\n<tr style=\"height: 14.5156px\">\n<td style=\"height: 14.5156px;width: 211px\"><span style=\"font-size: 18px;color: #000000\">Rasva<\/span><\/td>\n<td style=\"height: 14.5156px;width: 180.547px\"><span style=\"font-size: 18px;color: #000000\">25,6 g<\/span><\/td>\n<\/tr>\n<tr style=\"height: 13px\">\n<td style=\"height: 13px;width: 211px\"><span style=\"font-size: 18px;color: #000000\">josta tyydyttyneitt\u00e4<\/span><\/td>\n<td style=\"height: 13px;width: 180.547px\"><span style=\"font-size: 18px;color: #000000\">1,4 g<\/span><\/td>\n<\/tr>\n<tr style=\"height: 13px\">\n<td style=\"height: 13px;width: 211px\"><span style=\"font-size: 18px;color: #000000\">Hiilihydraatit<\/span><\/td>\n<td style=\"height: 13px;width: 180.547px\"><span style=\"font-size: 18px;color: #000000\">70 g<\/span><\/td>\n<\/tr>\n<tr style=\"height: 13px\">\n<td style=\"height: 13px;width: 211px\"><span style=\"font-size: 18px;color: #000000\">josta sokereita<\/span><\/td>\n<td style=\"height: 13px;width: 180.547px\"><span style=\"font-size: 18px;color: #000000\">55 g<\/span><\/td>\n<\/tr>\n<tr style=\"height: 13px\">\n<td style=\"height: 13px;width: 211px\"><span style=\"font-size: 18px;color: #000000\">Proteiini<\/span><\/td>\n<td style=\"height: 13px;width: 180.547px\"><span style=\"font-size: 18px;color: #000000\">2,6 g<\/span><\/td>\n<\/tr>\n<tr style=\"height: 13px\">\n<td style=\"height: 13px;width: 211px\"><span style=\"font-size: 18px;color: #000000\">Suola<\/span><\/td>\n<td style=\"height: 13px;width: 180.547px\"><span style=\"font-size: 18px;color: #000000\">0,3 g<\/span><\/td>\n<\/tr>\n<\/tbody>\n<\/table>\n","protected":false},"excerpt":{"rendered":"<p>Mansikka kermavaahtoa. Ainesosat: Tomussokeri, hydrattu palmurasva,glukoosisiirappi, emugloimisainetta(etikkahappo ja maitohappo mono jadiglyseridien rasvahapot), maitoproteiinia(natriumcaseinaatti), perunat\u00e4rkkelys,sakeuttamisaine (karboksimetyyliselluloosa),aromi (mansikka), v\u00e4ri karmoisiinsta. S\u00e4ilytys:\u00a0Viile\u00e4ss\u00e4 ja<\/p>\n","protected":false},"featured_media":67154,"template":"","meta":{"om_disable_all_campaigns":false,"_monsterinsights_skip_tracking":false,"_monsterinsights_sitenote_active":false,"_monsterinsights_sitenote_note":"","_monsterinsights_sitenote_category":0},"location":[1422],"product_brand":[1423],"product_cat":[1440],"product_tag":[],"class_list":{"0":"post-43671","1":"product","2":"type-product","3":"status-publish","4":"has-post-thumbnail","6":"location-v","7":"product_brand-ararat-ari-food","8":"product_cat-yleinen","9":"stock_type-kpl-en","11":"first","12":"instock","13":"taxable","14":"shipping-taxable","15":"purchasable","16":"product-type-simple"},"aioseo_notices":[],"locations":[{"id":1422,"name":"v","slug":"v","quantity":"0"}],"_links":{"self":[{"href":"https:\/\/araratfinland.com\/en\/wp-json\/wp\/v2\/product\/43671","targetHints":{"allow":["GET"]}}],"collection":[{"href":"https:\/\/araratfinland.com\/en\/wp-json\/wp\/v2\/product"}],"about":[{"href":"https:\/\/araratfinland.com\/en\/wp-json\/wp\/v2\/types\/product"}],"version-history":[{"count":1,"href":"https:\/\/araratfinland.com\/en\/wp-json\/wp\/v2\/product\/43671\/revisions"}],"predecessor-version":[{"id":67156,"href":"https:\/\/araratfinland.com\/en\/wp-json\/wp\/v2\/product\/43671\/revisions\/67156"}],"wp:featuredmedia":[{"embeddable":true,"href":"https:\/\/araratfinland.com\/en\/wp-json\/wp\/v2\/media\/67154"}],"wp:attachment":[{"href":"https:\/\/araratfinland.com\/en\/wp-json\/wp\/v2\/media?parent=43671"}],"wp:term":[{"taxonomy":"location","embeddable":true,"href":"https:\/\/araratfinland.com\/en\/wp-json\/wp\/v2\/location?post=43671"},{"taxonomy":"product_brand","embeddable":true,"href":"https:\/\/araratfinland.com\/en\/wp-json\/wp\/v2\/product_brand?post=43671"},{"taxonomy":"product_cat","embeddable":true,"href":"https:\/\/araratfinland.com\/en\/wp-json\/wp\/v2\/product_cat?post=43671"},{"taxonomy":"product_tag","embeddable":true,"href":"https:\/\/araratfinland.com\/en\/wp-json\/wp\/v2\/product_tag?post=43671"}],"curies":[{"name":"wp","href":"https:\/\/api.w.org\/{rel}","templated":true}]}}