{"id":43652,"date":"2024-06-02T02:19:10","date_gmt":"2024-06-01T23:19:10","guid":{"rendered":"https:\/\/araratfinland.com\/product\/abido-mohallabia-500g\/"},"modified":"2025-09-25T10:41:45","modified_gmt":"2025-09-25T07:41:45","slug":"abido-mohallabia-500g","status":"publish","type":"product","link":"https:\/\/araratfinland.com\/en\/product\/abido-mohallabia-500g\/","title":{"rendered":"Abido Mohallabia 500g"},"content":{"rendered":"<h4><span style=\"font-size: 20px\"><strong>Ainesosat: <\/strong>Riisijauhe, sokeri, mastik.<\/p>\n<p><\/span><span style=\"font-size: 20px\">S\u00e4ilytys: Kuivassa ja viile\u00e4ss\u00e4 paikkassa.<br \/><\/span><span style=\"font-size: 18px\"><br \/><span style=\"font-size: 20px\">Saattaa sis\u00e4lt\u00e4\u00e4: <strong>Vehn\u00e4, seesami,\u00a0sinappi.<\/strong><\/span><br \/><\/span><\/h4>\n<table style=\"width: 330.906px\">\n<tbody>\n<tr style=\"height: 24.8594px\">\n<td style=\"width: 320.906px;height: 24.8594px\" colspan=\"2\"><span style=\"font-size: 20px\"><strong>Ravintosis\u00e4lt\u00f6 per 100g<\/strong><\/span><\/td>\n<\/tr>\n<\/tbody>\n<tbody>\n<tr style=\"height: 48px\">\n<td style=\"width: 143px;height: 48px\"><span style=\"font-size: 20px\">Energia<\/span><\/td>\n<td style=\"width: 177.906px;height: 48px\"><span style=\"font-size: 20px\">1570kj \/ 370kcal<\/span><\/td>\n<\/tr>\n<tr style=\"height: 24px\">\n<td style=\"width: 143px;height: 24px\"><span style=\"font-size: 20px\">Rasva<\/span><\/td>\n<td style=\"width: 177.906px;height: 24px\"><span style=\"font-size: 20px\">1 g<\/span><\/td>\n<\/tr>\n<tr style=\"height: 48px\">\n<td style=\"width: 143px;height: 48px\"><span style=\"font-size: 20px\">josta tyydyttyneitt\u00e4<\/span><\/td>\n<td style=\"width: 177.906px;height: 48px\"><span style=\"font-size: 20px\">0 g<\/span><\/td>\n<\/tr>\n<tr style=\"height: 24px\">\n<td style=\"width: 143px;height: 24px\"><span style=\"font-size: 20px\">Hiilihydraatit<\/span><\/td>\n<td style=\"width: 177.906px;height: 24px\"><span style=\"font-size: 20px\">85 g<\/span><\/td>\n<\/tr>\n<tr style=\"height: 48px\">\n<td style=\"width: 143px;height: 48px\"><span style=\"font-size: 20px\">josta sokereita<\/span><\/td>\n<td style=\"width: 177.906px;height: 48px\"><span style=\"font-size: 20px\">28 g<\/span><\/td>\n<\/tr>\n<tr style=\"height: 24px\">\n<td style=\"width: 143px;height: 24px\"><span style=\"font-size: 20px\">Proteiini<\/span><\/td>\n<td style=\"width: 177.906px;height: 24px\"><span style=\"font-size: 20px\">4,2 g<\/span><\/td>\n<\/tr>\n<tr style=\"height: 24px\">\n<td style=\"width: 143px;height: 24px\"><span style=\"font-size: 20px\">Kuitu<\/span><\/td>\n<td style=\"width: 177.906px;height: 24px\"><span style=\"font-size: 20px\">1,7 g<\/span><\/td>\n<\/tr>\n<\/tbody>\n<\/table>\n","protected":false},"excerpt":{"rendered":"<p>Ainesosat: Riisijauhe, sokeri, mastik. S\u00e4ilytys: Kuivassa ja viile\u00e4ss\u00e4 paikkassa.Saattaa sis\u00e4lt\u00e4\u00e4: Vehn\u00e4, seesami,\u00a0sinappi. Ravintosis\u00e4lt\u00f6 per 100g Energia 1570kj \/ 370kcal Rasva<\/p>\n","protected":false},"featured_media":93241,"template":"","meta":{"om_disable_all_campaigns":false,"_monsterinsights_skip_tracking":false,"_monsterinsights_sitenote_active":false,"_monsterinsights_sitenote_note":"","_monsterinsights_sitenote_category":0},"location":[1422],"product_brand":[1423],"product_cat":[1346],"product_tag":[],"class_list":{"0":"post-43652","1":"product","2":"type-product","3":"status-publish","4":"has-post-thumbnail","6":"location-v","7":"product_brand-ararat-ari-food","8":"product_cat-kuiva-tuotteet-fi","9":"stock_type-pcs-en","11":"first","12":"instock","13":"taxable","14":"shipping-taxable","15":"purchasable","16":"product-type-simple"},"aioseo_notices":[],"locations":[{"id":1422,"name":"v","slug":"v","quantity":"24"}],"_links":{"self":[{"href":"https:\/\/araratfinland.com\/en\/wp-json\/wp\/v2\/product\/43652","targetHints":{"allow":["GET"]}}],"collection":[{"href":"https:\/\/araratfinland.com\/en\/wp-json\/wp\/v2\/product"}],"about":[{"href":"https:\/\/araratfinland.com\/en\/wp-json\/wp\/v2\/types\/product"}],"version-history":[{"count":1,"href":"https:\/\/araratfinland.com\/en\/wp-json\/wp\/v2\/product\/43652\/revisions"}],"predecessor-version":[{"id":67239,"href":"https:\/\/araratfinland.com\/en\/wp-json\/wp\/v2\/product\/43652\/revisions\/67239"}],"wp:featuredmedia":[{"embeddable":true,"href":"https:\/\/araratfinland.com\/en\/wp-json\/wp\/v2\/media\/93241"}],"wp:attachment":[{"href":"https:\/\/araratfinland.com\/en\/wp-json\/wp\/v2\/media?parent=43652"}],"wp:term":[{"taxonomy":"location","embeddable":true,"href":"https:\/\/araratfinland.com\/en\/wp-json\/wp\/v2\/location?post=43652"},{"taxonomy":"product_brand","embeddable":true,"href":"https:\/\/araratfinland.com\/en\/wp-json\/wp\/v2\/product_brand?post=43652"},{"taxonomy":"product_cat","embeddable":true,"href":"https:\/\/araratfinland.com\/en\/wp-json\/wp\/v2\/product_cat?post=43652"},{"taxonomy":"product_tag","embeddable":true,"href":"https:\/\/araratfinland.com\/en\/wp-json\/wp\/v2\/product_tag?post=43652"}],"curies":[{"name":"wp","href":"https:\/\/api.w.org\/{rel}","templated":true}]}}