{"id":43649,"date":"2024-06-02T02:19:09","date_gmt":"2024-06-01T23:19:09","guid":{"rendered":"https:\/\/araratfinland.com\/product\/khanum-butter-ghee-500-g-2\/"},"modified":"2025-10-27T12:11:36","modified_gmt":"2025-10-27T10:11:36","slug":"khanum-butter-ghee-500-g-2","status":"publish","type":"product","link":"https:\/\/araratfinland.com\/en\/product\/khanum-butter-ghee-500-g-2\/","title":{"rendered":"Khanum butter ghee 500 g"},"content":{"rendered":"<h4><span style=\"font-size: 19px;color: #000000\"><strong>Ainesosat:<\/strong> Voirasva 99,8% <strong>(maito),<br \/><\/strong>kosteus 0,19%.<br \/><strong>Aromi:<\/strong> Etyylibutyraatti 0,01%.<\/span><\/h4>\n<h4><span style=\"font-size: 19px;color: #000000\"><strong>S\u00e4ilytys: <\/strong>S\u00e4ilyt\u00e4 j\u00e4\u00e4kaapissa avaamisen<br \/>j\u00e4lkeen ja k\u00e4yt\u00e4 3 kuukauden kuluessa.<\/span><\/h4>\n<table style=\"width: 433.562px\">\n<tbody>\n<tr>\n<td style=\"width: 410.562px\" colspan=\"2\"><span style=\"font-size: 19px;color: #000000\"><strong>Ravintosis\u00e4lt\u00f6 per 100g<\/strong><\/span><\/td>\n<\/tr>\n<\/tbody>\n<tbody>\n<tr>\n<td style=\"width: 211px\"><span style=\"font-size: 19px;color: #000000\">Energia<\/span><\/td>\n<td style=\"width: 199.562px\"><span style=\"font-size: 19px;color: #000000\">3692\u00a0kj \/ 898 kcal<\/span><\/td>\n<\/tr>\n<tr>\n<td style=\"width: 211px\"><span style=\"font-size: 19px;color: #000000\">Rasva<\/span><\/td>\n<td style=\"width: 199.562px\"><span style=\"font-size: 19px;color: #000000\">99,8 g<\/span><\/td>\n<\/tr>\n<tr>\n<td style=\"width: 211px\"><span style=\"font-size: 19px;color: #000000\">josta tyydyttyneitt\u00e4<\/span><\/td>\n<td style=\"width: 199.562px\"><span style=\"font-size: 19px;color: #000000\">63,3 g<\/span><\/td>\n<\/tr>\n<tr>\n<td style=\"width: 211px\"><span style=\"font-size: 19px;color: #000000\">Hiilihydraatit<\/span><\/td>\n<td style=\"width: 199.562px\"><span style=\"font-size: 19px;color: #000000\"><\/p>\n","protected":false},"excerpt":{"rendered":"<p>Ainesosat: Voirasva 99,8% (maito),kosteus 0,19%.Aromi: Etyylibutyraatti 0,01%. S\u00e4ilytys: S\u00e4ilyt\u00e4 j\u00e4\u00e4kaapissa avaamisenj\u00e4lkeen ja k\u00e4yt\u00e4 3 kuukauden kuluessa. Ravintosis\u00e4lt\u00f6 per 100g Energia<\/p>\n","protected":false},"featured_media":98113,"template":"","meta":{"om_disable_all_campaigns":false,"_monsterinsights_skip_tracking":false,"_monsterinsights_sitenote_active":false,"_monsterinsights_sitenote_note":"","_monsterinsights_sitenote_category":0},"location":[1422],"product_brand":[1423],"product_cat":[1323],"product_tag":[],"class_list":{"0":"post-43649","1":"product","2":"type-product","3":"status-publish","4":"has-post-thumbnail","6":"location-v","7":"product_brand-ararat-ari-food","8":"product_cat-ljyt-en","9":"stock_type-kpl-en","11":"first","12":"instock","13":"taxable","14":"shipping-taxable","15":"purchasable","16":"product-type-simple"},"aioseo_notices":[],"locations":[{"id":1422,"name":"v","slug":"v","quantity":"0"}],"_links":{"self":[{"href":"https:\/\/araratfinland.com\/en\/wp-json\/wp\/v2\/product\/43649","targetHints":{"allow":["GET"]}}],"collection":[{"href":"https:\/\/araratfinland.com\/en\/wp-json\/wp\/v2\/product"}],"about":[{"href":"https:\/\/araratfinland.com\/en\/wp-json\/wp\/v2\/types\/product"}],"version-history":[{"count":1,"href":"https:\/\/araratfinland.com\/en\/wp-json\/wp\/v2\/product\/43649\/revisions"}],"predecessor-version":[{"id":64647,"href":"https:\/\/araratfinland.com\/en\/wp-json\/wp\/v2\/product\/43649\/revisions\/64647"}],"wp:featuredmedia":[{"embeddable":true,"href":"https:\/\/araratfinland.com\/en\/wp-json\/wp\/v2\/media\/98113"}],"wp:attachment":[{"href":"https:\/\/araratfinland.com\/en\/wp-json\/wp\/v2\/media?parent=43649"}],"wp:term":[{"taxonomy":"location","embeddable":true,"href":"https:\/\/araratfinland.com\/en\/wp-json\/wp\/v2\/location?post=43649"},{"taxonomy":"product_brand","embeddable":true,"href":"https:\/\/araratfinland.com\/en\/wp-json\/wp\/v2\/product_brand?post=43649"},{"taxonomy":"product_cat","embeddable":true,"href":"https:\/\/araratfinland.com\/en\/wp-json\/wp\/v2\/product_cat?post=43649"},{"taxonomy":"product_tag","embeddable":true,"href":"https:\/\/araratfinland.com\/en\/wp-json\/wp\/v2\/product_tag?post=43649"}],"curies":[{"name":"wp","href":"https:\/\/api.w.org\/{rel}","templated":true}]}}