{"id":43534,"date":"2024-06-02T02:18:44","date_gmt":"2024-06-01T23:18:44","guid":{"rendered":"https:\/\/araratfinland.com\/product\/lazzat-kikherne-12mm-900g\/"},"modified":"2025-11-07T14:29:24","modified_gmt":"2025-11-07T12:29:24","slug":"lazzat-kikherne-12mm-900g","status":"publish","type":"product","link":"https:\/\/araratfinland.com\/en\/product\/lazzat-kikherne-12mm-900g\/","title":{"rendered":"Lazzat Kikherne (12mm) 900g"},"content":{"rendered":"<h4><span style=\"font-size: 18px;color: #000000\"><strong>S\u00e4ilytys: <\/strong>Kuivassa ja viile\u00e4ss\u00e4 paikassa.<\/span><\/h4>\n<h4><span style=\"color: #000000\"><span style=\"font-size: 18px\"><strong>Kikherneit\u00e4 ei saa sy\u00f6d\u00e4 k\u00e4sittelem\u00e4tt\u00f6min\u00e4.<br \/>Ne on liotettava yli y\u00f6n, huuhdeltava\u00a0<\/strong><\/span><span style=\"font-size: 18px\"><strong>sek\u00e4<br \/>keitett\u00e4v\u00e4 v\u00e4hint\u00e4\u00e4 45min-1h 15 min ajan.<\/strong><\/span><\/span><\/h4>\n<table style=\"width: 415.734px\">\n<tbody>\n<tr style=\"height: 13px\">\n<td style=\"width: 396.734px;height: 13px\" colspan=\"2\"><span style=\"font-size: 18px;color: #000000\"><strong>Ravintosis\u00e4lt\u00f6 per 100g<\/strong><\/span><\/td>\n<\/tr>\n<\/tbody>\n<tbody>\n<tr style=\"height: 22px\">\n<td style=\"width: 211px;height: 22px\"><span style=\"font-size: 18px;color: #000000\">Energia<\/span><\/td>\n<td style=\"width: 185.734px;height: 22px\"><span style=\"font-size: 18px;color: #000000\">1473 kJ \/ 352 kcal<\/span><\/td>\n<\/tr>\n<tr style=\"height: 22px\">\n<td style=\"width: 211px;height: 22px\"><span style=\"font-size: 18px;color: #000000\">Rasva<\/span><\/td>\n<td style=\"width: 185.734px;height: 22px\"><span style=\"font-size: 18px;color: #000000\">4,8 g<\/span><\/td>\n<\/tr>\n<tr style=\"height: 22px\">\n<td style=\"width: 211px;height: 22px\"><span style=\"font-size: 18px;color: #000000\">josta tyydyttyneitt\u00e4<\/span><\/td>\n<td style=\"width: 185.734px;height: 22px\"><span style=\"font-size: 18px;color: #000000\">0,5 g<\/span><\/td>\n<\/tr>\n<tr style=\"height: 22px\">\n<td style=\"width: 211px;height: 22px\"><span style=\"font-size: 18px;color: #000000\">Hiilihydraatit<\/span><\/td>\n<td style=\"width: 185.734px;height: 22px\"><span style=\"font-size: 18px;color: #000000\">51 g<\/span><\/td>\n<\/tr>\n<tr style=\"height: 22px\">\n<td style=\"width: 211px;height: 22px\"><span style=\"font-size: 18px;color: #000000\">josta sokereita<\/span><\/td>\n<td style=\"width: 185.734px;height: 22px\"><span style=\"font-size: 18px;color: #000000\">4,6 g<\/span><\/td>\n<\/tr>\n<tr style=\"height: 8.85938px\">\n<td style=\"width: 211px;height: 8.85938px\">\n<p><span style=\"font-family: inherit;font-size: 18px;color: #000000\">Fiber<\/span><\/p>\n<p><span style=\"font-size: 18px;color: #000000\"><span style=\"font-family: inherit\">P<\/span><span style=\"font-family: inherit\">roteiini<\/span><\/span><\/p>\n<\/td>\n<td style=\"width: 185.734px;height: 8.85938px\">\n<p><span style=\"font-size: 18px;color: #000000\">10,0 g<\/span><\/p>\n<p><span style=\"font-size: 18px;color: #000000\">20,5 g<\/span><\/p>\n<\/td>\n<\/tr>\n<tr style=\"height: 22px\">\n<td style=\"width: 211px;height: 22px\"><span style=\"font-size: 18px;color: #000000\">Suola<\/span><\/td>\n<td style=\"width: 185.734px;height: 22px\"><span style=\"font-size: 18px;color: #000000\">0,07 g<\/span><\/td>\n<\/tr>\n<\/tbody>\n<\/table>\n","protected":false},"excerpt":{"rendered":"<p>S\u00e4ilytys: Kuivassa ja viile\u00e4ss\u00e4 paikassa. Kikherneit\u00e4 ei saa sy\u00f6d\u00e4 k\u00e4sittelem\u00e4tt\u00f6min\u00e4.Ne on liotettava yli y\u00f6n, huuhdeltava\u00a0sek\u00e4keitett\u00e4v\u00e4 v\u00e4hint\u00e4\u00e4 45min-1h 15 min ajan.<\/p>\n","protected":false},"featured_media":99169,"template":"","meta":{"om_disable_all_campaigns":false,"_monsterinsights_skip_tracking":false,"_monsterinsights_sitenote_active":false,"_monsterinsights_sitenote_note":"","_monsterinsights_sitenote_category":0},"location":[1422],"product_brand":[1423],"product_cat":[1346],"product_tag":[],"class_list":{"0":"post-43534","1":"product","2":"type-product","3":"status-publish","4":"has-post-thumbnail","6":"location-v","7":"product_brand-ararat-ari-food","8":"product_cat-kuiva-tuotteet-fi","9":"stock_type-pss-en","11":"first","12":"instock","13":"taxable","14":"shipping-taxable","15":"purchasable","16":"product-type-simple"},"aioseo_notices":[],"locations":[{"id":1422,"name":"v","slug":"v","quantity":"54"}],"_links":{"self":[{"href":"https:\/\/araratfinland.com\/en\/wp-json\/wp\/v2\/product\/43534","targetHints":{"allow":["GET"]}}],"collection":[{"href":"https:\/\/araratfinland.com\/en\/wp-json\/wp\/v2\/product"}],"about":[{"href":"https:\/\/araratfinland.com\/en\/wp-json\/wp\/v2\/types\/product"}],"version-history":[{"count":3,"href":"https:\/\/araratfinland.com\/en\/wp-json\/wp\/v2\/product\/43534\/revisions"}],"predecessor-version":[{"id":82207,"href":"https:\/\/araratfinland.com\/en\/wp-json\/wp\/v2\/product\/43534\/revisions\/82207"}],"wp:featuredmedia":[{"embeddable":true,"href":"https:\/\/araratfinland.com\/en\/wp-json\/wp\/v2\/media\/99169"}],"wp:attachment":[{"href":"https:\/\/araratfinland.com\/en\/wp-json\/wp\/v2\/media?parent=43534"}],"wp:term":[{"taxonomy":"location","embeddable":true,"href":"https:\/\/araratfinland.com\/en\/wp-json\/wp\/v2\/location?post=43534"},{"taxonomy":"product_brand","embeddable":true,"href":"https:\/\/araratfinland.com\/en\/wp-json\/wp\/v2\/product_brand?post=43534"},{"taxonomy":"product_cat","embeddable":true,"href":"https:\/\/araratfinland.com\/en\/wp-json\/wp\/v2\/product_cat?post=43534"},{"taxonomy":"product_tag","embeddable":true,"href":"https:\/\/araratfinland.com\/en\/wp-json\/wp\/v2\/product_tag?post=43534"}],"curies":[{"name":"wp","href":"https:\/\/api.w.org\/{rel}","templated":true}]}}