{"id":43530,"date":"2024-06-02T02:18:43","date_gmt":"2024-06-01T23:18:43","guid":{"rendered":"https:\/\/araratfinland.com\/product\/naz-pickled-mix-liteh-580g\/"},"modified":"2024-06-12T07:49:04","modified_gmt":"2024-06-12T04:49:04","slug":"naz-pickled-mix-liteh-580g","status":"publish","type":"product","link":"https:\/\/araratfinland.com\/en\/product\/naz-pickled-mix-liteh-580g\/","title":{"rendered":"Naz Pickled Mix Liteh 580g"},"content":{"rendered":"<h4><span style=\"font-size: 19px\"><strong>Pickled mix liteh.<\/strong><\/span><\/h4>\n<h4><span style=\"font-size: 19px\"><strong>Ainesosat:<\/strong> Etikka, munakoiso, suolakurkku,<br \/>kukkakaali, porkkana, <strong>selleri<\/strong>, persilja, suola,<br \/><\/span><span style=\"font-size: 19px\">nigellansiemenet, kurkuma, minttu.<\/span><\/h4>\n<h4><span style=\"font-size: 19px\"><strong>S\u00e4ilytys: <\/strong>Viile\u00e4ss\u00e4 ja kuivassa j\u00e4\u00e4kaapissa<br \/>avaamisen j\u00e4lkeen.<\/span><\/h4>\n<table style=\"width: 338.531px\">\n<tbody>\n<tr>\n<td style=\"width: 317.531px\" colspan=\"2\"><span style=\"font-size: 19px\"><strong>Ravintosis\u00e4lt\u00f6 per 100g<\/strong><\/span><\/td>\n<\/tr>\n<\/tbody>\n<tbody>\n<tr>\n<td style=\"width: 222px\"><span style=\"font-size: 19px\">Energia<\/span><\/td>\n<td style=\"width: 95.5312px\"><span style=\"font-size: 19px\">5,77 kcal<\/span><\/td>\n<\/tr>\n<tr>\n<td style=\"width: 222px\"><span style=\"font-size: 19px\">Rasva<\/span><\/td>\n<td style=\"width: 95.5312px\"><span style=\"font-size: 19px\">0,0 g<\/span><\/td>\n<\/tr>\n<tr>\n<td style=\"width: 222px\"><span style=\"font-size: 19px\">josta tyydyttyneitt\u00e4<\/span><\/td>\n<td style=\"width: 95.5312px\"><span style=\"font-size: 19px\">0,0 g<\/span><\/td>\n<\/tr>\n<tr>\n<td style=\"width: 222px\"><span style=\"font-size: 19px\">Hiilihydraatit<\/span><\/td>\n<td style=\"width: 95.5312px\"><span style=\"font-size: 19px\">1,23 g<\/span><\/td>\n<\/tr>\n<tr>\n<td style=\"width: 222px\"><span style=\"font-size: 19px\">Natrium<\/span><\/td>\n<td style=\"width: 95.5312px\"><span style=\"font-size: 19px\">0,57 g<\/span><\/td>\n<\/tr>\n<tr>\n<td style=\"width: 222px\"><span style=\"font-size: 19px\">Proteiini<\/span><\/td>\n<td style=\"width: 95.5312px\"><span style=\"font-size: 19px\">0,21 g<\/span><\/td>\n<\/tr>\n<tr>\n<td style=\"width: 222px\"><span style=\"font-size: 19px\">Sokeri<\/span><\/td>\n<td style=\"width: 95.5312px\"><span style=\"font-size: 19px\">0,48 g<\/span><\/td>\n<\/tr>\n<\/tbody>\n<\/table>\n","protected":false},"excerpt":{"rendered":"<p>Pickled mix liteh. Ainesosat: Etikka, munakoiso, suolakurkku,kukkakaali, porkkana, selleri, persilja, suola,nigellansiemenet, kurkuma, minttu. S\u00e4ilytys: Viile\u00e4ss\u00e4 ja kuivassa j\u00e4\u00e4kaapissaavaamisen j\u00e4lkeen. Ravintosis\u00e4lt\u00f6<\/p>\n","protected":false},"featured_media":49357,"template":"","meta":{"om_disable_all_campaigns":false,"_monsterinsights_skip_tracking":false,"_monsterinsights_sitenote_active":false,"_monsterinsights_sitenote_note":"","_monsterinsights_sitenote_category":0},"location":[1422],"product_brand":[1423],"product_cat":[1360],"product_tag":[],"class_list":{"0":"post-43530","1":"product","2":"type-product","3":"status-publish","4":"has-post-thumbnail","6":"location-v","7":"product_brand-ararat-ari-food","8":"product_cat-silykeetvihannekset-fi","9":"stock_type-prk-en","11":"first","12":"instock","13":"taxable","14":"shipping-taxable","15":"purchasable","16":"product-type-simple"},"aioseo_notices":[],"locations":[{"id":1422,"name":"v","slug":"v","quantity":"60"}],"_links":{"self":[{"href":"https:\/\/araratfinland.com\/en\/wp-json\/wp\/v2\/product\/43530","targetHints":{"allow":["GET"]}}],"collection":[{"href":"https:\/\/araratfinland.com\/en\/wp-json\/wp\/v2\/product"}],"about":[{"href":"https:\/\/araratfinland.com\/en\/wp-json\/wp\/v2\/types\/product"}],"version-history":[{"count":1,"href":"https:\/\/araratfinland.com\/en\/wp-json\/wp\/v2\/product\/43530\/revisions"}],"predecessor-version":[{"id":49359,"href":"https:\/\/araratfinland.com\/en\/wp-json\/wp\/v2\/product\/43530\/revisions\/49359"}],"wp:featuredmedia":[{"embeddable":true,"href":"https:\/\/araratfinland.com\/en\/wp-json\/wp\/v2\/media\/49357"}],"wp:attachment":[{"href":"https:\/\/araratfinland.com\/en\/wp-json\/wp\/v2\/media?parent=43530"}],"wp:term":[{"taxonomy":"location","embeddable":true,"href":"https:\/\/araratfinland.com\/en\/wp-json\/wp\/v2\/location?post=43530"},{"taxonomy":"product_brand","embeddable":true,"href":"https:\/\/araratfinland.com\/en\/wp-json\/wp\/v2\/product_brand?post=43530"},{"taxonomy":"product_cat","embeddable":true,"href":"https:\/\/araratfinland.com\/en\/wp-json\/wp\/v2\/product_cat?post=43530"},{"taxonomy":"product_tag","embeddable":true,"href":"https:\/\/araratfinland.com\/en\/wp-json\/wp\/v2\/product_tag?post=43530"}],"curies":[{"name":"wp","href":"https:\/\/api.w.org\/{rel}","templated":true}]}}