{"id":43505,"date":"2024-06-02T02:18:37","date_gmt":"2024-06-01T23:18:37","guid":{"rendered":"https:\/\/araratfinland.com\/product\/syvapaisto-oljy-10-l\/"},"modified":"2025-11-13T10:36:19","modified_gmt":"2025-11-13T08:36:19","slug":"syvapaisto-oljy-10-l","status":"publish","type":"product","link":"https:\/\/araratfinland.com\/en\/product\/syvapaisto-oljy-10-l\/","title":{"rendered":"Syv\u00e4paisto \u00f6ljy 10 L"},"content":{"rendered":"<h4><span style=\"font-size: 19px;color: #000000\"><strong>Syv\u00e4paisto \u00f6ljy.<\/strong><\/span><\/h4>\n<h4><span style=\"color: #000000\"><span style=\"font-size: 19px\"><strong>Ainesosat: <\/strong>Rypsi\u00f6ljy (rypsin ja rapsin siemen (EU),<br \/><\/span><span style=\"font-size: 19px\">hapettumisenestoaine (E304), vaahdonestoaine (E900).<\/span><\/span><\/h4>\n<h4><span style=\"font-size: 19px;color: #000000\"><strong>S\u00e4ilytys: H<\/strong>uoneenl\u00e4mm\u00f6ss\u00e4 valolta suojattuna.<\/span><\/h4>\n<table style=\"height: 361px;width: 407px\">\n<tbody>\n<tr style=\"height: 4px\">\n<td style=\"width: 386px;height: 4px\" colspan=\"2\"><span style=\"font-size: 19px;color: #000000\"><strong>Ravintosis\u00e4lt\u00f6 per 100g<\/strong><\/span><\/td>\n<\/tr>\n<\/tbody>\n<tbody>\n<tr style=\"height: 1px\">\n<td style=\"width: 205.344px;height: 1px\"><span style=\"font-size: 19px;color: #000000\">Energiaa<\/span><\/td>\n<td style=\"width: 180.656px;height: 1px\"><span style=\"font-size: 19px;color: #000000\">3700 kj \/ 900 kcal<\/span><\/td>\n<\/tr>\n<tr style=\"height: 11px\">\n<td style=\"width: 205.344px;height: 11px\"><span style=\"font-size: 19px;color: #000000\">Rasva<\/span><\/td>\n<td style=\"width: 180.656px;height: 11px\"><span style=\"font-size: 19px;color: #000000\">100 g<\/span><\/td>\n<\/tr>\n<tr style=\"height: 7px\">\n<td style=\"width: 205.344px;height: 7px\"><span style=\"font-size: 19px;color: #000000\">josta tyydyttynytt\u00e4<\/span><\/td>\n<td style=\"width: 180.656px;height: 7px\"><span style=\"font-size: 19px;color: #000000\">7 g<\/span><\/td>\n<\/tr>\n<tr style=\"height: 5px\">\n<td style=\"width: 205.344px;height: 5px\"><span style=\"font-size: 19px;color: #000000\">Hiilihydraatit<\/span><\/td>\n<td style=\"width: 180.656px;height: 5px\"><span style=\"font-size: 19px;color: #000000\">0 g<\/span><\/td>\n<\/tr>\n<tr style=\"height: 5px\">\n<td style=\"width: 205.344px;height: 5px\"><span style=\"font-size: 19px;color: #000000\">josta sokereita<\/span><\/td>\n<td style=\"width: 180.656px;height: 5px\"><span style=\"font-size: 19px;color: #000000\">0 g<\/span><\/td>\n<\/tr>\n<tr style=\"height: 18px\">\n<td style=\"width: 205.344px;height: 18px\"><span style=\"font-size: 19px;color: #000000\">Proteiini<\/span><\/td>\n<td style=\"width: 180.656px;height: 18px\"><span style=\"font-size: 19px;color: #000000\">0 g<\/span><\/td>\n<\/tr>\n<tr style=\"height: 11px\">\n<td style=\"width: 205.344px;height: 11px\"><span style=\"font-size: 19px;color: #000000\">Suola<\/span><\/td>\n<td style=\"width: 180.656px;height: 11px\"><span style=\"font-size: 19px;color: #000000\">0 g<\/span><\/td>\n<\/tr>\n<\/tbody>\n<\/table>\n","protected":false},"excerpt":{"rendered":"<p>Syv\u00e4paisto \u00f6ljy. Ainesosat: Rypsi\u00f6ljy (rypsin ja rapsin siemen (EU),hapettumisenestoaine (E304), vaahdonestoaine (E900). S\u00e4ilytys: Huoneenl\u00e4mm\u00f6ss\u00e4 valolta suojattuna. Ravintosis\u00e4lt\u00f6 per 100g Energiaa<\/p>\n","protected":false},"featured_media":100241,"template":"","meta":{"om_disable_all_campaigns":false,"_monsterinsights_skip_tracking":false,"_monsterinsights_sitenote_active":false,"_monsterinsights_sitenote_note":"","_monsterinsights_sitenote_category":0},"location":[1422],"product_brand":[1423],"product_cat":[1469],"product_tag":[],"class_list":{"0":"post-43505","1":"product","2":"type-product","3":"status-publish","4":"has-post-thumbnail","6":"location-v","7":"product_brand-ararat-ari-food","8":"product_cat-restaurant-en-2","9":"stock_type-tlk-en","11":"first","12":"instock","13":"taxable","14":"shipping-taxable","15":"purchasable","16":"product-type-simple"},"aioseo_notices":[],"locations":[{"id":1422,"name":"v","slug":"v","quantity":"0"}],"_links":{"self":[{"href":"https:\/\/araratfinland.com\/en\/wp-json\/wp\/v2\/product\/43505","targetHints":{"allow":["GET"]}}],"collection":[{"href":"https:\/\/araratfinland.com\/en\/wp-json\/wp\/v2\/product"}],"about":[{"href":"https:\/\/araratfinland.com\/en\/wp-json\/wp\/v2\/types\/product"}],"version-history":[{"count":1,"href":"https:\/\/araratfinland.com\/en\/wp-json\/wp\/v2\/product\/43505\/revisions"}],"predecessor-version":[{"id":49789,"href":"https:\/\/araratfinland.com\/en\/wp-json\/wp\/v2\/product\/43505\/revisions\/49789"}],"wp:featuredmedia":[{"embeddable":true,"href":"https:\/\/araratfinland.com\/en\/wp-json\/wp\/v2\/media\/100241"}],"wp:attachment":[{"href":"https:\/\/araratfinland.com\/en\/wp-json\/wp\/v2\/media?parent=43505"}],"wp:term":[{"taxonomy":"location","embeddable":true,"href":"https:\/\/araratfinland.com\/en\/wp-json\/wp\/v2\/location?post=43505"},{"taxonomy":"product_brand","embeddable":true,"href":"https:\/\/araratfinland.com\/en\/wp-json\/wp\/v2\/product_brand?post=43505"},{"taxonomy":"product_cat","embeddable":true,"href":"https:\/\/araratfinland.com\/en\/wp-json\/wp\/v2\/product_cat?post=43505"},{"taxonomy":"product_tag","embeddable":true,"href":"https:\/\/araratfinland.com\/en\/wp-json\/wp\/v2\/product_tag?post=43505"}],"curies":[{"name":"wp","href":"https:\/\/api.w.org\/{rel}","templated":true}]}}