{"id":43501,"date":"2024-06-02T02:18:36","date_gmt":"2024-06-01T23:18:36","guid":{"rendered":"https:\/\/araratfinland.com\/product\/vimto-drink-2-l\/"},"modified":"2025-11-17T08:54:56","modified_gmt":"2025-11-17T06:54:56","slug":"vimto-drink-2-l","status":"publish","type":"product","link":"https:\/\/araratfinland.com\/en\/product\/vimto-drink-2-l\/","title":{"rendered":"Vimto drink 2 L"},"content":{"rendered":"<div><span style=\"color: #000000\"><span style=\"font-size: 18px\"><strong>Ainesosat:<\/strong>\u00a0Sokeri, vesi, musta porkkana,<br \/>mustaherukka\u00a0<\/span><span style=\"font-size: 18px\">mehutiiviste,v\u00e4ri karamelli,<br \/>mausteyrtit, p\u00e4\u00e4ryn\u00e4 mehutiiviste,<\/span><\/span><\/div>\n<div><span style=\"font-size: 18px;color: #000000\">happamoittaja sitruunahappo,s\u00e4il\u00f6nt\u00e4aineen\u00a0<\/span><\/div>\n<div><span style=\"color: #000000\"><span style=\"font-size: 18px\">natriumbentsoaatti, ei sis\u00e4ll\u00e4 keinotekoisia v\u00e4rej\u00e4.<\/p>\n<p><strong>S\u00e4ilytys:\u00a0<\/strong><\/span><span style=\"font-size: 18px\">Kuivassa ja viile\u00e4ss\u00e4 paikassa,<br \/>poissa auringolta.<\/p>\n<p><\/span><\/span> <\/p>\n<table style=\"width: 329px\">\n<tbody>\n<tr style=\"height: 22px\">\n<td style=\"width: 316px;height: 22px\" colspan=\"2\"><span style=\"font-size: 18px;color: #000000\"><strong>Ravintosis\u00e4lt\u00f6 per 100g<\/strong><\/span><\/td>\n<\/tr>\n<\/tbody>\n<tbody>\n<tr style=\"height: 22px\">\n<td style=\"width: 221px;height: 22px\"><span style=\"font-size: 18px;color: #000000\">Energia<\/span><\/td>\n<td style=\"width: 95px;height: 22px\"><span style=\"font-size: 18px;color: #000000\">53 kcal<\/span><\/td>\n<\/tr>\n<tr style=\"height: 22px\">\n<td style=\"width: 221px;height: 22px\"><span style=\"font-size: 18px;color: #000000\">Rasva<\/span><\/td>\n<td style=\"width: 95px;height: 22px\"><span style=\"font-size: 18px;color: #000000\">0 g<\/span><\/td>\n<\/tr>\n<tr style=\"height: 14px\">\n<td style=\"width: 221px;height: 14px\"><span style=\"font-size: 18px;color: #000000\">josta tyydyttyneitt\u00e4<\/span><\/td>\n<td style=\"width: 95px;height: 14px\"><span style=\"font-size: 18px;color: #000000\">0 g<\/span><\/td>\n<\/tr>\n<tr style=\"height: 22px\">\n<td style=\"width: 221px;height: 22px\"><span style=\"font-size: 18px;color: #000000\">Hiilihydraatit<\/span><\/td>\n<td style=\"width: 95px;height: 22px\"><span style=\"font-size: 18px;color: #000000\">13,3 g<\/span><\/td>\n<\/tr>\n<tr style=\"height: 22px\">\n<td style=\"width: 221px;height: 22px\"><span style=\"font-size: 18px;color: #000000\">josta sokereita<\/span><\/td>\n<td style=\"width: 95px;height: 22px\"><span style=\"font-size: 18px;color: #000000\">13,2 g<\/span><\/td>\n<\/tr>\n<tr style=\"height: 22px\">\n<td style=\"width: 221px;height: 22px\"><span style=\"font-size: 18px;color: #000000\">Proteiini<\/span><\/td>\n<td style=\"width: 95px;height: 22px\"><span style=\"font-size: 18px;color: #000000\">0 g<\/span><\/td>\n<\/tr>\n<tr style=\"height: 22px\">\n<td style=\"width: 221px;height: 22px\"><span style=\"font-size: 18px;color: #000000\">Suola<br \/><\/span><\/td>\n<td style=\"width: 95px;height: 22px\"><span style=\"font-size: 18px;color: #000000\">0 g<br \/><\/span><\/td>\n<\/tr>\n<\/tbody>\n<\/table><\/div>\n","protected":false},"excerpt":{"rendered":"<p>Ainesosat:\u00a0Sokeri, vesi, musta porkkana,mustaherukka\u00a0mehutiiviste,v\u00e4ri karamelli,mausteyrtit, p\u00e4\u00e4ryn\u00e4 mehutiiviste, happamoittaja sitruunahappo,s\u00e4il\u00f6nt\u00e4aineen\u00a0 natriumbentsoaatti, ei sis\u00e4ll\u00e4 keinotekoisia v\u00e4rej\u00e4. S\u00e4ilytys:\u00a0Kuivassa ja viile\u00e4ss\u00e4 paikassa,poissa auringolta. Ravintosis\u00e4lt\u00f6<\/p>\n","protected":false},"featured_media":100582,"template":"","meta":{"om_disable_all_campaigns":false,"_monsterinsights_skip_tracking":false,"_monsterinsights_sitenote_active":false,"_monsterinsights_sitenote_note":"","_monsterinsights_sitenote_category":0},"location":[1422],"product_brand":[1423],"product_cat":[1480],"product_tag":[],"class_list":{"0":"post-43501","1":"product","2":"type-product","3":"status-publish","4":"has-post-thumbnail","6":"location-v","7":"product_brand-ararat-ari-food","8":"product_cat-mehut-nesteet-en","9":"stock_type-pll-en","11":"first","12":"instock","13":"taxable","14":"shipping-taxable","15":"purchasable","16":"product-type-simple"},"aioseo_notices":[],"locations":[{"id":1422,"name":"v","slug":"v","quantity":"96"}],"_links":{"self":[{"href":"https:\/\/araratfinland.com\/en\/wp-json\/wp\/v2\/product\/43501","targetHints":{"allow":["GET"]}}],"collection":[{"href":"https:\/\/araratfinland.com\/en\/wp-json\/wp\/v2\/product"}],"about":[{"href":"https:\/\/araratfinland.com\/en\/wp-json\/wp\/v2\/types\/product"}],"version-history":[{"count":1,"href":"https:\/\/araratfinland.com\/en\/wp-json\/wp\/v2\/product\/43501\/revisions"}],"predecessor-version":[{"id":48836,"href":"https:\/\/araratfinland.com\/en\/wp-json\/wp\/v2\/product\/43501\/revisions\/48836"}],"wp:featuredmedia":[{"embeddable":true,"href":"https:\/\/araratfinland.com\/en\/wp-json\/wp\/v2\/media\/100582"}],"wp:attachment":[{"href":"https:\/\/araratfinland.com\/en\/wp-json\/wp\/v2\/media?parent=43501"}],"wp:term":[{"taxonomy":"location","embeddable":true,"href":"https:\/\/araratfinland.com\/en\/wp-json\/wp\/v2\/location?post=43501"},{"taxonomy":"product_brand","embeddable":true,"href":"https:\/\/araratfinland.com\/en\/wp-json\/wp\/v2\/product_brand?post=43501"},{"taxonomy":"product_cat","embeddable":true,"href":"https:\/\/araratfinland.com\/en\/wp-json\/wp\/v2\/product_cat?post=43501"},{"taxonomy":"product_tag","embeddable":true,"href":"https:\/\/araratfinland.com\/en\/wp-json\/wp\/v2\/product_tag?post=43501"}],"curies":[{"name":"wp","href":"https:\/\/api.w.org\/{rel}","templated":true}]}}