{"id":43486,"date":"2024-06-02T02:18:33","date_gmt":"2024-06-01T23:18:33","guid":{"rendered":"https:\/\/araratfinland.com\/product\/hemani-partaoljy-12x30-ml\/"},"modified":"2025-09-11T14:35:00","modified_gmt":"2025-09-11T11:35:00","slug":"hemani-partaoljy-12x30-ml","status":"publish","type":"product","link":"https:\/\/araratfinland.com\/en\/product\/hemani-partaoljy-12x30-ml\/","title":{"rendered":"Hemani parta\u00f6ljy 12&#215;30 ml"},"content":{"rendered":"<h3><span style=\"font-size: 18px\"><strong>Tuotetiedot:<\/strong><\/span><\/h3>\n<h4><span style=\"font-size: 18px\">Parta ravitseva \u00f6ljy Oudh-tuoksulla on eritt\u00e4in kosteuttava<br \/>parta\u00f6ljy, joka on valmistettu\u00a0<\/span><span style=\"font-size: 18px\">eteeristen \u00f6ljyjen sekoituksesta<br \/>parta hoitamaan ja ravitsemaan ihoa alla.\u00a0<\/span><span style=\"font-size: 18px\">Tea Tree Oil<br \/>v\u00e4hent\u00e4\u00e4 kutinaa ja Minttu\u00f6ljy antaa raikkaan tuoksun.<br \/><\/span><span style=\"font-size: 18px\">Saavuta terveen n\u00e4k\u00f6inen parta ja helpotus sen kutisevasta,<br \/>hilseilev\u00e4st\u00e4 ihosta.<\/span><\/h4>\n<h4><span style=\"font-size: 18px\"><strong>Ainesosat:\u00a0<\/strong>Ryp\u00e4leensiemen\u00f6ljy, argan\u00f6ljy, setri\u00f6ljy, jojoba\u00f6ljy,<br \/>manteli\u00f6ljy,\u00a0<\/span><span style=\"font-size: 18px\">risiini\u00f6ljy, minttu\u00f6ljy, teepuu\u00f6ljy, E-vitamiini, tuoksu.<\/p>\n<p><strong>S\u00e4ilytys ja k\u00e4ytt\u00f6ohjeet:<\/strong><\/span><span style=\"font-size: 18px\"><strong><span style=\",sans-serif;color: #333333\">\u00a0<\/span><\/strong>Ota muutama tippa \u00f6ljy\u00e4 k\u00e4siin ja levit\u00e4<br \/>puhtaalle partalle.\u00a0<\/span><span style=\"font-size: 18px\">Saat parhaat tulokset k\u00e4ytt\u00e4m\u00e4ll\u00e4 p\u00e4ivitt\u00e4in.<br \/>V\u00e4lt\u00e4 katsekontaktia.\u00a0<\/span><span style=\"font-size: 18px\">S\u00e4ilyt\u00e4 kuivassa ja viile\u00e4ss\u00e4 paikassa.<\/span><\/h4>\n<h4><span style=\"font-size: 18px\"><strong>Alkuper\u00e4maa:\u00a0<\/strong>Valmistettu Pakistanissa.<\/span><\/h4>\n","protected":false},"excerpt":{"rendered":"<p>Tuotetiedot: Parta ravitseva \u00f6ljy Oudh-tuoksulla on eritt\u00e4in kosteuttavaparta\u00f6ljy, joka on valmistettu\u00a0eteeristen \u00f6ljyjen sekoituksestaparta hoitamaan ja ravitsemaan ihoa alla.\u00a0Tea Tree Oilv\u00e4hent\u00e4\u00e4<\/p>\n","protected":false},"featured_media":90212,"template":"","meta":{"om_disable_all_campaigns":false,"_monsterinsights_skip_tracking":false,"_monsterinsights_sitenote_active":false,"_monsterinsights_sitenote_note":"","_monsterinsights_sitenote_category":0},"location":[1422],"product_brand":[1423],"product_cat":[1372],"product_tag":[],"class_list":{"0":"post-43486","1":"product","2":"type-product","3":"status-publish","4":"has-post-thumbnail","6":"location-v","7":"product_brand-ararat-ari-food","8":"product_cat-hemani-tuotteet-fi","9":"stock_type-ltk-en","11":"first","12":"instock","13":"taxable","14":"shipping-taxable","15":"purchasable","16":"product-type-simple"},"aioseo_notices":[],"locations":[{"id":1422,"name":"v","slug":"v","quantity":"0"}],"_links":{"self":[{"href":"https:\/\/araratfinland.com\/en\/wp-json\/wp\/v2\/product\/43486","targetHints":{"allow":["GET"]}}],"collection":[{"href":"https:\/\/araratfinland.com\/en\/wp-json\/wp\/v2\/product"}],"about":[{"href":"https:\/\/araratfinland.com\/en\/wp-json\/wp\/v2\/types\/product"}],"version-history":[{"count":1,"href":"https:\/\/araratfinland.com\/en\/wp-json\/wp\/v2\/product\/43486\/revisions"}],"predecessor-version":[{"id":51842,"href":"https:\/\/araratfinland.com\/en\/wp-json\/wp\/v2\/product\/43486\/revisions\/51842"}],"wp:featuredmedia":[{"embeddable":true,"href":"https:\/\/araratfinland.com\/en\/wp-json\/wp\/v2\/media\/90212"}],"wp:attachment":[{"href":"https:\/\/araratfinland.com\/en\/wp-json\/wp\/v2\/media?parent=43486"}],"wp:term":[{"taxonomy":"location","embeddable":true,"href":"https:\/\/araratfinland.com\/en\/wp-json\/wp\/v2\/location?post=43486"},{"taxonomy":"product_brand","embeddable":true,"href":"https:\/\/araratfinland.com\/en\/wp-json\/wp\/v2\/product_brand?post=43486"},{"taxonomy":"product_cat","embeddable":true,"href":"https:\/\/araratfinland.com\/en\/wp-json\/wp\/v2\/product_cat?post=43486"},{"taxonomy":"product_tag","embeddable":true,"href":"https:\/\/araratfinland.com\/en\/wp-json\/wp\/v2\/product_tag?post=43486"}],"curies":[{"name":"wp","href":"https:\/\/api.w.org\/{rel}","templated":true}]}}