{"id":43474,"date":"2024-06-02T02:18:31","date_gmt":"2024-06-01T23:18:31","guid":{"rendered":"https:\/\/araratfinland.com\/product\/naz-rock-candy-saffraan-550g\/"},"modified":"2025-09-12T15:04:43","modified_gmt":"2025-09-12T12:04:43","slug":"naz-rock-candy-saffraan-550g","status":"publish","type":"product","link":"https:\/\/araratfinland.com\/en\/product\/naz-rock-candy-saffraan-550g\/","title":{"rendered":"Naz Rock Candy Saffraan 550g"},"content":{"rendered":"<h4><span style=\"font-size: 19px;color: #000000\"><strong>Ainesosat: <\/strong>Sokeri, vesi,saffraan<\/span><\/h4>\n<h4><span style=\"font-size: 19px;color: #000000\"><strong>S\u00e4ilytys: <\/strong>Viile\u00e4ss\u00e4 ja kuivassa<br \/>paikassa, poissa auringonvalosta.<\/span><\/h4>\n<table style=\"width: 305.141px\">\n<tbody>\n<tr>\n<td style=\"width: 286.141px\" colspan=\"2\"><span style=\"font-size: 19px;color: #000000\"><strong>Ravintosis\u00e4lt\u00f6 per 100g<\/strong><\/span><\/td>\n<\/tr>\n<\/tbody>\n<tbody>\n<tr>\n<td style=\"width: 195px\"><span style=\"font-size: 19px;color: #000000\">Energia<\/span><\/td>\n<td style=\"width: 91.1406px\"><span style=\"font-size: 19px;color: #000000\">19,7 kcal<\/span><\/td>\n<\/tr>\n<tr>\n<td style=\"width: 195px\"><span style=\"font-size: 19px;color: #000000\">Rasva<\/span><\/td>\n<td style=\"width: 91.1406px\"><span style=\"font-size: 19px;color: #000000\">0 g<\/span><\/td>\n<\/tr>\n<tr>\n<td style=\"width: 195px\"><span style=\"font-size: 19px;color: #000000\">josta tyydyttyneitt\u00e4<\/span><\/td>\n<td style=\"width: 91.1406px\"><span style=\"font-size: 19px;color: #000000\">0 g<\/span><\/td>\n<\/tr>\n<tr>\n<td style=\"width: 195px\"><span style=\"font-size: 19px;color: #000000\">Hiilihydraatit<\/span><\/td>\n<td style=\"width: 91.1406px\"><span style=\"font-size: 19px;color: #000000\">98 g<\/span><\/td>\n<\/tr>\n<tr>\n<td style=\"width: 195px\"><span style=\"font-size: 19px;color: #000000\">Natrium<\/span><\/td>\n<td style=\"width: 91.1406px\"><span style=\"font-size: 19px;color: #000000\">19 mg<\/span><\/td>\n<\/tr>\n<tr>\n<td style=\"width: 195px\"><span style=\"font-size: 19px;color: #000000\">Proteiini<\/span><\/td>\n<td style=\"width: 91.1406px\"><span style=\"font-size: 19px;color: #000000\">0 g<\/span><\/td>\n<\/tr>\n<tr>\n<td style=\"width: 195px\"><span style=\"font-size: 19px;color: #000000\">Sokeri<\/span><\/td>\n<td style=\"width: 91.1406px\"><span style=\"font-size: 19px;color: #000000\">97,6 g<\/span><\/td>\n<\/tr>\n<\/tbody>\n<\/table>\n","protected":false},"excerpt":{"rendered":"<p>Ainesosat: Sokeri, vesi,saffraan S\u00e4ilytys: Viile\u00e4ss\u00e4 ja kuivassapaikassa, poissa auringonvalosta. Ravintosis\u00e4lt\u00f6 per 100g Energia 19,7 kcal Rasva 0 g josta tyydyttyneitt\u00e4<\/p>\n","protected":false},"featured_media":91579,"template":"","meta":{"om_disable_all_campaigns":false,"_monsterinsights_skip_tracking":false,"_monsterinsights_sitenote_active":false,"_monsterinsights_sitenote_note":"","_monsterinsights_sitenote_category":0},"location":[1422],"product_brand":[1423],"product_cat":[1324],"product_tag":[],"class_list":{"0":"post-43474","1":"product","2":"type-product","3":"status-publish","4":"has-post-thumbnail","6":"location-v","7":"product_brand-ararat-ari-food","8":"product_cat-makeiset-fi","9":"stock_type-pcs-en","11":"first","12":"instock","13":"taxable","14":"shipping-taxable","15":"purchasable","16":"product-type-simple"},"aioseo_notices":[],"locations":[{"id":1422,"name":"v","slug":"v","quantity":"54"}],"_links":{"self":[{"href":"https:\/\/araratfinland.com\/en\/wp-json\/wp\/v2\/product\/43474","targetHints":{"allow":["GET"]}}],"collection":[{"href":"https:\/\/araratfinland.com\/en\/wp-json\/wp\/v2\/product"}],"about":[{"href":"https:\/\/araratfinland.com\/en\/wp-json\/wp\/v2\/types\/product"}],"version-history":[{"count":2,"href":"https:\/\/araratfinland.com\/en\/wp-json\/wp\/v2\/product\/43474\/revisions"}],"predecessor-version":[{"id":61389,"href":"https:\/\/araratfinland.com\/en\/wp-json\/wp\/v2\/product\/43474\/revisions\/61389"}],"wp:featuredmedia":[{"embeddable":true,"href":"https:\/\/araratfinland.com\/en\/wp-json\/wp\/v2\/media\/91579"}],"wp:attachment":[{"href":"https:\/\/araratfinland.com\/en\/wp-json\/wp\/v2\/media?parent=43474"}],"wp:term":[{"taxonomy":"location","embeddable":true,"href":"https:\/\/araratfinland.com\/en\/wp-json\/wp\/v2\/location?post=43474"},{"taxonomy":"product_brand","embeddable":true,"href":"https:\/\/araratfinland.com\/en\/wp-json\/wp\/v2\/product_brand?post=43474"},{"taxonomy":"product_cat","embeddable":true,"href":"https:\/\/araratfinland.com\/en\/wp-json\/wp\/v2\/product_cat?post=43474"},{"taxonomy":"product_tag","embeddable":true,"href":"https:\/\/araratfinland.com\/en\/wp-json\/wp\/v2\/product_tag?post=43474"}],"curies":[{"name":"wp","href":"https:\/\/api.w.org\/{rel}","templated":true}]}}