{"id":43461,"date":"2024-06-02T02:18:28","date_gmt":"2024-06-01T23:18:28","guid":{"rendered":"https:\/\/araratfinland.com\/product\/cashewpahkina-halkaistu-500-g\/"},"modified":"2025-02-13T13:47:20","modified_gmt":"2025-02-13T11:47:20","slug":"cashewpahkina-halkaistu-500-g","status":"publish","type":"product","link":"https:\/\/araratfinland.com\/en\/product\/cashewpahkina-halkaistu-500-g\/","title":{"rendered":"Cashewp\u00e4hkin\u00e4 halkaistu 500 g"},"content":{"rendered":"<p><span style=\"color: #000000\"><strong><span style=\"font-size: 18px\">Ainesosat: <\/span><\/strong><span style=\"font-size: 18px\">H<\/span><span style=\"font-size: 18px\">alkaistu cashewp\u00e4hkin\u00e4.<\/span><\/span><br \/><span style=\"color: #000000\"><strong><span style=\"font-size: 18px\">S\u00e4ilytys: <\/span><\/strong><span style=\"font-size: 18px\">Kuivassa ja viile\u00e4ss\u00e4 paikassa.<\/span><\/span><\/p>\n","protected":false},"excerpt":{"rendered":"<p>Ainesosat: Halkaistu cashewp\u00e4hkin\u00e4.S\u00e4ilytys: Kuivassa ja viile\u00e4ss\u00e4 paikassa.<\/p>\n","protected":false},"featured_media":70282,"template":"","meta":{"om_disable_all_campaigns":false,"_monsterinsights_skip_tracking":false,"_monsterinsights_sitenote_active":false,"_monsterinsights_sitenote_note":"","_monsterinsights_sitenote_category":0},"location":[1422],"product_brand":[1423],"product_cat":[1479],"product_tag":[],"class_list":{"0":"post-43461","1":"product","2":"type-product","3":"status-publish","4":"has-post-thumbnail","6":"location-v","7":"product_brand-ararat-ari-food","8":"product_cat-phkintrusinat-en-kuiva-tuotteet-fi-2","9":"stock_type-pss-en","11":"first","12":"instock","13":"taxable","14":"shipping-taxable","15":"purchasable","16":"product-type-simple"},"aioseo_notices":[],"locations":[{"id":1422,"name":"v","slug":"v","quantity":"15"}],"_links":{"self":[{"href":"https:\/\/araratfinland.com\/en\/wp-json\/wp\/v2\/product\/43461","targetHints":{"allow":["GET"]}}],"collection":[{"href":"https:\/\/araratfinland.com\/en\/wp-json\/wp\/v2\/product"}],"about":[{"href":"https:\/\/araratfinland.com\/en\/wp-json\/wp\/v2\/types\/product"}],"version-history":[{"count":1,"href":"https:\/\/araratfinland.com\/en\/wp-json\/wp\/v2\/product\/43461\/revisions"}],"predecessor-version":[{"id":56414,"href":"https:\/\/araratfinland.com\/en\/wp-json\/wp\/v2\/product\/43461\/revisions\/56414"}],"wp:featuredmedia":[{"embeddable":true,"href":"https:\/\/araratfinland.com\/en\/wp-json\/wp\/v2\/media\/70282"}],"wp:attachment":[{"href":"https:\/\/araratfinland.com\/en\/wp-json\/wp\/v2\/media?parent=43461"}],"wp:term":[{"taxonomy":"location","embeddable":true,"href":"https:\/\/araratfinland.com\/en\/wp-json\/wp\/v2\/location?post=43461"},{"taxonomy":"product_brand","embeddable":true,"href":"https:\/\/araratfinland.com\/en\/wp-json\/wp\/v2\/product_brand?post=43461"},{"taxonomy":"product_cat","embeddable":true,"href":"https:\/\/araratfinland.com\/en\/wp-json\/wp\/v2\/product_cat?post=43461"},{"taxonomy":"product_tag","embeddable":true,"href":"https:\/\/araratfinland.com\/en\/wp-json\/wp\/v2\/product_tag?post=43461"}],"curies":[{"name":"wp","href":"https:\/\/api.w.org\/{rel}","templated":true}]}}