{"id":43449,"date":"2024-06-02T02:18:26","date_gmt":"2024-06-01T23:18:26","guid":{"rendered":"https:\/\/araratfinland.com\/product\/thai-file-block-12-kg-2\/"},"modified":"2025-11-04T16:35:32","modified_gmt":"2025-11-04T14:35:32","slug":"thai-file-block-12-kg-2","status":"publish","type":"product","link":"https:\/\/araratfinland.com\/en\/product\/thai-file-block-12-kg-2\/","title":{"rendered":"Thai file block 12 kg"},"content":{"rendered":"<h4><span style=\"font-size: 19px;color: #000000\"><strong>Thai file block.<\/strong><\/span><\/h4>\n<h4><span style=\"font-size: 19px;color: #000000\">Pakastettu broilerin rintafilee, nahaton,<br \/>luuton, ilman sis\u00e4fileet\u00e4. Suolattu.<\/span><\/h4>\n<h4><span style=\"font-size: 19px;color: #000000\"><strong>Alkuper\u00e4maa: <\/strong>Thaimaa.<\/span><\/h4>\n","protected":false},"excerpt":{"rendered":"<p>Thai file block. Pakastettu broilerin rintafilee, nahaton,luuton, ilman sis\u00e4fileet\u00e4. Suolattu. Alkuper\u00e4maa: Thaimaa.<\/p>\n","protected":false},"featured_media":98626,"template":"","meta":{"om_disable_all_campaigns":false,"_monsterinsights_skip_tracking":false,"_monsterinsights_sitenote_active":false,"_monsterinsights_sitenote_note":"","_monsterinsights_sitenote_category":0},"location":[1422],"product_brand":[1423],"product_cat":[1464],"product_tag":[],"class_list":{"0":"post-43449","1":"product","2":"type-product","3":"status-publish","4":"has-post-thumbnail","6":"location-v","7":"product_brand-ararat-ari-food","8":"product_cat-pakasteet-en-2","9":"stock_type-ltk-en","11":"first","12":"instock","13":"taxable","14":"shipping-taxable","15":"purchasable","16":"product-type-simple"},"aioseo_notices":[],"locations":[{"id":1422,"name":"v","slug":"v","quantity":"87"}],"_links":{"self":[{"href":"https:\/\/araratfinland.com\/en\/wp-json\/wp\/v2\/product\/43449","targetHints":{"allow":["GET"]}}],"collection":[{"href":"https:\/\/araratfinland.com\/en\/wp-json\/wp\/v2\/product"}],"about":[{"href":"https:\/\/araratfinland.com\/en\/wp-json\/wp\/v2\/types\/product"}],"version-history":[{"count":1,"href":"https:\/\/araratfinland.com\/en\/wp-json\/wp\/v2\/product\/43449\/revisions"}],"predecessor-version":[{"id":50578,"href":"https:\/\/araratfinland.com\/en\/wp-json\/wp\/v2\/product\/43449\/revisions\/50578"}],"wp:featuredmedia":[{"embeddable":true,"href":"https:\/\/araratfinland.com\/en\/wp-json\/wp\/v2\/media\/98626"}],"wp:attachment":[{"href":"https:\/\/araratfinland.com\/en\/wp-json\/wp\/v2\/media?parent=43449"}],"wp:term":[{"taxonomy":"location","embeddable":true,"href":"https:\/\/araratfinland.com\/en\/wp-json\/wp\/v2\/location?post=43449"},{"taxonomy":"product_brand","embeddable":true,"href":"https:\/\/araratfinland.com\/en\/wp-json\/wp\/v2\/product_brand?post=43449"},{"taxonomy":"product_cat","embeddable":true,"href":"https:\/\/araratfinland.com\/en\/wp-json\/wp\/v2\/product_cat?post=43449"},{"taxonomy":"product_tag","embeddable":true,"href":"https:\/\/araratfinland.com\/en\/wp-json\/wp\/v2\/product_tag?post=43449"}],"curies":[{"name":"wp","href":"https:\/\/api.w.org\/{rel}","templated":true}]}}