{"id":43439,"date":"2024-06-02T02:18:24","date_gmt":"2024-06-01T23:18:24","guid":{"rendered":"https:\/\/araratfinland.com\/product\/hemani-nigella-sativa-200-g-2\/"},"modified":"2025-09-11T14:26:31","modified_gmt":"2025-09-11T11:26:31","slug":"hemani-nigella-sativa-200-g-2","status":"publish","type":"product","link":"https:\/\/araratfinland.com\/en\/product\/hemani-nigella-sativa-200-g-2\/","title":{"rendered":"Hemani Nigella Sativa 200 g"},"content":{"rendered":"<h4><span style=\"font-size: 18px;color: #000000\"><strong>Ainesosat: <\/strong>100% luonnollisia nigellan siemeni\u00e4.<\/span><\/h4>\n<h4><span style=\"font-size: 18px;color: #000000\"><strong>S\u00e4ilytys:<\/strong> S\u00e4ilyt\u00e4 kuivassa, viile\u00e4ss\u00e4 ja<br \/>hajuttomassa paikassa.<\/span><\/h4>\n","protected":false},"excerpt":{"rendered":"<p>Ainesosat: 100% luonnollisia nigellan siemeni\u00e4. S\u00e4ilytys: S\u00e4ilyt\u00e4 kuivassa, viile\u00e4ss\u00e4 jahajuttomassa paikassa.<\/p>\n","protected":false},"featured_media":90058,"template":"","meta":{"om_disable_all_campaigns":false,"_monsterinsights_skip_tracking":false,"_monsterinsights_sitenote_active":false,"_monsterinsights_sitenote_note":"","_monsterinsights_sitenote_category":0},"location":[1422],"product_brand":[1423],"product_cat":[1458],"product_tag":[],"class_list":{"0":"post-43439","1":"product","2":"type-product","3":"status-publish","4":"has-post-thumbnail","6":"location-v","7":"product_brand-ararat-ari-food","8":"product_cat-taloustavarat-en-2","9":"stock_type-pcs-en","11":"first","12":"instock","13":"taxable","14":"shipping-taxable","15":"purchasable","16":"product-type-simple"},"aioseo_notices":[],"locations":[{"id":1422,"name":"v","slug":"v","quantity":"82"}],"_links":{"self":[{"href":"https:\/\/araratfinland.com\/en\/wp-json\/wp\/v2\/product\/43439","targetHints":{"allow":["GET"]}}],"collection":[{"href":"https:\/\/araratfinland.com\/en\/wp-json\/wp\/v2\/product"}],"about":[{"href":"https:\/\/araratfinland.com\/en\/wp-json\/wp\/v2\/types\/product"}],"version-history":[{"count":1,"href":"https:\/\/araratfinland.com\/en\/wp-json\/wp\/v2\/product\/43439\/revisions"}],"predecessor-version":[{"id":90060,"href":"https:\/\/araratfinland.com\/en\/wp-json\/wp\/v2\/product\/43439\/revisions\/90060"}],"wp:featuredmedia":[{"embeddable":true,"href":"https:\/\/araratfinland.com\/en\/wp-json\/wp\/v2\/media\/90058"}],"wp:attachment":[{"href":"https:\/\/araratfinland.com\/en\/wp-json\/wp\/v2\/media?parent=43439"}],"wp:term":[{"taxonomy":"location","embeddable":true,"href":"https:\/\/araratfinland.com\/en\/wp-json\/wp\/v2\/location?post=43439"},{"taxonomy":"product_brand","embeddable":true,"href":"https:\/\/araratfinland.com\/en\/wp-json\/wp\/v2\/product_brand?post=43439"},{"taxonomy":"product_cat","embeddable":true,"href":"https:\/\/araratfinland.com\/en\/wp-json\/wp\/v2\/product_cat?post=43439"},{"taxonomy":"product_tag","embeddable":true,"href":"https:\/\/araratfinland.com\/en\/wp-json\/wp\/v2\/product_tag?post=43439"}],"curies":[{"name":"wp","href":"https:\/\/api.w.org\/{rel}","templated":true}]}}