{"id":43435,"date":"2024-06-02T02:18:23","date_gmt":"2024-06-01T23:18:23","guid":{"rendered":"https:\/\/araratfinland.com\/product\/musta-kiveton-oliivi-4-6-kg\/"},"modified":"2025-09-12T12:41:55","modified_gmt":"2025-09-12T09:41:55","slug":"musta-kiveton-oliivi-4-6-kg","status":"publish","type":"product","link":"https:\/\/araratfinland.com\/en\/product\/musta-kiveton-oliivi-4-6-kg\/","title":{"rendered":"Musta kivet\u00f6n oliivi 4.6 kg"},"content":{"rendered":"<h4 class=\"font-bold m-b-xs\"><span style=\"font-size: 18px;color: #000000\"><strong>Musta kivet\u00f6n oliivi.<\/strong><\/span><\/h4>\n<h4><span style=\"font-size: 18px;color: #000000\"><strong>Ainesosat: <\/strong>Mustat oliivit, vesi, suola,<br \/>stabilointiaine (rautaglukonaatti).<\/span><\/h4>\n<h4><span style=\"font-size: 18px;color: #000000\"><strong>S\u00e4ilytys:<\/strong> Avaamisen j\u00e4lkeen s\u00e4ilyt\u00e4<br \/>j\u00e4\u00e4kaapissa lasi- tai muoviastiassa ja<br \/>k\u00e4yt\u00e4 se mahdollisimman pian.<\/span><\/h4>\n<table style=\"height: 361px;width: 396.188px\">\n<tbody>\n<tr style=\"height: 13px\">\n<td style=\"width: 456.188px;height: 13px\" colspan=\"2\"><span style=\"font-size: 18px;color: #000000\"><strong>Ravintosis\u00e4lt\u00f6 per 100g<\/strong><\/span><\/td>\n<\/tr>\n<\/tbody>\n<tbody>\n<tr style=\"height: 16px\">\n<td style=\"width: 248px;height: 16px\"><span style=\"font-size: 18px;color: #000000\">Energiaa<\/span><\/td>\n<td style=\"width: 208.188px;height: 16px\"><span style=\"font-size: 18px;color: #000000\">669 kj \/ 160 kcal<\/span><\/td>\n<\/tr>\n<tr style=\"height: 15px\">\n<td style=\"width: 248px;height: 15px\"><span style=\"font-size: 18px;color: #000000\">Rasva<\/span><\/td>\n<td style=\"width: 208.188px;height: 15px\"><span style=\"font-size: 18px;color: #000000\">11 g<\/span><\/td>\n<\/tr>\n<tr style=\"height: 22px\">\n<td style=\"width: 248px;height: 22px\"><span style=\"font-size: 18px;color: #000000\">josta tyydyttynytt\u00e4<\/span><\/td>\n<td style=\"width: 208.188px;height: 22px\"><span style=\"font-size: 18px;color: #000000\">0,5 g<\/span><\/td>\n<\/tr>\n<tr style=\"height: 5px\">\n<td style=\"width: 248px;height: 5px\"><span style=\"font-size: 18px;color: #000000\">Hiilihydraatit<\/span><\/td>\n<td style=\"width: 208.188px;height: 5px\"><span style=\"font-size: 18px;color: #000000\">6,7 g<\/span><\/td>\n<\/tr>\n<tr style=\"height: 2px\">\n<td style=\"width: 248px;height: 2px\">\n<p><span style=\"font-size: 18px;color: #000000\">josta sokereita<\/span><\/p>\n<p><span style=\"font-size: 18px;color: #000000\">Kuitu<\/span><\/p>\n<\/td>\n<td style=\"width: 208.188px;height: 2px\">\n<p><span style=\"font-size: 18px;color: #000000\"><\/p>\n","protected":false},"excerpt":{"rendered":"<p>Musta kivet\u00f6n oliivi. Ainesosat: Mustat oliivit, vesi, suola,stabilointiaine (rautaglukonaatti). S\u00e4ilytys: Avaamisen j\u00e4lkeen s\u00e4ilyt\u00e4j\u00e4\u00e4kaapissa lasi- tai muoviastiassa jak\u00e4yt\u00e4 se mahdollisimman pian.<\/p>\n","protected":false},"featured_media":91281,"template":"","meta":{"om_disable_all_campaigns":false,"_monsterinsights_skip_tracking":false,"_monsterinsights_sitenote_active":false,"_monsterinsights_sitenote_note":"","_monsterinsights_sitenote_category":0},"location":[1422],"product_brand":[1423],"product_cat":[1469],"product_tag":[],"class_list":{"0":"post-43435","1":"product","2":"type-product","3":"status-publish","4":"has-post-thumbnail","6":"location-v","7":"product_brand-ararat-ari-food","8":"product_cat-restaurant-en-2","9":"stock_type-prk-en","11":"first","12":"instock","13":"taxable","14":"shipping-taxable","15":"purchasable","16":"product-type-simple"},"aioseo_notices":[],"locations":[{"id":1422,"name":"v","slug":"v","quantity":"421"}],"_links":{"self":[{"href":"https:\/\/araratfinland.com\/en\/wp-json\/wp\/v2\/product\/43435","targetHints":{"allow":["GET"]}}],"collection":[{"href":"https:\/\/araratfinland.com\/en\/wp-json\/wp\/v2\/product"}],"about":[{"href":"https:\/\/araratfinland.com\/en\/wp-json\/wp\/v2\/types\/product"}],"version-history":[{"count":1,"href":"https:\/\/araratfinland.com\/en\/wp-json\/wp\/v2\/product\/43435\/revisions"}],"predecessor-version":[{"id":46546,"href":"https:\/\/araratfinland.com\/en\/wp-json\/wp\/v2\/product\/43435\/revisions\/46546"}],"wp:featuredmedia":[{"embeddable":true,"href":"https:\/\/araratfinland.com\/en\/wp-json\/wp\/v2\/media\/91281"}],"wp:attachment":[{"href":"https:\/\/araratfinland.com\/en\/wp-json\/wp\/v2\/media?parent=43435"}],"wp:term":[{"taxonomy":"location","embeddable":true,"href":"https:\/\/araratfinland.com\/en\/wp-json\/wp\/v2\/location?post=43435"},{"taxonomy":"product_brand","embeddable":true,"href":"https:\/\/araratfinland.com\/en\/wp-json\/wp\/v2\/product_brand?post=43435"},{"taxonomy":"product_cat","embeddable":true,"href":"https:\/\/araratfinland.com\/en\/wp-json\/wp\/v2\/product_cat?post=43435"},{"taxonomy":"product_tag","embeddable":true,"href":"https:\/\/araratfinland.com\/en\/wp-json\/wp\/v2\/product_tag?post=43435"}],"curies":[{"name":"wp","href":"https:\/\/api.w.org\/{rel}","templated":true}]}}