{"id":43426,"date":"2024-06-02T02:18:21","date_gmt":"2024-06-01T23:18:21","guid":{"rendered":"https:\/\/araratfinland.com\/product\/natur-bal-siirappihunaja-500g\/"},"modified":"2025-09-05T13:56:11","modified_gmt":"2025-09-05T10:56:11","slug":"natur-bal-siirappihunaja-500g","status":"publish","type":"product","link":"https:\/\/araratfinland.com\/en\/product\/natur-bal-siirappihunaja-500g\/","title":{"rendered":"Natur Bal Siirappihunaja 500g"},"content":{"rendered":"<h4><span style=\"font-size: 18px;color: #000000\"><strong>Ainesosat: <\/strong>Fruktoosi, glukoosisiirappi, hunaja (10%).<\/span><\/h4>\n<h4><span style=\"font-size: 18px;color: #000000\"><strong>S\u00e4ilytys: <\/strong>Kuivassa ja viile\u00e4ss\u00e4 paikassa.<\/span><\/h4>\n<h3><span style=\"font-size: 18px;color: #000000\"><strong>EI alle 1-vuotiaille!<\/strong><\/span><\/h3>\n<table style=\"width: 434px\">\n<tbody>\n<tr>\n<td style=\"width: 468px\" colspan=\"2\"><span style=\"font-size: 18px;color: #000000\"><strong>Ravintosis\u00e4lt\u00f6 per 100g<\/strong><\/span><\/td>\n<\/tr>\n<\/tbody>\n<tbody>\n<tr>\n<td style=\"width: 267.781px\"><span style=\"font-size: 18px;color: #000000\">Energia<\/span><\/td>\n<td style=\"width: 200.219px\"><span style=\"font-size: 18px;color: #000000\">1382kJ \/324 kcal<\/span><\/td>\n<\/tr>\n<tr>\n<td style=\"width: 267.781px\"><span style=\"font-size: 18px;color: #000000\">Rasva<\/span><\/td>\n<td style=\"width: 200.219px\"><span style=\"font-size: 18px;color: #000000\">0 g<\/span><\/td>\n<\/tr>\n<tr>\n<td style=\"width: 267.781px\"><span style=\"font-size: 18px;color: #000000\">josta tyydyttyneitt\u00e4<\/span><\/td>\n<td style=\"width: 200.219px\"><span style=\"font-size: 18px;color: #000000\">0 g<\/span><\/td>\n<\/tr>\n<tr>\n<td style=\"width: 267.781px\"><span style=\"font-size: 18px;color: #000000\">Hiilihydraatit<\/span><\/td>\n<td style=\"width: 200.219px\"><span style=\"font-size: 18px;color: #000000\">81 g<\/span><\/td>\n<\/tr>\n<tr>\n<td style=\"width: 267.781px\"><span style=\"font-size: 18px;color: #000000\">josta sokereita<\/span><\/td>\n<td style=\"width: 200.219px\"><span style=\"font-size: 18px;color: #000000\">81 g<\/span><\/td>\n<\/tr>\n<tr>\n<td style=\"width: 267.781px\"><span style=\"font-size: 18px;color: #000000\">Proteiini<\/span><\/td>\n<td style=\"width: 200.219px\"><span style=\"font-size: 18px;color: #000000\">0,4 g<\/span><\/td>\n<\/tr>\n<tr>\n<td style=\"width: 267.781px\"><span style=\"font-size: 18px;color: #000000\">Suola<\/span><\/td>\n<td style=\"width: 200.219px\"><span style=\"font-size: 18px;color: #000000\">0 g<\/span><\/td>\n<\/tr>\n<\/tbody>\n<\/table>\n","protected":false},"excerpt":{"rendered":"<p>Ainesosat: Fruktoosi, glukoosisiirappi, hunaja (10%). S\u00e4ilytys: Kuivassa ja viile\u00e4ss\u00e4 paikassa. EI alle 1-vuotiaille! Ravintosis\u00e4lt\u00f6 per 100g Energia 1382kJ \/324 kcal<\/p>\n","protected":false},"featured_media":87771,"template":"","meta":{"om_disable_all_campaigns":false,"_monsterinsights_skip_tracking":false,"_monsterinsights_sitenote_active":false,"_monsterinsights_sitenote_note":"","_monsterinsights_sitenote_category":0},"location":[1422],"product_brand":[1423],"product_cat":[1332],"product_tag":[],"class_list":{"0":"post-43426","1":"product","2":"type-product","3":"status-publish","4":"has-post-thumbnail","6":"location-v","7":"product_brand-ararat-ari-food","8":"product_cat-hillot-siirapit-hunajat-fi","9":"stock_type-kpl-en","11":"first","12":"instock","13":"taxable","14":"shipping-taxable","15":"purchasable","16":"product-type-simple"},"aioseo_notices":[],"locations":[{"id":1422,"name":"v","slug":"v","quantity":"31"}],"_links":{"self":[{"href":"https:\/\/araratfinland.com\/en\/wp-json\/wp\/v2\/product\/43426","targetHints":{"allow":["GET"]}}],"collection":[{"href":"https:\/\/araratfinland.com\/en\/wp-json\/wp\/v2\/product"}],"about":[{"href":"https:\/\/araratfinland.com\/en\/wp-json\/wp\/v2\/types\/product"}],"version-history":[{"count":2,"href":"https:\/\/araratfinland.com\/en\/wp-json\/wp\/v2\/product\/43426\/revisions"}],"predecessor-version":[{"id":58987,"href":"https:\/\/araratfinland.com\/en\/wp-json\/wp\/v2\/product\/43426\/revisions\/58987"}],"wp:featuredmedia":[{"embeddable":true,"href":"https:\/\/araratfinland.com\/en\/wp-json\/wp\/v2\/media\/87771"}],"wp:attachment":[{"href":"https:\/\/araratfinland.com\/en\/wp-json\/wp\/v2\/media?parent=43426"}],"wp:term":[{"taxonomy":"location","embeddable":true,"href":"https:\/\/araratfinland.com\/en\/wp-json\/wp\/v2\/location?post=43426"},{"taxonomy":"product_brand","embeddable":true,"href":"https:\/\/araratfinland.com\/en\/wp-json\/wp\/v2\/product_brand?post=43426"},{"taxonomy":"product_cat","embeddable":true,"href":"https:\/\/araratfinland.com\/en\/wp-json\/wp\/v2\/product_cat?post=43426"},{"taxonomy":"product_tag","embeddable":true,"href":"https:\/\/araratfinland.com\/en\/wp-json\/wp\/v2\/product_tag?post=43426"}],"curies":[{"name":"wp","href":"https:\/\/api.w.org\/{rel}","templated":true}]}}