{"id":43423,"date":"2024-06-02T02:18:20","date_gmt":"2024-06-01T23:18:20","guid":{"rendered":"https:\/\/araratfinland.com\/product\/qibbla-pannupihvi-12x900-g-2\/"},"modified":"2025-10-09T10:43:17","modified_gmt":"2025-10-09T07:43:17","slug":"qibbla-pannupihvi-12x900-g-2","status":"publish","type":"product","link":"https:\/\/araratfinland.com\/en\/product\/qibbla-pannupihvi-12x900-g-2\/","title":{"rendered":"Qibbla pannupihvi 12&#215;900 g"},"content":{"rendered":"<h4><span style=\"color: #000000\"><span style=\"font-size: 18px\"><strong>Ainesosat: <\/strong>Naudanliha 52%, kana 20%, peruna,<br \/>perunajauho, perunakuitu, jodipitoinen suola,<br \/><\/span><span style=\"font-size: 18px\">hiivauute, ryp\u00e4lesokeri, sitruunamehu, mausteita<br \/>(paprikaa ja <strong>inkiv\u00e4\u00e4ri<\/strong>).<\/span><\/span><\/h4>\n<h4><span style=\"font-size: 18px;color: #000000\"><strong>S\u00e4ilytys: <\/strong>Pakastimessa: Alle -18\u2103:n l\u00e4mp\u00f6tilassa<br \/>katso &#039;&#039;parasta ennen&#039;&#039;.<\/span><\/h4>\n<h4><span style=\"color: #000000\"><span style=\"font-size: 18px\"><strong>J\u00e4\u00e4kaapissa:<\/strong> Alle 5\u2103:n l\u00e4mp\u00f6tilassa noin 24 tuntia.<br \/><\/span><span style=\"font-size: 18px\"><strong>Ei saa pakastaa uudelleen sulattamisen j\u00e4\u00e4lkeen.<\/strong><\/span><\/span><\/h4>\n<table style=\"height: 361px;width: 386px\">\n<tbody>\n<tr style=\"height: 1px\">\n<td style=\"width: 368px;height: 1px\" colspan=\"2\"><span style=\"font-size: 18px;color: #000000\"><strong>Ravintosis\u00e4lt\u00f6 per 100g<\/strong><\/span><\/td>\n<\/tr>\n<\/tbody>\n<tbody>\n<tr style=\"height: 10px\">\n<td style=\"width: 199.047px;height: 10px\"><span style=\"font-size: 18px;color: #000000\">Energiaa<\/span><\/td>\n<td style=\"width: 168.953px;height: 10px\"><span style=\"font-size: 18px;color: #000000\">742 kj \/ 178 kcal<\/span><\/td>\n<\/tr>\n<tr style=\"height: 6px\">\n<td style=\"width: 199.047px;height: 6px\"><span style=\"font-size: 18px;color: #000000\">Rasva<\/span><\/td>\n<td style=\"width: 168.953px;height: 6px\"><span style=\"font-size: 18px;color: #000000\">13 g<\/span><\/td>\n<\/tr>\n<tr style=\"height: 7px\">\n<td style=\"width: 199.047px;height: 7px\"><span style=\"font-size: 18px;color: #000000\">josta tyydyttynytt\u00e4<\/span><\/td>\n<td style=\"width: 168.953px;height: 7px\"><span style=\"font-size: 18px;color: #000000\">0 g<\/span><\/td>\n<\/tr>\n<tr style=\"height: 17px\">\n<td style=\"width: 199.047px;height: 17px\"><span style=\"font-size: 18px;color: #000000\">Hiilihydraatit<\/span><\/td>\n<td style=\"width: 168.953px;height: 17px\"><span style=\"font-size: 18px;color: #000000\">8 g<\/span><\/td>\n<\/tr>\n<tr style=\"height: 8px\">\n<td style=\"width: 199.047px;height: 8px\"><span style=\"font-size: 18px;color: #000000\">josta sokereita<\/span><\/td>\n<td style=\"width: 168.953px;height: 8px\"><span style=\"font-size: 18px;color: #000000\">0 g<\/span><\/td>\n<\/tr>\n<tr style=\"height: 2px\">\n<td style=\"width: 199.047px;height: 2px\">\n<p><span style=\"font-size: 18px;color: #000000\">Proteiini<\/span><\/p>\n<p><span style=\"font-size: 18px;color: #000000\">Kuitu<\/span><\/p>\n<\/td>\n<td style=\"width: 168.953px;height: 2px\">\n<p><span style=\"font-size: 18px;color: #000000\">10 g<\/span><\/p>\n<p><span style=\"font-size: 18px;color: #000000\">1,6 g<\/span><\/p>\n<\/td>\n<\/tr>\n<tr style=\"height: 9px\">\n<td style=\"width: 199.047px;height: 9px\"><span style=\"font-size: 18px;color: #000000\">Suola<\/span><\/td>\n<td style=\"width: 168.953px;height: 9px\"><span style=\"font-size: 18px;color: #000000\">1,5 g<\/span><\/td>\n<\/tr>\n<\/tbody>\n<\/table>\n","protected":false},"excerpt":{"rendered":"<p>Ainesosat: Naudanliha 52%, kana 20%, peruna,perunajauho, perunakuitu, jodipitoinen suola,hiivauute, ryp\u00e4lesokeri, sitruunamehu, mausteita(paprikaa ja inkiv\u00e4\u00e4ri). S\u00e4ilytys: Pakastimessa: Alle -18\u2103:n l\u00e4mp\u00f6tilassakatso &#039;&#039;parasta<\/p>\n","protected":false},"featured_media":95929,"template":"","meta":{"om_disable_all_campaigns":false,"_monsterinsights_skip_tracking":false,"_monsterinsights_sitenote_active":false,"_monsterinsights_sitenote_note":"","_monsterinsights_sitenote_category":0},"location":[1422],"product_brand":[1423],"product_cat":[1464],"product_tag":[],"class_list":{"0":"post-43423","1":"product","2":"type-product","3":"status-publish","4":"has-post-thumbnail","6":"location-v","7":"product_brand-ararat-ari-food","8":"product_cat-pakasteet-en-2","9":"stock_type-ltk-en","11":"first","12":"instock","13":"taxable","14":"shipping-taxable","15":"purchasable","16":"product-type-simple"},"aioseo_notices":[],"locations":[{"id":1422,"name":"v","slug":"v","quantity":"7"}],"_links":{"self":[{"href":"https:\/\/araratfinland.com\/en\/wp-json\/wp\/v2\/product\/43423","targetHints":{"allow":["GET"]}}],"collection":[{"href":"https:\/\/araratfinland.com\/en\/wp-json\/wp\/v2\/product"}],"about":[{"href":"https:\/\/araratfinland.com\/en\/wp-json\/wp\/v2\/types\/product"}],"version-history":[{"count":1,"href":"https:\/\/araratfinland.com\/en\/wp-json\/wp\/v2\/product\/43423\/revisions"}],"predecessor-version":[{"id":49938,"href":"https:\/\/araratfinland.com\/en\/wp-json\/wp\/v2\/product\/43423\/revisions\/49938"}],"wp:featuredmedia":[{"embeddable":true,"href":"https:\/\/araratfinland.com\/en\/wp-json\/wp\/v2\/media\/95929"}],"wp:attachment":[{"href":"https:\/\/araratfinland.com\/en\/wp-json\/wp\/v2\/media?parent=43423"}],"wp:term":[{"taxonomy":"location","embeddable":true,"href":"https:\/\/araratfinland.com\/en\/wp-json\/wp\/v2\/location?post=43423"},{"taxonomy":"product_brand","embeddable":true,"href":"https:\/\/araratfinland.com\/en\/wp-json\/wp\/v2\/product_brand?post=43423"},{"taxonomy":"product_cat","embeddable":true,"href":"https:\/\/araratfinland.com\/en\/wp-json\/wp\/v2\/product_cat?post=43423"},{"taxonomy":"product_tag","embeddable":true,"href":"https:\/\/araratfinland.com\/en\/wp-json\/wp\/v2\/product_tag?post=43423"}],"curies":[{"name":"wp","href":"https:\/\/api.w.org\/{rel}","templated":true}]}}