{"id":43419,"date":"2024-06-02T02:18:19","date_gmt":"2024-06-01T23:18:19","guid":{"rendered":"https:\/\/araratfinland.com\/product\/hamwi-cafe-extra-cardamom-450-g\/"},"modified":"2025-09-22T10:24:22","modified_gmt":"2025-09-22T07:24:22","slug":"hamwi-cafe-extra-cardamom-450-g","status":"publish","type":"product","link":"https:\/\/araratfinland.com\/en\/product\/hamwi-cafe-extra-cardamom-450-g\/","title":{"rendered":"Hamwi cafe extra cardamom 450 g"},"content":{"rendered":"<div><span style=\"font-size: 18px;color: #000000\"><strong>Ainesosat:<\/strong>\u00a0Vett\u00e4, kahvia. Ei sis\u00e4ll\u00e4 s\u00e4il\u00f6nt\u00e4aineita,<\/span><\/div>\n<div><span style=\"font-size: 18px;color: #000000\">makua ja v\u00e4ri\u00e4 &#8211; vapaa GMO: sta.<\/p>\n<p><\/span><\/div>\n<div><span style=\"font-size: 18px;color: #000000\"><strong>Alkuper\u00e4maa:<\/strong>\u00a0Dubai.<\/p>\n<p><\/span><\/div>\n<div><span style=\"color: #000000\"><span style=\"font-size: 18px\"><strong>S\u00e4ilytys:<\/strong>\u00a0S\u00e4ilyt\u00e4 kuivassa paikassa poissa suorasta<br \/>auringonvalosta.\u00a0<\/span><span style=\"font-size: 18px\">Avaamisen j\u00e4lkeen s\u00e4ilyt\u00e4 j\u00e4\u00e4kaapissa.<\/p>\n<p><\/span><\/span><\/div>\n<div><span style=\"font-size: 18px;color: #000000\"><strong>Valmistelu:<\/strong>\u00a0&#8211; Ravista pulloa hyvin ennen k\u00e4ytt\u00f6\u00e4.<\/span><\/div>\n<div><span style=\"font-size: 18px;color: #000000\">&#8211; Keit\u00e4 haluttu m\u00e4\u00e4r\u00e4, lis\u00e4\u00e4 kardemumma haluamallasi tavalla.<\/span><\/div>\n<div><span style=\"font-size: 18px;color: #000000\">&#8211; Vahvaa makua keitet\u00e4\u00e4n pidemp\u00e4\u00e4n, kevyemp\u00e4\u00e4n makuun<\/span><\/div>\n<div><span style=\"font-size: 18px;color: #000000\">\u00a0 lis\u00e4t\u00e4\u00e4n lis\u00e4\u00e4 kiehuvaa vett\u00e4.<\/span><\/div>\n<div><span style=\"font-size: 18px;color: #000000\">&#8211; K\u00e4yt\u00e4 valmistukseen kuivaa ja puhdasta astiaa.<\/span><\/div>\n<div><span style=\"font-size: 18px;color: #000000\">&#8211; \u00c4l\u00e4 palauta keitetty\u00e4 kahvia pulloon.<\/span><\/div>\n","protected":false},"excerpt":{"rendered":"<p>Ainesosat:\u00a0Vett\u00e4, kahvia. Ei sis\u00e4ll\u00e4 s\u00e4il\u00f6nt\u00e4aineita, makua ja v\u00e4ri\u00e4 &#8211; vapaa GMO: sta. Alkuper\u00e4maa:\u00a0Dubai. S\u00e4ilytys:\u00a0S\u00e4ilyt\u00e4 kuivassa paikassa poissa suorastaauringonvalosta.\u00a0Avaamisen j\u00e4lkeen s\u00e4ilyt\u00e4<\/p>\n","protected":false},"featured_media":92781,"template":"","meta":{"om_disable_all_campaigns":false,"_monsterinsights_skip_tracking":false,"_monsterinsights_sitenote_active":false,"_monsterinsights_sitenote_note":"","_monsterinsights_sitenote_category":0},"location":[1422],"product_brand":[1423],"product_cat":[1453],"product_tag":[],"class_list":{"0":"post-43419","1":"product","2":"type-product","3":"status-publish","4":"has-post-thumbnail","6":"location-v","7":"product_brand-ararat-ari-food","8":"product_cat-teet-kahvit-en-mehut-nesteet-etikka-fi","9":"stock_type-pcs-en","11":"first","12":"instock","13":"taxable","14":"shipping-taxable","15":"purchasable","16":"product-type-simple"},"aioseo_notices":[],"locations":[{"id":1422,"name":"v","slug":"v","quantity":"30"}],"_links":{"self":[{"href":"https:\/\/araratfinland.com\/en\/wp-json\/wp\/v2\/product\/43419","targetHints":{"allow":["GET"]}}],"collection":[{"href":"https:\/\/araratfinland.com\/en\/wp-json\/wp\/v2\/product"}],"about":[{"href":"https:\/\/araratfinland.com\/en\/wp-json\/wp\/v2\/types\/product"}],"version-history":[{"count":1,"href":"https:\/\/araratfinland.com\/en\/wp-json\/wp\/v2\/product\/43419\/revisions"}],"predecessor-version":[{"id":68549,"href":"https:\/\/araratfinland.com\/en\/wp-json\/wp\/v2\/product\/43419\/revisions\/68549"}],"wp:featuredmedia":[{"embeddable":true,"href":"https:\/\/araratfinland.com\/en\/wp-json\/wp\/v2\/media\/92781"}],"wp:attachment":[{"href":"https:\/\/araratfinland.com\/en\/wp-json\/wp\/v2\/media?parent=43419"}],"wp:term":[{"taxonomy":"location","embeddable":true,"href":"https:\/\/araratfinland.com\/en\/wp-json\/wp\/v2\/location?post=43419"},{"taxonomy":"product_brand","embeddable":true,"href":"https:\/\/araratfinland.com\/en\/wp-json\/wp\/v2\/product_brand?post=43419"},{"taxonomy":"product_cat","embeddable":true,"href":"https:\/\/araratfinland.com\/en\/wp-json\/wp\/v2\/product_cat?post=43419"},{"taxonomy":"product_tag","embeddable":true,"href":"https:\/\/araratfinland.com\/en\/wp-json\/wp\/v2\/product_tag?post=43419"}],"curies":[{"name":"wp","href":"https:\/\/api.w.org\/{rel}","templated":true}]}}