{"id":43414,"date":"2024-06-02T02:18:18","date_gmt":"2024-06-01T23:18:18","guid":{"rendered":"https:\/\/araratfinland.com\/product\/hamwi-coffee-dark-extra-cardamom-450g\/"},"modified":"2025-11-14T11:59:05","modified_gmt":"2025-11-14T09:59:05","slug":"hamwi-coffee-dark-extra-cardamom-450g","status":"publish","type":"product","link":"https:\/\/araratfinland.com\/en\/product\/hamwi-coffee-dark-extra-cardamom-450g\/","title":{"rendered":"Hamwi Coffee Dark Extra Cardamom 450g"},"content":{"rendered":"<p data-start=\"56\" data-end=\"88\"><span style=\"color: #005ba1;font-family: Roboto, Helvetica, sans-serif;font-size: 14px;background-color: #ebf6ff\">HAMWI CAF\u00c9 DARK \u2013 LIS\u00c4KARDAMOMI<\/span><br style=\"color: #005ba1;font-family: Roboto, Helvetica, sans-serif;font-size: 14px;background-color: #ebf6ff\" \/><br style=\"color: #005ba1;font-family: Roboto, Helvetica, sans-serif;font-size: 14px;background-color: #ebf6ff\" \/><span style=\"color: #005ba1;font-family: Roboto, Helvetica, sans-serif;font-size: 14px;background-color: #ebf6ff\">Tuotenimi:<\/span><br style=\"color: #005ba1;font-family: Roboto, Helvetica, sans-serif;font-size: 14px;background-color: #ebf6ff\" \/><span style=\"color: #005ba1;font-family: Roboto, Helvetica, sans-serif;font-size: 14px;background-color: #ebf6ff\">Hamwi Caf\u00e9 Dark \u2013 Lis\u00e4kardamomi<\/span><br style=\"color: #005ba1;font-family: Roboto, Helvetica, sans-serif;font-size: 14px;background-color: #ebf6ff\" \/><br style=\"color: #005ba1;font-family: Roboto, Helvetica, sans-serif;font-size: 14px;background-color: #ebf6ff\" \/><span style=\"color: #005ba1;font-family: Roboto, Helvetica, sans-serif;font-size: 14px;background-color: #ebf6ff\">Ainesosat:<\/span><br style=\"color: #005ba1;font-family: Roboto, Helvetica, sans-serif;font-size: 14px;background-color: #ebf6ff\" \/><span style=\"color: #005ba1;font-family: Roboto, Helvetica, sans-serif;font-size: 14px;background-color: #ebf6ff\">Tummapaahtokahvi (hienoksi jauhettu), kardamomi<\/span><br style=\"color: #005ba1;font-family: Roboto, Helvetica, sans-serif;font-size: 14px;background-color: #ebf6ff\" \/><br style=\"color: #005ba1;font-family: Roboto, Helvetica, sans-serif;font-size: 14px;background-color: #ebf6ff\" \/><span style=\"color: #005ba1;font-family: Roboto, Helvetica, sans-serif;font-size: 14px;background-color: #ebf6ff\">Nettopaino:<\/span><br style=\"color: #005ba1;font-family: Roboto, Helvetica, sans-serif;font-size: 14px;background-color: #ebf6ff\" \/><span style=\"color: #005ba1;font-family: Roboto, Helvetica, sans-serif;font-size: 14px;background-color: #ebf6ff\">450 g<\/span><br style=\"color: #005ba1;font-family: Roboto, Helvetica, sans-serif;font-size: 14px;background-color: #ebf6ff\" \/><br style=\"color: #005ba1;font-family: Roboto, Helvetica, sans-serif;font-size: 14px;background-color: #ebf6ff\" \/><span style=\"color: #005ba1;font-family: Roboto, Helvetica, sans-serif;font-size: 14px;background-color: #ebf6ff\">Alkuper\u00e4:<\/span><br style=\"color: #005ba1;font-family: Roboto, Helvetica, sans-serif;font-size: 14px;background-color: #ebf6ff\" \/><span style=\"color: #005ba1;font-family: Roboto, Helvetica, sans-serif;font-size: 14px;background-color: #ebf6ff\">Kahvin alkuper\u00e4: Brasilia<\/span><br style=\"color: #005ba1;font-family: Roboto, Helvetica, sans-serif;font-size: 14px;background-color: #ebf6ff\" \/><span style=\"color: #005ba1;font-family: Roboto, Helvetica, sans-serif;font-size: 14px;background-color: #ebf6ff\">Valmistettu: Dubai, Y.A.E<\/span><\/p>\n","protected":false},"excerpt":{"rendered":"<p>HAMWI CAF\u00c9 DARK \u2013 LIS\u00c4KARDAMOMITuotenimi:Hamwi Caf\u00e9 Dark \u2013 Lis\u00e4kardamomiAinesosat:Tummapaahtokahvi (hienoksi jauhettu), kardamomiNettopaino:450 gAlkuper\u00e4:Kahvin alkuper\u00e4: BrasiliaValmistettu: Dubai, Y.A.E<\/p>\n","protected":false},"featured_media":100412,"template":"","meta":{"om_disable_all_campaigns":false,"_monsterinsights_skip_tracking":false,"_monsterinsights_sitenote_active":false,"_monsterinsights_sitenote_note":"","_monsterinsights_sitenote_category":0},"location":[1422],"product_brand":[1423],"product_cat":[1340],"product_tag":[],"class_list":{"0":"post-43414","1":"product","2":"type-product","3":"status-publish","4":"has-post-thumbnail","6":"location-v","7":"product_brand-ararat-ari-food","8":"product_cat-teet-kahvit-fi","9":"stock_type-kpl-en","11":"first","12":"instock","13":"taxable","14":"shipping-taxable","15":"purchasable","16":"product-type-simple"},"aioseo_notices":[],"locations":[{"id":1422,"name":"v","slug":"v","quantity":"18"}],"_links":{"self":[{"href":"https:\/\/araratfinland.com\/en\/wp-json\/wp\/v2\/product\/43414","targetHints":{"allow":["GET"]}}],"collection":[{"href":"https:\/\/araratfinland.com\/en\/wp-json\/wp\/v2\/product"}],"about":[{"href":"https:\/\/araratfinland.com\/en\/wp-json\/wp\/v2\/types\/product"}],"version-history":[{"count":2,"href":"https:\/\/araratfinland.com\/en\/wp-json\/wp\/v2\/product\/43414\/revisions"}],"predecessor-version":[{"id":100414,"href":"https:\/\/araratfinland.com\/en\/wp-json\/wp\/v2\/product\/43414\/revisions\/100414"}],"wp:featuredmedia":[{"embeddable":true,"href":"https:\/\/araratfinland.com\/en\/wp-json\/wp\/v2\/media\/100412"}],"wp:attachment":[{"href":"https:\/\/araratfinland.com\/en\/wp-json\/wp\/v2\/media?parent=43414"}],"wp:term":[{"taxonomy":"location","embeddable":true,"href":"https:\/\/araratfinland.com\/en\/wp-json\/wp\/v2\/location?post=43414"},{"taxonomy":"product_brand","embeddable":true,"href":"https:\/\/araratfinland.com\/en\/wp-json\/wp\/v2\/product_brand?post=43414"},{"taxonomy":"product_cat","embeddable":true,"href":"https:\/\/araratfinland.com\/en\/wp-json\/wp\/v2\/product_cat?post=43414"},{"taxonomy":"product_tag","embeddable":true,"href":"https:\/\/araratfinland.com\/en\/wp-json\/wp\/v2\/product_tag?post=43414"}],"curies":[{"name":"wp","href":"https:\/\/api.w.org\/{rel}","templated":true}]}}