{"id":43398,"date":"2024-06-02T02:18:15","date_gmt":"2024-06-01T23:18:15","guid":{"rendered":"https:\/\/araratfinland.com\/product\/balconi-trancetto-apricot-snacks-280g\/"},"modified":"2025-10-16T15:01:03","modified_gmt":"2025-10-16T12:01:03","slug":"balconi-trancetto-apricot-snacks-280g","status":"publish","type":"product","link":"https:\/\/araratfinland.com\/en\/product\/balconi-trancetto-apricot-snacks-280g\/","title":{"rendered":"Balconi Apricot 280g"},"content":{"rendered":"<h4><span style=\"font-size: 18px;color: #000000\"><strong>Uunissa paistetut makeiset aprikoosit\u00e4ytteell\u00e4 26%.<\/strong><\/span><\/h4>\n<h4><span style=\"color: #000000\"><span style=\"font-size: 18px\"><strong>Ainesosat:\u00a0<\/strong><\/span><span style=\"font-size: 18px\">Sokeri, <strong>vehn\u00e4<\/strong>jauho (22%), tuoreet <strong>kanamunat<\/strong> (17%),<br \/>glukoosi-fruktoosisiirappi, kasvirasvat (palmu), tiivistetty<br \/>rehydratoitu aprikoosimehu (4,9%), rehydratoitu rasvaton<br \/><strong>maito<\/strong> (4,5%), rasvaton <strong>maitojauhe<\/strong> (1,5%) ), emulgointiaineet:<br \/>rasvahappojen mono- ja diglyseridit, <strong>soija<\/strong>lesitiinit; aromit,<br \/><strong>maitoproteiinit<\/strong>, suola, happamuudens\u00e4\u00e4t\u00f6aine: sitruunahappo,<br \/>nostatusaineet: ammoniumkarbonaatit, natriumkarbonaatit,<br \/>difosfaatit; <strong>vehn\u00e4<\/strong>kuitu, stabilointiaine: pektiini.\u00a0<\/span><\/span><\/h4>\n<h4><span style=\"font-size: 18px;color: #000000\"><strong>Saattaa sis\u00e4lt\u00e4\u00e4 pieni\u00e4 m\u00e4\u00e4ri\u00e4 p\u00e4hkin\u00e4\u00e4.<\/strong><\/span><\/h4>\n<h4><span style=\"font-size: 18px;color: #000000\"><strong>S\u00e4ilytys:<\/strong>\u00a0Viile\u00e4ss\u00e4 ja kuivassa paikassa.<\/p>\n<p><\/span><\/h4>\n<div>\n<table style=\"font-size: 12px;height: 361px;width: 408.094px\">\n<tbody>\n<tr style=\"height: 5px\">\n<td style=\"width: 390.094px;height: 5px\" colspan=\"2\"><span style=\"font-size: 18px;color: #000000\"><strong>Ravintosis\u00e4lt\u00f6 per 100g<\/strong><\/span><\/td>\n<\/tr>\n<\/tbody>\n<tbody>\n<tr style=\"height: 7px\">\n<td style=\"width: 214px;height: 7px\"><span style=\"font-size: 18px;color: #000000\">Energiaa<\/span><\/td>\n<td style=\"width: 176.094px;height: 7px\"><span style=\"font-size: 18px;color: #000000\">1579 kJ \/ 377 Kcal<\/span><\/td>\n<\/tr>\n<tr style=\"height: 22px\">\n<td style=\"width: 214px;height: 22px\"><span style=\"font-size: 18px;color: #000000\">Rasva<\/span><\/td>\n<td style=\"width: 176.094px;height: 22px\"><span style=\"font-size: 18px;color: #000000\">15g<\/span><\/td>\n<\/tr>\n<tr style=\"height: 21px\">\n<td style=\"width: 214px;height: 21px\"><span style=\"font-size: 18px;color: #000000\">josta tyydyttyneitt\u00e4<\/span><\/td>\n<td style=\"width: 176.094px;height: 21px\"><span style=\"font-size: 18px;color: #000000\">5,6 g<\/span><\/td>\n<\/tr>\n<tr style=\"height: 19px\">\n<td style=\"width: 214px;height: 19px\"><span style=\"font-size: 18px;color: #000000\">Hiilihydraatit<\/span><\/td>\n<td style=\"width: 176.094px;height: 19px\"><span style=\"font-size: 18px;color: #000000\">55 g<\/span><\/td>\n<\/tr>\n<tr style=\"height: 11px\">\n<td style=\"width: 214px;height: 11px\"><span style=\"font-size: 18px;color: #000000\">josta sokereita<\/span><\/td>\n<td style=\"width: 176.094px;height: 11px\"><span style=\"font-size: 18px;color: #000000\">36 g<\/span><\/td>\n<\/tr>\n<tr style=\"height: 9px\">\n<td style=\"width: 214px;height: 9px\"><span style=\"font-size: 18px;color: #000000\">Proteiini<br \/><\/span><\/td>\n<td style=\"width: 176.094px;height: 9px\"><span style=\"font-size: 18px;color: #000000\">5,9 g<br \/><\/span><\/td>\n<\/tr>\n<tr style=\"height: 6px\">\n<td style=\"width: 214px;height: 6px\"><span style=\"font-size: 18px;color: #000000\">Suola<\/span><\/td>\n<td style=\"width: 176.094px;height: 6px\"><span style=\"font-size: 18px;color: #000000\">0,41 g<\/span><\/td>\n<\/tr>\n<\/tbody>\n<\/table><\/div>\n","protected":false},"excerpt":{"rendered":"<p>Uunissa paistetut makeiset aprikoosit\u00e4ytteell\u00e4 26%. Ainesosat:\u00a0Sokeri, vehn\u00e4jauho (22%), tuoreet kanamunat (17%),glukoosi-fruktoosisiirappi, kasvirasvat (palmu), tiivistettyrehydratoitu aprikoosimehu (4,9%), rehydratoitu rasvatonmaito (4,5%), rasvaton<\/p>\n","protected":false},"featured_media":97024,"template":"","meta":{"om_disable_all_campaigns":false,"_monsterinsights_skip_tracking":false,"_monsterinsights_sitenote_active":false,"_monsterinsights_sitenote_note":"","_monsterinsights_sitenote_category":0},"location":[1422],"product_brand":[1423],"product_cat":[1326],"product_tag":[],"class_list":{"0":"post-43398","1":"product","2":"type-product","3":"status-publish","4":"has-post-thumbnail","6":"location-v","7":"product_brand-ararat-ari-food","8":"product_cat-keksit-leivokset-fi","9":"stock_type-kpl-en","11":"first","12":"instock","13":"taxable","14":"shipping-taxable","15":"purchasable","16":"product-type-simple"},"aioseo_notices":[],"locations":[{"id":1422,"name":"v","slug":"v","quantity":"190"}],"_links":{"self":[{"href":"https:\/\/araratfinland.com\/en\/wp-json\/wp\/v2\/product\/43398","targetHints":{"allow":["GET"]}}],"collection":[{"href":"https:\/\/araratfinland.com\/en\/wp-json\/wp\/v2\/product"}],"about":[{"href":"https:\/\/araratfinland.com\/en\/wp-json\/wp\/v2\/types\/product"}],"version-history":[{"count":2,"href":"https:\/\/araratfinland.com\/en\/wp-json\/wp\/v2\/product\/43398\/revisions"}],"predecessor-version":[{"id":51192,"href":"https:\/\/araratfinland.com\/en\/wp-json\/wp\/v2\/product\/43398\/revisions\/51192"}],"wp:featuredmedia":[{"embeddable":true,"href":"https:\/\/araratfinland.com\/en\/wp-json\/wp\/v2\/media\/97024"}],"wp:attachment":[{"href":"https:\/\/araratfinland.com\/en\/wp-json\/wp\/v2\/media?parent=43398"}],"wp:term":[{"taxonomy":"location","embeddable":true,"href":"https:\/\/araratfinland.com\/en\/wp-json\/wp\/v2\/location?post=43398"},{"taxonomy":"product_brand","embeddable":true,"href":"https:\/\/araratfinland.com\/en\/wp-json\/wp\/v2\/product_brand?post=43398"},{"taxonomy":"product_cat","embeddable":true,"href":"https:\/\/araratfinland.com\/en\/wp-json\/wp\/v2\/product_cat?post=43398"},{"taxonomy":"product_tag","embeddable":true,"href":"https:\/\/araratfinland.com\/en\/wp-json\/wp\/v2\/product_tag?post=43398"}],"curies":[{"name":"wp","href":"https:\/\/api.w.org\/{rel}","templated":true}]}}