{"id":43389,"date":"2024-06-02T02:18:13","date_gmt":"2024-06-01T23:18:13","guid":{"rendered":"https:\/\/araratfinland.com\/product\/halkaistu-cashewpahkina-natural-1-kg-2\/"},"modified":"2025-03-31T10:10:35","modified_gmt":"2025-03-31T07:10:35","slug":"halkaistu-cashewpahkina-natural-1-kg-2","status":"publish","type":"product","link":"https:\/\/araratfinland.com\/en\/product\/halkaistu-cashewpahkina-natural-1-kg-2\/","title":{"rendered":"Halkaistu cashewp\u00e4hkin\u00e4 natural 1 kg"},"content":{"rendered":"<p><span style=\"font-size: 18px;color: #000000\"><strong>Ainesosat:\u00a0<\/strong>Halkaistu cashewp\u00e4hkin\u00e4.<\/span><br \/><span style=\"font-size: 18px;color: #000000\"><strong>S\u00e4ilytys:<\/strong> Kuivassa ja viile\u00e4ss\u00e4 paikassa.<br \/><strong>Alkuper\u00e4maa:<\/strong> Vietnam.<\/span><\/p>\n","protected":false},"excerpt":{"rendered":"<p>Ainesosat:\u00a0Halkaistu cashewp\u00e4hkin\u00e4.S\u00e4ilytys: Kuivassa ja viile\u00e4ss\u00e4 paikassa.Alkuper\u00e4maa: Vietnam.<\/p>\n","protected":false},"featured_media":75557,"template":"","meta":{"om_disable_all_campaigns":false,"_monsterinsights_skip_tracking":false,"_monsterinsights_sitenote_active":false,"_monsterinsights_sitenote_note":"","_monsterinsights_sitenote_category":0},"location":[1422],"product_brand":[1423],"product_cat":[1479],"product_tag":[],"class_list":{"0":"post-43389","1":"product","2":"type-product","3":"status-publish","4":"has-post-thumbnail","6":"location-v","7":"product_brand-ararat-ari-food","8":"product_cat-phkintrusinat-en-kuiva-tuotteet-fi-2","9":"stock_type-pss-en","11":"first","12":"instock","13":"taxable","14":"shipping-taxable","15":"purchasable","16":"product-type-simple"},"aioseo_notices":[],"locations":[{"id":1422,"name":"v","slug":"v","quantity":"100"}],"_links":{"self":[{"href":"https:\/\/araratfinland.com\/en\/wp-json\/wp\/v2\/product\/43389","targetHints":{"allow":["GET"]}}],"collection":[{"href":"https:\/\/araratfinland.com\/en\/wp-json\/wp\/v2\/product"}],"about":[{"href":"https:\/\/araratfinland.com\/en\/wp-json\/wp\/v2\/types\/product"}],"version-history":[{"count":1,"href":"https:\/\/araratfinland.com\/en\/wp-json\/wp\/v2\/product\/43389\/revisions"}],"predecessor-version":[{"id":58279,"href":"https:\/\/araratfinland.com\/en\/wp-json\/wp\/v2\/product\/43389\/revisions\/58279"}],"wp:featuredmedia":[{"embeddable":true,"href":"https:\/\/araratfinland.com\/en\/wp-json\/wp\/v2\/media\/75557"}],"wp:attachment":[{"href":"https:\/\/araratfinland.com\/en\/wp-json\/wp\/v2\/media?parent=43389"}],"wp:term":[{"taxonomy":"location","embeddable":true,"href":"https:\/\/araratfinland.com\/en\/wp-json\/wp\/v2\/location?post=43389"},{"taxonomy":"product_brand","embeddable":true,"href":"https:\/\/araratfinland.com\/en\/wp-json\/wp\/v2\/product_brand?post=43389"},{"taxonomy":"product_cat","embeddable":true,"href":"https:\/\/araratfinland.com\/en\/wp-json\/wp\/v2\/product_cat?post=43389"},{"taxonomy":"product_tag","embeddable":true,"href":"https:\/\/araratfinland.com\/en\/wp-json\/wp\/v2\/product_tag?post=43389"}],"curies":[{"name":"wp","href":"https:\/\/api.w.org\/{rel}","templated":true}]}}