{"id":43381,"date":"2024-06-02T02:18:11","date_gmt":"2024-06-01T23:18:11","guid":{"rendered":"https:\/\/araratfinland.com\/product\/aurajuusto-2\/"},"modified":"2025-09-12T12:41:24","modified_gmt":"2025-09-12T09:41:24","slug":"aurajuusto-2","status":"publish","type":"product","link":"https:\/\/araratfinland.com\/en\/product\/aurajuusto-2\/","title":{"rendered":"Aurajuusto"},"content":{"rendered":"<div class=\"text-bold mt-4\" style=\"font-family: Matter, sans-serif;0;font-size: 14px;margin-top: 1.5rem !important;font-weight: 700 !important\">Ainesosat<\/div>\n<p><span style=\"font-family: Matter, sans-serif;font-size: 14px\">past\u00f6roitu MAITO, suola, hapate, sinihomeviljelm\u00e4 (P. roqueforti), paakkuuntumisenestoaine (E460), s\u00e4il\u00f6nt\u00e4aine (E235).<\/span><\/p>\n","protected":false},"excerpt":{"rendered":"<p>Ainesosat past\u00f6roitu MAITO, suola, hapate, sinihomeviljelm\u00e4 (P. roqueforti), paakkuuntumisenestoaine (E460), s\u00e4il\u00f6nt\u00e4aine (E235).<\/p>\n","protected":false},"featured_media":91277,"template":"","meta":{"om_disable_all_campaigns":false,"_monsterinsights_skip_tracking":false,"_monsterinsights_sitenote_active":false,"_monsterinsights_sitenote_note":"","_monsterinsights_sitenote_category":0},"location":[1422],"product_brand":[1423],"product_cat":[1469],"product_tag":[],"class_list":{"0":"post-43381","1":"product","2":"type-product","3":"status-publish","4":"has-post-thumbnail","6":"location-v","7":"product_brand-ararat-ari-food","8":"product_cat-restaurant-en-2","9":"stock_type-pss-en","11":"first","12":"instock","13":"taxable","14":"shipping-taxable","15":"purchasable","16":"product-type-simple"},"aioseo_notices":[],"locations":[{"id":1422,"name":"v","slug":"v","quantity":"100"}],"_links":{"self":[{"href":"https:\/\/araratfinland.com\/en\/wp-json\/wp\/v2\/product\/43381","targetHints":{"allow":["GET"]}}],"collection":[{"href":"https:\/\/araratfinland.com\/en\/wp-json\/wp\/v2\/product"}],"about":[{"href":"https:\/\/araratfinland.com\/en\/wp-json\/wp\/v2\/types\/product"}],"version-history":[{"count":1,"href":"https:\/\/araratfinland.com\/en\/wp-json\/wp\/v2\/product\/43381\/revisions"}],"predecessor-version":[{"id":78269,"href":"https:\/\/araratfinland.com\/en\/wp-json\/wp\/v2\/product\/43381\/revisions\/78269"}],"wp:featuredmedia":[{"embeddable":true,"href":"https:\/\/araratfinland.com\/en\/wp-json\/wp\/v2\/media\/91277"}],"wp:attachment":[{"href":"https:\/\/araratfinland.com\/en\/wp-json\/wp\/v2\/media?parent=43381"}],"wp:term":[{"taxonomy":"location","embeddable":true,"href":"https:\/\/araratfinland.com\/en\/wp-json\/wp\/v2\/location?post=43381"},{"taxonomy":"product_brand","embeddable":true,"href":"https:\/\/araratfinland.com\/en\/wp-json\/wp\/v2\/product_brand?post=43381"},{"taxonomy":"product_cat","embeddable":true,"href":"https:\/\/araratfinland.com\/en\/wp-json\/wp\/v2\/product_cat?post=43381"},{"taxonomy":"product_tag","embeddable":true,"href":"https:\/\/araratfinland.com\/en\/wp-json\/wp\/v2\/product_tag?post=43381"}],"curies":[{"name":"wp","href":"https:\/\/api.w.org\/{rel}","templated":true}]}}