{"id":43364,"date":"2024-06-02T02:18:08","date_gmt":"2024-06-01T23:18:08","guid":{"rendered":"https:\/\/araratfinland.com\/product\/punainen-linssi-irto\/"},"modified":"2025-11-14T10:55:50","modified_gmt":"2025-11-14T08:55:50","slug":"punainen-linssi-irto","status":"publish","type":"product","link":"https:\/\/araratfinland.com\/en\/product\/punainen-linssi-irto\/","title":{"rendered":"Punainen Linssi Irto"},"content":{"rendered":"<p><span style=\"font-size: 18px;color: #000000\"><strong>Ainesosat:<\/strong> Punainen linssi.<\/span><br \/><span style=\"font-size: 18px;color: #000000\"><span style=\"font-size: 18px\"><strong style=\"color: #000000;font-size: 18px\">S\u00e4ilytys:<\/strong><span style=\"font-size: 18px\"> Kuivassa ja viile\u00e4ss\u00e4 paikassa.<\/span><br \/><\/span><\/span> <\/p>\n<div><span style=\"color: #000000\"><strong><span style=\"font-size: 18px\">Papuja ei saa sy\u00f6d\u00e4 k\u00e4sittelem\u00e4tt\u00f6min\u00e4.<\/span><\/strong><\/span><\/div>\n<div><span style=\"color: #000000\"><strong><span style=\"font-size: 18px\">Ne on liotettava yli y\u00f6n,huuhdeltava\u00a0<\/span><\/strong><strong><span style=\"font-size: 18px\">sek\u00e4<br \/>keitett\u00e4v\u00e4 v\u00e4hint\u00e4\u00e4n 45min-1h ajan.<\/span><\/strong><\/span><\/div>\n","protected":false},"excerpt":{"rendered":"<p>Ainesosat: Punainen linssi.S\u00e4ilytys: Kuivassa ja viile\u00e4ss\u00e4 paikassa. Papuja ei saa sy\u00f6d\u00e4 k\u00e4sittelem\u00e4tt\u00f6min\u00e4. Ne on liotettava yli y\u00f6n,huuhdeltava\u00a0sek\u00e4keitett\u00e4v\u00e4 v\u00e4hint\u00e4\u00e4n 45min-1h ajan.<\/p>\n","protected":false},"featured_media":100402,"template":"","meta":{"om_disable_all_campaigns":false,"_monsterinsights_skip_tracking":false,"_monsterinsights_sitenote_active":false,"_monsterinsights_sitenote_note":"","_monsterinsights_sitenote_category":0},"location":[1422],"product_brand":[1423],"product_cat":[1346],"product_tag":[],"class_list":{"0":"post-43364","1":"product","2":"type-product","3":"status-publish","4":"has-post-thumbnail","6":"location-v","7":"product_brand-ararat-ari-food","8":"product_cat-kuiva-tuotteet-fi","9":"stock_type-kg-en","11":"first","12":"instock","13":"taxable","14":"shipping-taxable","15":"purchasable","16":"product-type-simple"},"aioseo_notices":[],"locations":[{"id":1422,"name":"v","slug":"v","quantity":"500"}],"_links":{"self":[{"href":"https:\/\/araratfinland.com\/en\/wp-json\/wp\/v2\/product\/43364","targetHints":{"allow":["GET"]}}],"collection":[{"href":"https:\/\/araratfinland.com\/en\/wp-json\/wp\/v2\/product"}],"about":[{"href":"https:\/\/araratfinland.com\/en\/wp-json\/wp\/v2\/types\/product"}],"version-history":[{"count":1,"href":"https:\/\/araratfinland.com\/en\/wp-json\/wp\/v2\/product\/43364\/revisions"}],"predecessor-version":[{"id":46878,"href":"https:\/\/araratfinland.com\/en\/wp-json\/wp\/v2\/product\/43364\/revisions\/46878"}],"wp:featuredmedia":[{"embeddable":true,"href":"https:\/\/araratfinland.com\/en\/wp-json\/wp\/v2\/media\/100402"}],"wp:attachment":[{"href":"https:\/\/araratfinland.com\/en\/wp-json\/wp\/v2\/media?parent=43364"}],"wp:term":[{"taxonomy":"location","embeddable":true,"href":"https:\/\/araratfinland.com\/en\/wp-json\/wp\/v2\/location?post=43364"},{"taxonomy":"product_brand","embeddable":true,"href":"https:\/\/araratfinland.com\/en\/wp-json\/wp\/v2\/product_brand?post=43364"},{"taxonomy":"product_cat","embeddable":true,"href":"https:\/\/araratfinland.com\/en\/wp-json\/wp\/v2\/product_cat?post=43364"},{"taxonomy":"product_tag","embeddable":true,"href":"https:\/\/araratfinland.com\/en\/wp-json\/wp\/v2\/product_tag?post=43364"}],"curies":[{"name":"wp","href":"https:\/\/api.w.org\/{rel}","templated":true}]}}