{"id":43327,"date":"2024-06-02T02:18:00","date_gmt":"2024-06-01T23:18:00","guid":{"rendered":"https:\/\/araratfinland.com\/product\/bonsai-rusina-golden-250g-2\/"},"modified":"2025-10-16T14:56:44","modified_gmt":"2025-10-16T11:56:44","slug":"bonsai-rusina-golden-250g-2","status":"publish","type":"product","link":"https:\/\/araratfinland.com\/en\/product\/bonsai-rusina-golden-250g-2\/","title":{"rendered":"Bonsai Rusina Golden 250g"},"content":{"rendered":"<div><span style=\"font-size: 14px\"><strong>Ainesosat:<\/strong> Rusina, auringonkukka\u00f6ljy,\u00a0<\/span><\/div>\n<div><span style=\"font-size: 14px\">s\u00e4il\u00f6nt\u00e4aine (sulfiitti E223)<\/span><\/div>\n<div><span style=\"font-size: 14px\"><strong>Saattaa sis\u00e4lt\u00e4\u00e4<\/strong> j\u00e4\u00e4mi\u00e4 manteli,hasselp\u00e4hkin\u00e4,cashew,<\/span><\/div>\n<div><span style=\"font-size: 14px\">parap\u00e4hkin\u00e4saksanp\u00e4hkin\u00e4,pekaanip\u00e4hkin\u00e4,makadamianp\u00e4hkin\u00e4,\u00a0<\/span><\/div>\n<div><span style=\"font-size: 14px\">maap\u00e4hkin\u00e4seesamisiemen.<\/span><\/div>\n<div><span style=\"font-size: 14px\"><strong>Parasta ennen:<\/strong> Katso pakkaus.<\/span><\/div>\n<div><span style=\"font-size: 14px\"><strong>Ravintoarvot\/100<\/strong>g:<br \/> Energia 1371 KJ \/ 320kcal,<\/span><\/div>\n<div><span style=\"font-size: 14px\">rasva 0.46g,<br \/> tyydyttyneet rasvat 0.14g, <br \/>hiilihydraatti 77.1g\u00a0<\/span><\/div>\n<div><span style=\"font-size: 14px\">joista sokereita 71.7g,<br \/> proteiini 3.7g, <br \/>suola 0.01g<\/span><\/div>\n<div>\u00a0<\/div>\n","protected":false},"excerpt":{"rendered":"<p>Ainesosat: Rusina, auringonkukka\u00f6ljy,\u00a0 s\u00e4il\u00f6nt\u00e4aine (sulfiitti E223) Saattaa sis\u00e4lt\u00e4\u00e4 j\u00e4\u00e4mi\u00e4 manteli,hasselp\u00e4hkin\u00e4,cashew, parap\u00e4hkin\u00e4saksanp\u00e4hkin\u00e4,pekaanip\u00e4hkin\u00e4,makadamianp\u00e4hkin\u00e4,\u00a0 maap\u00e4hkin\u00e4seesamisiemen. Parasta ennen: Katso pakkaus. Ravintoarvot\/100g: Energia 1371 KJ<\/p>\n","protected":false},"featured_media":97000,"template":"","meta":{"om_disable_all_campaigns":false,"_monsterinsights_skip_tracking":false,"_monsterinsights_sitenote_active":false,"_monsterinsights_sitenote_note":"","_monsterinsights_sitenote_category":0},"location":[1422],"product_brand":[1423],"product_cat":[1479],"product_tag":[],"class_list":{"0":"post-43327","1":"product","2":"type-product","3":"status-publish","4":"has-post-thumbnail","6":"location-v","7":"product_brand-ararat-ari-food","8":"product_cat-phkintrusinat-en-kuiva-tuotteet-fi-2","9":"stock_type-pss-en","11":"first","12":"instock","13":"taxable","14":"shipping-taxable","15":"purchasable","16":"product-type-simple"},"aioseo_notices":[],"locations":[{"id":1422,"name":"v","slug":"v","quantity":"224"}],"_links":{"self":[{"href":"https:\/\/araratfinland.com\/en\/wp-json\/wp\/v2\/product\/43327","targetHints":{"allow":["GET"]}}],"collection":[{"href":"https:\/\/araratfinland.com\/en\/wp-json\/wp\/v2\/product"}],"about":[{"href":"https:\/\/araratfinland.com\/en\/wp-json\/wp\/v2\/types\/product"}],"version-history":[{"count":1,"href":"https:\/\/araratfinland.com\/en\/wp-json\/wp\/v2\/product\/43327\/revisions"}],"predecessor-version":[{"id":82773,"href":"https:\/\/araratfinland.com\/en\/wp-json\/wp\/v2\/product\/43327\/revisions\/82773"}],"wp:featuredmedia":[{"embeddable":true,"href":"https:\/\/araratfinland.com\/en\/wp-json\/wp\/v2\/media\/97000"}],"wp:attachment":[{"href":"https:\/\/araratfinland.com\/en\/wp-json\/wp\/v2\/media?parent=43327"}],"wp:term":[{"taxonomy":"location","embeddable":true,"href":"https:\/\/araratfinland.com\/en\/wp-json\/wp\/v2\/location?post=43327"},{"taxonomy":"product_brand","embeddable":true,"href":"https:\/\/araratfinland.com\/en\/wp-json\/wp\/v2\/product_brand?post=43327"},{"taxonomy":"product_cat","embeddable":true,"href":"https:\/\/araratfinland.com\/en\/wp-json\/wp\/v2\/product_cat?post=43327"},{"taxonomy":"product_tag","embeddable":true,"href":"https:\/\/araratfinland.com\/en\/wp-json\/wp\/v2\/product_tag?post=43327"}],"curies":[{"name":"wp","href":"https:\/\/api.w.org\/{rel}","templated":true}]}}