{"id":43322,"date":"2024-06-02T02:18:00","date_gmt":"2024-06-01T23:18:00","guid":{"rendered":"https:\/\/araratfinland.com\/product\/sokerikakku-800g\/"},"modified":"2025-11-17T16:22:46","modified_gmt":"2025-11-17T14:22:46","slug":"sokerikakku-800g","status":"publish","type":"product","link":"https:\/\/araratfinland.com\/en\/product\/sokerikakku-800g\/","title":{"rendered":"Sokerikakku 800g"},"content":{"rendered":"<h4><span style=\"font-size: 18px;color: #000000\"><strong>Sokeri kakku.<\/strong><\/span><\/h4>\n<h4><span style=\"color: #000000\"><span style=\"font-size: 18px\"><strong>Ainesosat: Venh\u00e4<\/strong>jauho, sokeri, rypsi\u00f6ljy,<br \/>kokonaiset\u00a0<strong>kananmunat<\/strong>, rasvaton <strong>maito<\/strong>jauhe,<br \/><\/span><span style=\"font-size: 18px\">suola, nostatusaine (natriumkarbonaatit, difosfaatit),<br \/>s\u00e4il\u00f6nt\u00e4aine (kaliumsorbaatti),\u00a0<\/span><span style=\"font-size: 18px\">happo (sitruunahappo),<br \/>v\u00e4ri (karotenoidit), aromi.<\/span><\/span><\/h4>\n<h4><span style=\"font-size: 18px;color: #000000\"><strong>S\u00e4ilytys: <\/strong>Kuivassa ja viile\u00e4ss\u00e4 paikassa.<\/span><\/h4>\n<h4><span style=\"color: #000000\"><span style=\"font-size: 18px\"><strong>Sis\u00e4lt\u00e4\u00e4: Gluteenia, kanamunat, maito.<br \/><\/strong><\/span><span style=\"font-size: 18px\"><strong>Saattaa sis\u00e4lt\u00e4\u00e4 pieni\u00e4 m\u00e4\u00e4ri\u00e4 p\u00e4hkin\u00e4t.<\/strong><\/span><\/span><\/h4>\n","protected":false},"excerpt":{"rendered":"<p>Sokeri kakku. Ainesosat: Venh\u00e4jauho, sokeri, rypsi\u00f6ljy,kokonaiset\u00a0kananmunat, rasvaton maitojauhe,suola, nostatusaine (natriumkarbonaatit, difosfaatit),s\u00e4il\u00f6nt\u00e4aine (kaliumsorbaatti),\u00a0happo (sitruunahappo),v\u00e4ri (karotenoidit), aromi. S\u00e4ilytys: Kuivassa ja viile\u00e4ss\u00e4 paikassa.<\/p>\n","protected":false},"featured_media":100793,"template":"","meta":{"om_disable_all_campaigns":false,"_monsterinsights_skip_tracking":false,"_monsterinsights_sitenote_active":false,"_monsterinsights_sitenote_note":"","_monsterinsights_sitenote_category":0},"location":[1422],"product_brand":[1423],"product_cat":[1326],"product_tag":[],"class_list":{"0":"post-43322","1":"product","2":"type-product","3":"status-publish","4":"has-post-thumbnail","6":"location-v","7":"product_brand-ararat-ari-food","8":"product_cat-keksit-leivokset-fi","9":"stock_type-kpl-en","11":"first","12":"instock","13":"taxable","14":"shipping-taxable","15":"purchasable","16":"product-type-simple"},"aioseo_notices":[],"locations":[{"id":1422,"name":"v","slug":"v","quantity":"80"}],"_links":{"self":[{"href":"https:\/\/araratfinland.com\/en\/wp-json\/wp\/v2\/product\/43322","targetHints":{"allow":["GET"]}}],"collection":[{"href":"https:\/\/araratfinland.com\/en\/wp-json\/wp\/v2\/product"}],"about":[{"href":"https:\/\/araratfinland.com\/en\/wp-json\/wp\/v2\/types\/product"}],"version-history":[{"count":3,"href":"https:\/\/araratfinland.com\/en\/wp-json\/wp\/v2\/product\/43322\/revisions"}],"predecessor-version":[{"id":73611,"href":"https:\/\/araratfinland.com\/en\/wp-json\/wp\/v2\/product\/43322\/revisions\/73611"}],"wp:featuredmedia":[{"embeddable":true,"href":"https:\/\/araratfinland.com\/en\/wp-json\/wp\/v2\/media\/100793"}],"wp:attachment":[{"href":"https:\/\/araratfinland.com\/en\/wp-json\/wp\/v2\/media?parent=43322"}],"wp:term":[{"taxonomy":"location","embeddable":true,"href":"https:\/\/araratfinland.com\/en\/wp-json\/wp\/v2\/location?post=43322"},{"taxonomy":"product_brand","embeddable":true,"href":"https:\/\/araratfinland.com\/en\/wp-json\/wp\/v2\/product_brand?post=43322"},{"taxonomy":"product_cat","embeddable":true,"href":"https:\/\/araratfinland.com\/en\/wp-json\/wp\/v2\/product_cat?post=43322"},{"taxonomy":"product_tag","embeddable":true,"href":"https:\/\/araratfinland.com\/en\/wp-json\/wp\/v2\/product_tag?post=43322"}],"curies":[{"name":"wp","href":"https:\/\/api.w.org\/{rel}","templated":true}]}}