{"id":43315,"date":"2024-06-02T02:17:58","date_gmt":"2024-06-01T23:17:58","guid":{"rendered":"https:\/\/araratfinland.com\/product\/odin-mixed-vegetables-20x400-g-2\/"},"modified":"2025-09-11T13:35:53","modified_gmt":"2025-09-11T10:35:53","slug":"odin-mixed-vegetables-20x400-g-2","status":"publish","type":"product","link":"https:\/\/araratfinland.com\/en\/product\/odin-mixed-vegetables-20x400-g-2\/","title":{"rendered":"Odin mixed vegetables 20&#215;400 g"},"content":{"rendered":"<h4><span style=\"color: #000000\"><span style=\"font-size: 18px\"><strong>S\u00e4ilytys: <\/strong>Pakastimessa: Alle -18\u2103:n<\/span><span style=\"font-size: 20px\"><br \/>l\u00e4mp\u00f6tilassa katso &#039;&#039;parasta ennen&#039;&#039;.<\/span><\/span><\/h4>\n<h4><span style=\"font-size: 20px;color: #000000\"><strong>Ei saa pakastaa uudelleen sulattamisen j\u00e4\u00e4lkeen.<\/strong><\/span><\/h4>\n","protected":false},"excerpt":{"rendered":"<p>S\u00e4ilytys: Pakastimessa: Alle -18\u2103:nl\u00e4mp\u00f6tilassa katso &#039;&#039;parasta ennen&#039;&#039;. Ei saa pakastaa uudelleen sulattamisen j\u00e4\u00e4lkeen.<\/p>\n","protected":false},"featured_media":89427,"template":"","meta":{"om_disable_all_campaigns":false,"_monsterinsights_skip_tracking":false,"_monsterinsights_sitenote_active":false,"_monsterinsights_sitenote_note":"","_monsterinsights_sitenote_category":0},"location":[1422],"product_brand":[1423],"product_cat":[1464],"product_tag":[],"class_list":{"0":"post-43315","1":"product","2":"type-product","3":"status-publish","4":"has-post-thumbnail","6":"location-v","7":"product_brand-ararat-ari-food","8":"product_cat-pakasteet-en-2","9":"stock_type-ltk-en","11":"first","12":"instock","13":"taxable","14":"shipping-taxable","15":"purchasable","16":"product-type-simple"},"aioseo_notices":[],"locations":[{"id":1422,"name":"v","slug":"v","quantity":"47"}],"_links":{"self":[{"href":"https:\/\/araratfinland.com\/en\/wp-json\/wp\/v2\/product\/43315","targetHints":{"allow":["GET"]}}],"collection":[{"href":"https:\/\/araratfinland.com\/en\/wp-json\/wp\/v2\/product"}],"about":[{"href":"https:\/\/araratfinland.com\/en\/wp-json\/wp\/v2\/types\/product"}],"version-history":[{"count":1,"href":"https:\/\/araratfinland.com\/en\/wp-json\/wp\/v2\/product\/43315\/revisions"}],"predecessor-version":[{"id":50612,"href":"https:\/\/araratfinland.com\/en\/wp-json\/wp\/v2\/product\/43315\/revisions\/50612"}],"wp:featuredmedia":[{"embeddable":true,"href":"https:\/\/araratfinland.com\/en\/wp-json\/wp\/v2\/media\/89427"}],"wp:attachment":[{"href":"https:\/\/araratfinland.com\/en\/wp-json\/wp\/v2\/media?parent=43315"}],"wp:term":[{"taxonomy":"location","embeddable":true,"href":"https:\/\/araratfinland.com\/en\/wp-json\/wp\/v2\/location?post=43315"},{"taxonomy":"product_brand","embeddable":true,"href":"https:\/\/araratfinland.com\/en\/wp-json\/wp\/v2\/product_brand?post=43315"},{"taxonomy":"product_cat","embeddable":true,"href":"https:\/\/araratfinland.com\/en\/wp-json\/wp\/v2\/product_cat?post=43315"},{"taxonomy":"product_tag","embeddable":true,"href":"https:\/\/araratfinland.com\/en\/wp-json\/wp\/v2\/product_tag?post=43315"}],"curies":[{"name":"wp","href":"https:\/\/api.w.org\/{rel}","templated":true}]}}