{"id":43306,"date":"2024-06-02T02:17:56","date_gmt":"2024-06-01T23:17:56","guid":{"rendered":"https:\/\/araratfinland.com\/product\/sutdiyari-beyaz-juusto-tam-55-1-kg\/"},"modified":"2025-11-08T08:53:12","modified_gmt":"2025-11-08T06:53:12","slug":"sutdiyari-beyaz-juusto-tam-55-1-kg","status":"publish","type":"product","link":"https:\/\/araratfinland.com\/en\/product\/sutdiyari-beyaz-juusto-tam-55-1-kg\/","title":{"rendered":"Sutdiyari Juusto Tam 55% 800gr"},"content":{"rendered":"<h4><span style=\"font-size: 18px;color: #000000\"><strong>Pehme\u00e4 juusto suolavedess\u00e4 55% FDM.<\/strong><\/span><\/h4>\n<h4><span style=\"color: #000000\"><span style=\"font-size: 18px\"><strong>Ainesosat:<\/strong> Past\u00f6roitu lehm\u00e4n<strong>maito<\/strong>, sertofioitu,<br \/>kest\u00e4v\u00e4sti tuotettu palmu\u00f6ljy (21%),\u00a0<\/span><span style=\"font-size: 18px\">suola,<br \/>mikrobipohjainen juoksute, hapateviljelm\u00e4.<\/span><\/span><\/h4>\n<h4><span style=\"font-size: 18px;color: #000000\"><strong>S\u00e4ilytys:<\/strong> S\u00e4ilyt\u00e4 j\u00e4\u00e4kaapissa: 2-5\u2103.<br \/>Avattuna 5 p\u00e4iv\u00e4\u00e4 j\u00e4\u00e4kaapissa.<\/span><\/h4>\n<h4><span style=\"font-size: 18px;color: #000000\">Valmistettu Tanskassa maidosta,<br \/>joka on per\u00e4isin EU:sta.<\/span><\/h4>\n<table style=\"width: 362.859px\">\n<tbody>\n<tr>\n<td style=\"width: 343.859px\" colspan=\"2\"><span style=\"font-size: 18px;color: #000000\"><strong>Ravintosis\u00e4lt\u00f6 per 100g<\/strong><\/span><\/td>\n<\/tr>\n<\/tbody>\n<tbody>\n<tr>\n<td style=\"width: 194px\"><span style=\"font-size: 18px;color: #000000\">Energia<\/span><\/td>\n<td style=\"width: 149.859px\"><span style=\"font-size: 18px;color: #000000\">950 kJ \/230 kcal<\/span><\/td>\n<\/tr>\n<tr>\n<td style=\"width: 194px\"><span style=\"font-size: 18px;color: #000000\">Rasva<\/span><\/td>\n<td style=\"width: 149.859px\"><span style=\"font-size: 18px;color: #000000\">21 g<\/span><\/td>\n<\/tr>\n<tr>\n<td style=\"width: 194px\"><span style=\"font-size: 18px;color: #000000\">josta tyydyttynytt\u00e4<\/span><\/td>\n<td style=\"width: 149.859px\"><span style=\"font-size: 18px;color: #000000\">14 g<\/span><\/td>\n<\/tr>\n<tr>\n<td style=\"width: 194px\"><span style=\"font-size: 18px;color: #000000\">Hiilihydraatit<\/span><\/td>\n<td style=\"width: 149.859px\"><span style=\"font-size: 18px;color: #000000\">1,2 g<\/span><\/td>\n<\/tr>\n<tr>\n<td style=\"width: 194px\"><span style=\"font-size: 18px;color: #000000\">josta sokereita<\/span><\/td>\n<td style=\"width: 149.859px\"><span style=\"font-size: 18px;color: #000000\">1,2 g<\/span><\/td>\n<\/tr>\n<tr>\n<td style=\"width: 194px\"><span style=\"font-size: 18px;color: #000000\">Proteiini<\/span><\/td>\n<td style=\"width: 149.859px\"><span style=\"font-size: 18px;color: #000000\">9,0 g<\/span><\/td>\n<\/tr>\n<tr>\n<td style=\"width: 194px\"><span style=\"font-size: 18px;color: #000000\">Suola<\/span><\/td>\n<td style=\"width: 149.859px\"><span style=\"font-size: 18px;color: #000000\">3,0 g<\/span><\/td>\n<\/tr>\n<\/tbody>\n<\/table>\n","protected":false},"excerpt":{"rendered":"<p>Pehme\u00e4 juusto suolavedess\u00e4 55% FDM. Ainesosat: Past\u00f6roitu lehm\u00e4nmaito, sertofioitu,kest\u00e4v\u00e4sti tuotettu palmu\u00f6ljy (21%),\u00a0suola,mikrobipohjainen juoksute, hapateviljelm\u00e4. S\u00e4ilytys: S\u00e4ilyt\u00e4 j\u00e4\u00e4kaapissa: 2-5\u2103.Avattuna 5 p\u00e4iv\u00e4\u00e4<\/p>\n","protected":false},"featured_media":99646,"template":"","meta":{"om_disable_all_campaigns":false,"_monsterinsights_skip_tracking":false,"_monsterinsights_sitenote_active":false,"_monsterinsights_sitenote_note":"","_monsterinsights_sitenote_category":0},"location":[1422],"product_brand":[1423],"product_cat":[1354],"product_tag":[],"class_list":{"0":"post-43306","1":"product","2":"type-product","3":"status-publish","4":"has-post-thumbnail","6":"location-v","7":"product_brand-ararat-ari-food","8":"product_cat-juustot-fi","9":"stock_type-prk-en","11":"first","12":"instock","13":"taxable","14":"shipping-taxable","15":"purchasable","16":"product-type-simple"},"aioseo_notices":[],"locations":[{"id":1422,"name":"v","slug":"v","quantity":"0"}],"_links":{"self":[{"href":"https:\/\/araratfinland.com\/en\/wp-json\/wp\/v2\/product\/43306","targetHints":{"allow":["GET"]}}],"collection":[{"href":"https:\/\/araratfinland.com\/en\/wp-json\/wp\/v2\/product"}],"about":[{"href":"https:\/\/araratfinland.com\/en\/wp-json\/wp\/v2\/types\/product"}],"version-history":[{"count":4,"href":"https:\/\/araratfinland.com\/en\/wp-json\/wp\/v2\/product\/43306\/revisions"}],"predecessor-version":[{"id":64643,"href":"https:\/\/araratfinland.com\/en\/wp-json\/wp\/v2\/product\/43306\/revisions\/64643"}],"wp:featuredmedia":[{"embeddable":true,"href":"https:\/\/araratfinland.com\/en\/wp-json\/wp\/v2\/media\/99646"}],"wp:attachment":[{"href":"https:\/\/araratfinland.com\/en\/wp-json\/wp\/v2\/media?parent=43306"}],"wp:term":[{"taxonomy":"location","embeddable":true,"href":"https:\/\/araratfinland.com\/en\/wp-json\/wp\/v2\/location?post=43306"},{"taxonomy":"product_brand","embeddable":true,"href":"https:\/\/araratfinland.com\/en\/wp-json\/wp\/v2\/product_brand?post=43306"},{"taxonomy":"product_cat","embeddable":true,"href":"https:\/\/araratfinland.com\/en\/wp-json\/wp\/v2\/product_cat?post=43306"},{"taxonomy":"product_tag","embeddable":true,"href":"https:\/\/araratfinland.com\/en\/wp-json\/wp\/v2\/product_tag?post=43306"}],"curies":[{"name":"wp","href":"https:\/\/api.w.org\/{rel}","templated":true}]}}