{"id":43298,"date":"2024-06-02T02:17:54","date_gmt":"2024-06-01T23:17:54","guid":{"rendered":"https:\/\/araratfinland.com\/product\/falak-extreme-riisi-5-kg\/"},"modified":"2025-11-08T09:52:26","modified_gmt":"2025-11-08T07:52:26","slug":"falak-extreme-riisi-5-kg","status":"publish","type":"product","link":"https:\/\/araratfinland.com\/en\/product\/falak-extreme-riisi-5-kg\/","title":{"rendered":"Falak Extreme Riisi &#8211; 5 Kg"},"content":{"rendered":"<p data-start=\"171\" data-end=\"201\"><strong data-start=\"171\" data-end=\"185\">Ainesosat:<\/strong><br data-start=\"185\" data-end=\"188\" \/> Basmati-riisi<\/p>\n<p data-start=\"203\" data-end=\"442\"><strong data-start=\"203\" data-end=\"230\">Ravintosis\u00e4lt\u00f6 \/ 100 g:<\/strong><br data-start=\"230\" data-end=\"233\" \/> Energia: 164 kcal<br data-start=\"250\" data-end=\"253\" \/> Rasva: 0 g<br data-start=\"263\" data-end=\"266\" \/> josta tyydyttynytt\u00e4: 0 g<br data-start=\"292\" data-end=\"295\" \/> Kolesteroli: 0 mg<br data-start=\"312\" data-end=\"315\" \/> Natrium: 2 mg<br data-start=\"328\" data-end=\"331\" \/> Hiilihydraatit: 36 g<br data-start=\"351\" data-end=\"354\" \/> josta sokereita: 0 g<br data-start=\"376\" data-end=\"379\" \/> Proteiini: 4 g<br data-start=\"393\" data-end=\"396\" \/> Rauta: 2 mg<br data-start=\"407\" data-end=\"410\" \/> Kalsium: 0 mg<br data-start=\"423\" data-end=\"426\" \/> C-vitamiini: 0 %<\/p>\n<p data-start=\"444\" data-end=\"517\"><strong data-start=\"444\" data-end=\"457\">S\u00e4ilytys:<\/strong><br data-start=\"457\" data-end=\"460\" \/> S\u00e4ilyt\u00e4 kuivassa ja viile\u00e4ss\u00e4.<br data-start=\"490\" data-end=\"493\" \/> Pid\u00e4 pakkaus suljettuna.<\/p>\n","protected":false},"excerpt":{"rendered":"<p>Ainesosat: Basmati-riisi Ravintosis\u00e4lt\u00f6 \/ 100 g: Energia: 164 kcal Rasva: 0 g josta tyydyttynytt\u00e4: 0 g Kolesteroli: 0 mg Natrium:<\/p>\n","protected":false},"featured_media":99785,"template":"","meta":{"om_disable_all_campaigns":false,"_monsterinsights_skip_tracking":false,"_monsterinsights_sitenote_active":false,"_monsterinsights_sitenote_note":"","_monsterinsights_sitenote_category":0},"location":[1422],"product_brand":[1423],"product_cat":[1346],"product_tag":[],"class_list":{"0":"post-43298","1":"product","2":"type-product","3":"status-publish","4":"has-post-thumbnail","6":"location-v","7":"product_brand-ararat-ari-food","8":"product_cat-kuiva-tuotteet-fi","9":"stock_type-sk-en","11":"first","12":"instock","13":"taxable","14":"shipping-taxable","15":"purchasable","16":"product-type-simple"},"aioseo_notices":[],"locations":[{"id":1422,"name":"v","slug":"v","quantity":"261"}],"_links":{"self":[{"href":"https:\/\/araratfinland.com\/en\/wp-json\/wp\/v2\/product\/43298","targetHints":{"allow":["GET"]}}],"collection":[{"href":"https:\/\/araratfinland.com\/en\/wp-json\/wp\/v2\/product"}],"about":[{"href":"https:\/\/araratfinland.com\/en\/wp-json\/wp\/v2\/types\/product"}],"version-history":[{"count":2,"href":"https:\/\/araratfinland.com\/en\/wp-json\/wp\/v2\/product\/43298\/revisions"}],"predecessor-version":[{"id":99787,"href":"https:\/\/araratfinland.com\/en\/wp-json\/wp\/v2\/product\/43298\/revisions\/99787"}],"wp:featuredmedia":[{"embeddable":true,"href":"https:\/\/araratfinland.com\/en\/wp-json\/wp\/v2\/media\/99785"}],"wp:attachment":[{"href":"https:\/\/araratfinland.com\/en\/wp-json\/wp\/v2\/media?parent=43298"}],"wp:term":[{"taxonomy":"location","embeddable":true,"href":"https:\/\/araratfinland.com\/en\/wp-json\/wp\/v2\/location?post=43298"},{"taxonomy":"product_brand","embeddable":true,"href":"https:\/\/araratfinland.com\/en\/wp-json\/wp\/v2\/product_brand?post=43298"},{"taxonomy":"product_cat","embeddable":true,"href":"https:\/\/araratfinland.com\/en\/wp-json\/wp\/v2\/product_cat?post=43298"},{"taxonomy":"product_tag","embeddable":true,"href":"https:\/\/araratfinland.com\/en\/wp-json\/wp\/v2\/product_tag?post=43298"}],"curies":[{"name":"wp","href":"https:\/\/api.w.org\/{rel}","templated":true}]}}