{"id":43269,"date":"2024-06-02T02:17:48","date_gmt":"2024-06-01T23:17:48","guid":{"rendered":"https:\/\/araratfinland.com\/product\/11-ruusuvesi-330-ml-2\/"},"modified":"2025-10-27T14:39:14","modified_gmt":"2025-10-27T12:39:14","slug":"11-ruusuvesi-330-ml-2","status":"publish","type":"product","link":"https:\/\/araratfinland.com\/en\/product\/11-ruusuvesi-330-ml-2\/","title":{"rendered":"1&amp;1 Ruusuvesi 330 ml"},"content":{"rendered":"<h4><span style=\"font-size: 18px;color: #000000\"><strong>Ainesosat: <\/strong>Ruusuvesi.<\/span><\/h4>\n<h4><span style=\"font-size: 18px;color: #000000\"><strong>Alkuper\u00e4maa: <\/strong>Irani.<\/span><\/h4>\n<h4><span style=\"font-size: 18px;color: #000000\"><strong>Parasta ennen:<\/strong> 24 kuukautta.<\/span><\/h4>\n<h4><span style=\"font-size: 18px;color: #000000\"><strong>S\u00e4ilytys: <\/strong>Viile\u00e4ss\u00e4 ja pime\u00e4ss\u00e4 paikassa.<\/span><br \/><span style=\"font-size: 18px;color: #000000\">Avaamisen j\u00e4lkeen s\u00e4ilyt\u00e4 j\u00e4\u00e4kaapissa.<\/span><\/h4>\n","protected":false},"excerpt":{"rendered":"<p>Ainesosat: Ruusuvesi. Alkuper\u00e4maa: Irani. Parasta ennen: 24 kuukautta. S\u00e4ilytys: Viile\u00e4ss\u00e4 ja pime\u00e4ss\u00e4 paikassa.Avaamisen j\u00e4lkeen s\u00e4ilyt\u00e4 j\u00e4\u00e4kaapissa.<\/p>\n","protected":false},"featured_media":98276,"template":"","meta":{"om_disable_all_campaigns":false,"_monsterinsights_skip_tracking":false,"_monsterinsights_sitenote_active":false,"_monsterinsights_sitenote_note":"","_monsterinsights_sitenote_category":0},"location":[1422],"product_brand":[1423],"product_cat":[1480],"product_tag":[],"class_list":{"0":"post-43269","1":"product","2":"type-product","3":"status-publish","4":"has-post-thumbnail","6":"location-v","7":"product_brand-ararat-ari-food","8":"product_cat-mehut-nesteet-en","9":"stock_type-lasi-en","11":"first","12":"instock","13":"taxable","14":"shipping-taxable","15":"purchasable","16":"product-type-simple"},"aioseo_notices":[],"locations":[{"id":1422,"name":"v","slug":"v","quantity":"0"}],"_links":{"self":[{"href":"https:\/\/araratfinland.com\/en\/wp-json\/wp\/v2\/product\/43269","targetHints":{"allow":["GET"]}}],"collection":[{"href":"https:\/\/araratfinland.com\/en\/wp-json\/wp\/v2\/product"}],"about":[{"href":"https:\/\/araratfinland.com\/en\/wp-json\/wp\/v2\/types\/product"}],"version-history":[{"count":1,"href":"https:\/\/araratfinland.com\/en\/wp-json\/wp\/v2\/product\/43269\/revisions"}],"predecessor-version":[{"id":49308,"href":"https:\/\/araratfinland.com\/en\/wp-json\/wp\/v2\/product\/43269\/revisions\/49308"}],"wp:featuredmedia":[{"embeddable":true,"href":"https:\/\/araratfinland.com\/en\/wp-json\/wp\/v2\/media\/98276"}],"wp:attachment":[{"href":"https:\/\/araratfinland.com\/en\/wp-json\/wp\/v2\/media?parent=43269"}],"wp:term":[{"taxonomy":"location","embeddable":true,"href":"https:\/\/araratfinland.com\/en\/wp-json\/wp\/v2\/location?post=43269"},{"taxonomy":"product_brand","embeddable":true,"href":"https:\/\/araratfinland.com\/en\/wp-json\/wp\/v2\/product_brand?post=43269"},{"taxonomy":"product_cat","embeddable":true,"href":"https:\/\/araratfinland.com\/en\/wp-json\/wp\/v2\/product_cat?post=43269"},{"taxonomy":"product_tag","embeddable":true,"href":"https:\/\/araratfinland.com\/en\/wp-json\/wp\/v2\/product_tag?post=43269"}],"curies":[{"name":"wp","href":"https:\/\/api.w.org\/{rel}","templated":true}]}}