{"id":43264,"date":"2024-06-02T02:17:47","date_gmt":"2024-06-01T23:17:47","guid":{"rendered":"https:\/\/araratfinland.com\/product\/chtaura-harkapapu-850g\/"},"modified":"2025-11-07T12:49:26","modified_gmt":"2025-11-07T10:49:26","slug":"chtaura-harkapapu-850g","status":"publish","type":"product","link":"https:\/\/araratfinland.com\/en\/product\/chtaura-harkapapu-850g\/","title":{"rendered":"Chtaura H\u00e4rk\u00e4papu 850g"},"content":{"rendered":"<h4><span style=\"font-size: 19px;color: #000000\"><strong>H\u00e4rk\u00e4papu.<\/strong><\/span><\/h4>\n<h4><span style=\"color: #000000\"><span style=\"font-size: 19px\"><strong>Ainesosat: <\/strong>H\u00e4rk\u00e4pavut, vesi, suola,<br \/>happamuudens\u00e4\u00e4t\u00f6aine: sitruunahappo (E330),<br \/><\/span><span style=\"font-size: 19px\">antioksidantti: EDTA (E385).<\/span><\/span><\/h4>\n<h4><span style=\"font-size: 19px;color: #000000\"><strong>S\u00e4ilytys: <\/strong>S\u00e4ilyt\u00e4 viile\u00e4ss\u00e4 ja kuivassa paikassa.<\/span><br \/><span style=\"font-size: 19px;color: #000000\">Pid\u00e4 kylm\u00e4ss\u00e4 ja kuluta nopeasti avaamisen j\u00e4lkeen.<\/span><\/h4>\n<h4><span style=\"font-size: 19px;color: #000000\"><strong>Alkuper\u00e4maa: <\/strong>Lebanon.<\/span><\/h4>\n<table style=\"width: 407.125px\">\n<tbody>\n<tr>\n<td style=\"width: 389.125px\" colspan=\"2\"><span style=\"font-size: 19px;color: #000000\"><strong>Ravintosis\u00e4lt\u00f6 per 100g<\/strong><\/span><\/td>\n<\/tr>\n<\/tbody>\n<tbody>\n<tr>\n<td style=\"width: 213px\"><span style=\"font-size: 19px;color: #000000\">Energia<\/span><\/td>\n<td style=\"width: 176.125px\"><span style=\"font-size: 19px;color: #000000\">102 kcal \/ 426 kj<\/span><\/td>\n<\/tr>\n<tr>\n<td style=\"width: 213px\"><span style=\"font-size: 19px;color: #000000\">Rasva<\/span><\/td>\n<td style=\"width: 176.125px\"><span style=\"font-size: 19px;color: #000000\">0,4 g<\/span><\/td>\n<\/tr>\n<tr>\n<td style=\"width: 213px\"><span style=\"font-size: 19px;color: #000000\">josta tyydyttyneitt\u00e4<\/span><\/td>\n<td style=\"width: 176.125px\"><span style=\"font-size: 19px;color: #000000\">0 g<\/span><\/td>\n<\/tr>\n<tr>\n<td style=\"width: 213px\"><span style=\"font-size: 19px;color: #000000\">Hiilihydraatit<\/span><\/td>\n<td style=\"width: 176.125px\"><span style=\"font-size: 19px;color: #000000\">17,6 g<\/span><\/td>\n<\/tr>\n<tr>\n<td style=\"width: 213px\"><span style=\"font-size: 19px;color: #000000\">josta sokereita<\/span><\/td>\n<td style=\"width: 176.125px\"><span style=\"font-size: 19px;color: #000000\">2,2 g<\/span><\/td>\n<\/tr>\n<tr>\n<td style=\"width: 213px\"><span style=\"font-size: 19px;color: #000000\">Proteiini<\/span><\/td>\n<td style=\"width: 176.125px\"><span style=\"font-size: 19px;color: #000000\">7,6 g<\/span><\/td>\n<\/tr>\n<tr>\n<td style=\"width: 213px\"><span style=\"font-size: 19px;color: #000000\">Suola<\/span><\/td>\n<td style=\"width: 176.125px\"><span style=\"font-size: 19px;color: #000000\">1,5 g<\/span><\/td>\n<\/tr>\n<\/tbody>\n<\/table>\n","protected":false},"excerpt":{"rendered":"<p>H\u00e4rk\u00e4papu. Ainesosat: H\u00e4rk\u00e4pavut, vesi, suola,happamuudens\u00e4\u00e4t\u00f6aine: sitruunahappo (E330),antioksidantti: EDTA (E385). S\u00e4ilytys: S\u00e4ilyt\u00e4 viile\u00e4ss\u00e4 ja kuivassa paikassa.Pid\u00e4 kylm\u00e4ss\u00e4 ja kuluta nopeasti avaamisen<\/p>\n","protected":false},"featured_media":99132,"template":"","meta":{"om_disable_all_campaigns":false,"_monsterinsights_skip_tracking":false,"_monsterinsights_sitenote_active":false,"_monsterinsights_sitenote_note":"","_monsterinsights_sitenote_category":0},"location":[1422],"product_brand":[1423],"product_cat":[1360],"product_tag":[],"class_list":{"0":"post-43264","1":"product","2":"type-product","3":"status-publish","4":"has-post-thumbnail","6":"location-v","7":"product_brand-ararat-ari-food","8":"product_cat-silykeetvihannekset-fi","9":"stock_type-kpl-en","11":"first","12":"instock","13":"taxable","14":"shipping-taxable","15":"purchasable","16":"product-type-simple"},"aioseo_notices":[],"locations":[{"id":1422,"name":"v","slug":"v","quantity":"48"}],"_links":{"self":[{"href":"https:\/\/araratfinland.com\/en\/wp-json\/wp\/v2\/product\/43264","targetHints":{"allow":["GET"]}}],"collection":[{"href":"https:\/\/araratfinland.com\/en\/wp-json\/wp\/v2\/product"}],"about":[{"href":"https:\/\/araratfinland.com\/en\/wp-json\/wp\/v2\/types\/product"}],"version-history":[{"count":1,"href":"https:\/\/araratfinland.com\/en\/wp-json\/wp\/v2\/product\/43264\/revisions"}],"predecessor-version":[{"id":54670,"href":"https:\/\/araratfinland.com\/en\/wp-json\/wp\/v2\/product\/43264\/revisions\/54670"}],"wp:featuredmedia":[{"embeddable":true,"href":"https:\/\/araratfinland.com\/en\/wp-json\/wp\/v2\/media\/99132"}],"wp:attachment":[{"href":"https:\/\/araratfinland.com\/en\/wp-json\/wp\/v2\/media?parent=43264"}],"wp:term":[{"taxonomy":"location","embeddable":true,"href":"https:\/\/araratfinland.com\/en\/wp-json\/wp\/v2\/location?post=43264"},{"taxonomy":"product_brand","embeddable":true,"href":"https:\/\/araratfinland.com\/en\/wp-json\/wp\/v2\/product_brand?post=43264"},{"taxonomy":"product_cat","embeddable":true,"href":"https:\/\/araratfinland.com\/en\/wp-json\/wp\/v2\/product_cat?post=43264"},{"taxonomy":"product_tag","embeddable":true,"href":"https:\/\/araratfinland.com\/en\/wp-json\/wp\/v2\/product_tag?post=43264"}],"curies":[{"name":"wp","href":"https:\/\/api.w.org\/{rel}","templated":true}]}}