{"id":43254,"date":"2024-06-02T02:17:45","date_gmt":"2024-06-01T23:17:45","guid":{"rendered":"https:\/\/araratfinland.com\/product\/apollo-sardines-125g\/"},"modified":"2025-10-15T13:52:47","modified_gmt":"2025-10-15T10:52:47","slug":"apollo-sardines-125g","status":"publish","type":"product","link":"https:\/\/araratfinland.com\/en\/product\/apollo-sardines-125g\/","title":{"rendered":"Apollo Sardines 125g"},"content":{"rendered":"<div><span style=\"font-size: 19px;color: #000000\"><strong>Ainesosat:<\/strong> Sardiinit, kasvi\u00f6ljy <strong>(soija)<\/strong>,<br \/>pippuri, suola.<\/p>\n<p><\/span><\/div>\n<div><span style=\"font-size: 19px;color: #000000\"><strong>S\u00e4ilytys: <\/strong>Viile\u00e4ss\u00e4 ja kuivassa paikassa.<\/span><\/div>\n<div><span style=\"font-size: 18px;color: #000000\"><span style=\"font-size: 18px\"><span style=\"font-size: 19px\">S\u00e4ilyt\u00e4 j\u00e4\u00e4kaapissa avaamisen j\u00e4lkeen.<\/p>\n<p><\/span><\/span><\/span> <\/p>\n<table style=\"width: 385.641px\">\n<tbody>\n<tr style=\"height: 12px\">\n<td style=\"width: 375.641px;height: 12px\" colspan=\"2\"><span style=\"font-size: 18px;color: #000000\"><strong>Ravintosis\u00e4lt\u00f6 per 100g<\/strong><\/span><\/td>\n<\/tr>\n<\/tbody>\n<tbody>\n<tr style=\"height: 22px\">\n<td style=\"width: 189.688px;height: 22px\"><span style=\"font-size: 18px;color: #000000\">Energia<\/span><\/td>\n<td style=\"width: 179.953px;height: 22px\"><span style=\"font-size: 18px;color: #000000\">967 kJ \/ 231 kcal<\/span><\/td>\n<\/tr>\n<tr style=\"height: 22px\">\n<td style=\"width: 189.688px;height: 22px\"><span style=\"font-size: 18px;color: #000000\">Rasva<\/span><\/td>\n<td style=\"width: 179.953px;height: 22px\"><span style=\"font-size: 18px;color: #000000\">17 g<\/span><\/td>\n<\/tr>\n<tr style=\"height: 29px\">\n<td style=\"width: 189.688px;height: 29px\"><span style=\"font-size: 18px;color: #000000\">josta tyydyttynytt\u00e4<\/span><\/td>\n<td style=\"width: 179.953px;height: 29px\"><span style=\"font-size: 18px;color: #000000\">2,3 g<\/span><\/td>\n<\/tr>\n<tr style=\"height: 22px\">\n<td style=\"width: 189.688px;height: 22px\"><span style=\"font-size: 18px;color: #000000\">Hiilihydraatit<\/span><\/td>\n<td style=\"width: 179.953px;height: 22px\">\u00a0<\/td>\n<\/tr>\n<\/tbody>\n<\/table><\/div>\n","protected":false},"excerpt":{"rendered":"<p>Ainesosat: Sardiinit, kasvi\u00f6ljy (soija),pippuri, suola. S\u00e4ilytys: Viile\u00e4ss\u00e4 ja kuivassa paikassa. S\u00e4ilyt\u00e4 j\u00e4\u00e4kaapissa avaamisen j\u00e4lkeen. Ravintosis\u00e4lt\u00f6 per 100g Energia 967 kJ<\/p>\n","protected":false},"featured_media":96641,"template":"","meta":{"om_disable_all_campaigns":false,"_monsterinsights_skip_tracking":false,"_monsterinsights_sitenote_active":false,"_monsterinsights_sitenote_note":"","_monsterinsights_sitenote_category":0},"location":[1422],"product_brand":[1423],"product_cat":[1360],"product_tag":[],"class_list":{"0":"post-43254","1":"product","2":"type-product","3":"status-publish","4":"has-post-thumbnail","6":"location-v","7":"product_brand-ararat-ari-food","8":"product_cat-silykeetvihannekset-fi","9":"stock_type-kpl-en","11":"first","12":"instock","13":"taxable","14":"shipping-taxable","15":"purchasable","16":"product-type-simple"},"aioseo_notices":[],"locations":[{"id":1422,"name":"v","slug":"v","quantity":"1200"}],"_links":{"self":[{"href":"https:\/\/araratfinland.com\/en\/wp-json\/wp\/v2\/product\/43254","targetHints":{"allow":["GET"]}}],"collection":[{"href":"https:\/\/araratfinland.com\/en\/wp-json\/wp\/v2\/product"}],"about":[{"href":"https:\/\/araratfinland.com\/en\/wp-json\/wp\/v2\/types\/product"}],"version-history":[{"count":1,"href":"https:\/\/araratfinland.com\/en\/wp-json\/wp\/v2\/product\/43254\/revisions"}],"predecessor-version":[{"id":46884,"href":"https:\/\/araratfinland.com\/en\/wp-json\/wp\/v2\/product\/43254\/revisions\/46884"}],"wp:featuredmedia":[{"embeddable":true,"href":"https:\/\/araratfinland.com\/en\/wp-json\/wp\/v2\/media\/96641"}],"wp:attachment":[{"href":"https:\/\/araratfinland.com\/en\/wp-json\/wp\/v2\/media?parent=43254"}],"wp:term":[{"taxonomy":"location","embeddable":true,"href":"https:\/\/araratfinland.com\/en\/wp-json\/wp\/v2\/location?post=43254"},{"taxonomy":"product_brand","embeddable":true,"href":"https:\/\/araratfinland.com\/en\/wp-json\/wp\/v2\/product_brand?post=43254"},{"taxonomy":"product_cat","embeddable":true,"href":"https:\/\/araratfinland.com\/en\/wp-json\/wp\/v2\/product_cat?post=43254"},{"taxonomy":"product_tag","embeddable":true,"href":"https:\/\/araratfinland.com\/en\/wp-json\/wp\/v2\/product_tag?post=43254"}],"curies":[{"name":"wp","href":"https:\/\/api.w.org\/{rel}","templated":true}]}}