{"id":43238,"date":"2024-06-02T02:17:41","date_gmt":"2024-06-01T23:17:41","guid":{"rendered":"https:\/\/araratfinland.com\/product\/marwa-riisi-mauste-230g\/"},"modified":"2025-11-10T14:31:12","modified_gmt":"2025-11-10T12:31:12","slug":"marwa-riisi-mauste-230g","status":"publish","type":"product","link":"https:\/\/araratfinland.com\/en\/product\/marwa-riisi-mauste-230g\/","title":{"rendered":"Marwa Riisi Mauste 230g"},"content":{"rendered":"<div><span style=\"font-size: 18px\"><strong>Ainesosat:<\/strong><\/span><span style=\"font-size: 18px\">Kardemumma, kaneli, neilikka, mustapippuri, valkosipuli, korianteri, purjo, kumina, sipuli, aromi, sitruunahappo, dinatriuminosinaatti, dinatriumguanylaatti.<\/span><\/div>\n<div>\u00a0<\/div>\n<div><span style=\"font-size: 18px\"><strong>\u00a0<\/strong><\/span><span style=\", Helvetica, Arial, sans-serif;font-size: 18px;font-weight: bold\">S\u00e4ilytys:<\/span><span style=\", Helvetica, Arial, sans-serif;font-size: 18px\">\u00a0<\/span><span style=\", Helvetica, Arial, sans-serif;font-size: 18px\">Kuivassa ja viile\u00e4ss\u00e4 paikassa.<\/span><\/div>\n<p> <br style=\", Helvetica, Arial, sans-serif;font-size: 11.05px\" \/> <\/p>\n<div style=\", Helvetica, Arial, sans-serif;font-size: 11.05px\"><span style=\"color: #000000;font-size: 18px\"><span style=\"font-weight: bold\">Saattaa sis\u00e4lt\u00e4\u00e4: Seesami\u00a0<\/span><span style=\"font-weight: bold\">siemeni\u00e4,<\/span><br \/><span style=\"font-weight: bold\">p\u00e4hkin\u00f6it\u00e4.<\/span><\/span><\/div>\n<div style=\", Helvetica, Arial, sans-serif;font-size: 11.05px\">\u00a0<\/div>\n<div style=\", Helvetica, Arial, sans-serif;font-size: 11.05px\"><span style=\"color: #000000;font-size: 18px\"><span style=\"font-weight: bold\"><span>Alkuper\u00e4maa:<\/span><span style=\"font-weight: 400\">\u00a0Iso-Britannia.<\/span><\/span><\/span><\/div>\n","protected":false},"excerpt":{"rendered":"<p>Ainesosat:Kardemumma, kaneli, neilikka, mustapippuri, valkosipuli, korianteri, purjo, kumina, sipuli, aromi, sitruunahappo, dinatriuminosinaatti, dinatriumguanylaatti. \u00a0 \u00a0S\u00e4ilytys:\u00a0Kuivassa ja viile\u00e4ss\u00e4 paikassa. Saattaa sis\u00e4lt\u00e4\u00e4:<\/p>\n","protected":false},"featured_media":100113,"template":"","meta":{"om_disable_all_campaigns":false,"_monsterinsights_skip_tracking":false,"_monsterinsights_sitenote_active":false,"_monsterinsights_sitenote_note":"","_monsterinsights_sitenote_category":0},"location":[1422],"product_brand":[1423],"product_cat":[1348],"product_tag":[],"class_list":{"0":"post-43238","1":"product","2":"type-product","3":"status-publish","4":"has-post-thumbnail","6":"location-v","7":"product_brand-ararat-ari-food","8":"product_cat-mausteet-fi","9":"stock_type-pcs-en","11":"first","12":"instock","13":"taxable","14":"shipping-taxable","15":"purchasable","16":"product-type-simple"},"aioseo_notices":[],"locations":[{"id":1422,"name":"v","slug":"v","quantity":"48"}],"_links":{"self":[{"href":"https:\/\/araratfinland.com\/en\/wp-json\/wp\/v2\/product\/43238","targetHints":{"allow":["GET"]}}],"collection":[{"href":"https:\/\/araratfinland.com\/en\/wp-json\/wp\/v2\/product"}],"about":[{"href":"https:\/\/araratfinland.com\/en\/wp-json\/wp\/v2\/types\/product"}],"version-history":[{"count":3,"href":"https:\/\/araratfinland.com\/en\/wp-json\/wp\/v2\/product\/43238\/revisions"}],"predecessor-version":[{"id":100068,"href":"https:\/\/araratfinland.com\/en\/wp-json\/wp\/v2\/product\/43238\/revisions\/100068"}],"wp:featuredmedia":[{"embeddable":true,"href":"https:\/\/araratfinland.com\/en\/wp-json\/wp\/v2\/media\/100113"}],"wp:attachment":[{"href":"https:\/\/araratfinland.com\/en\/wp-json\/wp\/v2\/media?parent=43238"}],"wp:term":[{"taxonomy":"location","embeddable":true,"href":"https:\/\/araratfinland.com\/en\/wp-json\/wp\/v2\/location?post=43238"},{"taxonomy":"product_brand","embeddable":true,"href":"https:\/\/araratfinland.com\/en\/wp-json\/wp\/v2\/product_brand?post=43238"},{"taxonomy":"product_cat","embeddable":true,"href":"https:\/\/araratfinland.com\/en\/wp-json\/wp\/v2\/product_cat?post=43238"},{"taxonomy":"product_tag","embeddable":true,"href":"https:\/\/araratfinland.com\/en\/wp-json\/wp\/v2\/product_tag?post=43238"}],"curies":[{"name":"wp","href":"https:\/\/api.w.org\/{rel}","templated":true}]}}