{"id":43230,"date":"2024-06-02T02:17:39","date_gmt":"2024-06-01T23:17:39","guid":{"rendered":"https:\/\/araratfinland.com\/product\/robert-kalkkuna-lunchkorv-340g\/"},"modified":"2025-09-05T12:35:28","modified_gmt":"2025-09-05T09:35:28","slug":"robert-kalkkuna-lunchkorv-340g","status":"publish","type":"product","link":"https:\/\/araratfinland.com\/en\/product\/robert-kalkkuna-lunchkorv-340g\/","title":{"rendered":"Robert Kalkkuna Lihas\u00e4ilyke 340g"},"content":{"rendered":"<h4><span><span style=\"font-size: 18px\"><strong>Ainesosat:\u00a0<\/strong>Koneellisesti eroteltu kalkkunan liha 47%,<br \/>koneellisesti eroteltu broilerin liha 42%, vesi, suola,<br \/><\/span><span style=\"font-size: 18px\">glukoosisiirappi, paprika, pippuri, stabilointiaine (difosfaatti),<br \/>valkosipuli,\u00a0<\/span><span style=\"font-size: 18px\">antioksidantti (askorbiinihappo), s\u00e4il\u00f6nt\u00e4aine<br \/>(natriumnitriitti).<\/span><\/span><\/h4>\n<h4 style=\"margin-top: 0cm;background-image: initial;background-position: initial;background-size: initial;background-repeat: initial;background-attachment: initial\"><span><span style=\"font-size: 18px\"><strong>S\u00e4ilytys:<\/strong>\u00a0Kuivassa ja huoneenl\u00e4mp\u00f6tilassa.<br \/>S\u00e4ilyt\u00e4 avattu tuote j\u00e4\u00e4kapissa\u00a0<\/span><span style=\"font-size: 18px\">ja k\u00e4yt\u00e4<br \/>3 vrk:n kuluessa avamisesta.<\/span><\/span><\/h4>\n<div class=\"details\">\n<h4><span style=\"font-size: 18px;color: #000000\"><strong>Valmistettu:<\/strong>\u00a0Tanskassa.<\/span><\/h4>\n<div class=\"collapsible-container-content\">\n<div class=\"product-details-collapsible-padding nutritional-details\">\n<div class=\"nutritional-contents\">\n<table style=\"height: 239px;width: 434px\">\n<tbody>\n<tr style=\"height: 22px\">\n<th style=\"width: 633.156px;height: 22px\" colspan=\"2\"><span style=\"font-size: 18px;color: #000000\">Ravintosis\u00e4lt\u00f6 per 100g<\/span><\/th>\n<th style=\"width: 134.844px;height: 22px\"><span style=\"font-size: 18px;color: #000000\">\u00a0<\/span><\/th>\n<\/tr>\n<\/tbody>\n<tbody>\n<tr style=\"height: 22px\">\n<td style=\"width: 318px;height: 22px\"><span style=\"font-size: 18px;color: #000000\">Energia<\/span><\/td>\n<td style=\"width: 315.156px;height: 22px\"><span style=\"font-size: 18px;color: #000000\">780kJ \/ 186 kcal<\/span><\/td>\n<\/tr>\n<tr style=\"height: 23px\">\n<td style=\"width: 318px;height: 23px\"><span style=\"font-size: 18px;color: #000000\">Rasva<\/span><\/td>\n<td style=\"width: 315.156px;height: 23px\"><span style=\"font-size: 18px;color: #000000\">15 g<\/span><\/td>\n<\/tr>\n<tr class=\"sub-content\" style=\"height: 22.2656px\">\n<td style=\"width: 318px;height: 22.2656px\"><span style=\"font-size: 18px;color: #000000\">josta tyydyttynytt\u00e4<\/span><\/td>\n<td style=\"width: 315.156px;height: 22.2656px\"><span style=\"font-size: 18px;color: #000000\">4 g<\/span><\/td>\n<\/tr>\n<tr style=\"height: 22px\">\n<td style=\"width: 318px;height: 22px\"><span style=\"font-size: 18px;color: #000000\">Hiilihydraatit<\/span><\/td>\n<td style=\"width: 315.156px;height: 22px\"><span style=\"font-size: 18px;color: #000000\">0-1 g<\/span><\/td>\n<\/tr>\n<tr class=\"sub-content\" style=\"height: 22px\">\n<td style=\"width: 318px;height: 22px\"><span style=\"font-size: 18px;color: #000000\">josta sokereita<\/span><\/td>\n<td style=\"width: 315.156px;height: 22px\"><span style=\"font-size: 18px;color: #000000\">0-1 g<\/span><\/td>\n<\/tr>\n<tr style=\"height: 22px\">\n<td style=\"width: 318px;height: 22px\"><span style=\"font-size: 18px;color: #000000\">Proteiini<\/span><\/td>\n<td style=\"width: 315.156px;height: 22px\"><span style=\"font-size: 18px;color: #000000\">15 g<\/span><\/td>\n<\/tr>\n<tr style=\"height: 22px\">\n<td style=\"width: 318px;height: 22px\"><span style=\"font-size: 18px;color: #000000\">Suola<\/span><\/td>\n<td style=\"width: 315.156px;height: 22px\"><span style=\"font-size: 18px;color: #000000\">2 g<\/span><\/td>\n<\/tr>\n<\/tbody>\n<\/table><\/div>\n<\/p><\/div>\n<\/p><\/div>\n<\/p><\/div>\n","protected":false},"excerpt":{"rendered":"<p>Ainesosat:\u00a0Koneellisesti eroteltu kalkkunan liha 47%,koneellisesti eroteltu broilerin liha 42%, vesi, suola,glukoosisiirappi, paprika, pippuri, stabilointiaine (difosfaatti),valkosipuli,\u00a0antioksidantti (askorbiinihappo), s\u00e4il\u00f6nt\u00e4aine(natriumnitriitti). S\u00e4ilytys:\u00a0Kuivassa ja huoneenl\u00e4mp\u00f6tilassa.S\u00e4ilyt\u00e4<\/p>\n","protected":false},"featured_media":86860,"template":"","meta":{"om_disable_all_campaigns":false,"_monsterinsights_skip_tracking":false,"_monsterinsights_sitenote_active":false,"_monsterinsights_sitenote_note":"","_monsterinsights_sitenote_category":0},"location":[1422],"product_brand":[1423],"product_cat":[1362],"product_tag":[],"class_list":{"0":"post-43230","1":"product","2":"type-product","3":"status-publish","4":"has-post-thumbnail","6":"location-v","7":"product_brand-ararat-ari-food","8":"product_cat-salamit-fi","9":"stock_type-prk-en","11":"first","12":"instock","13":"taxable","14":"shipping-taxable","15":"purchasable","16":"product-type-simple"},"aioseo_notices":[],"locations":[{"id":1422,"name":"v","slug":"v","quantity":"184"}],"_links":{"self":[{"href":"https:\/\/araratfinland.com\/en\/wp-json\/wp\/v2\/product\/43230","targetHints":{"allow":["GET"]}}],"collection":[{"href":"https:\/\/araratfinland.com\/en\/wp-json\/wp\/v2\/product"}],"about":[{"href":"https:\/\/araratfinland.com\/en\/wp-json\/wp\/v2\/types\/product"}],"version-history":[{"count":1,"href":"https:\/\/araratfinland.com\/en\/wp-json\/wp\/v2\/product\/43230\/revisions"}],"predecessor-version":[{"id":65785,"href":"https:\/\/araratfinland.com\/en\/wp-json\/wp\/v2\/product\/43230\/revisions\/65785"}],"wp:featuredmedia":[{"embeddable":true,"href":"https:\/\/araratfinland.com\/en\/wp-json\/wp\/v2\/media\/86860"}],"wp:attachment":[{"href":"https:\/\/araratfinland.com\/en\/wp-json\/wp\/v2\/media?parent=43230"}],"wp:term":[{"taxonomy":"location","embeddable":true,"href":"https:\/\/araratfinland.com\/en\/wp-json\/wp\/v2\/location?post=43230"},{"taxonomy":"product_brand","embeddable":true,"href":"https:\/\/araratfinland.com\/en\/wp-json\/wp\/v2\/product_brand?post=43230"},{"taxonomy":"product_cat","embeddable":true,"href":"https:\/\/araratfinland.com\/en\/wp-json\/wp\/v2\/product_cat?post=43230"},{"taxonomy":"product_tag","embeddable":true,"href":"https:\/\/araratfinland.com\/en\/wp-json\/wp\/v2\/product_tag?post=43230"}],"curies":[{"name":"wp","href":"https:\/\/api.w.org\/{rel}","templated":true}]}}