{"id":43223,"date":"2024-06-02T02:17:37","date_gmt":"2024-06-01T23:17:37","guid":{"rendered":"https:\/\/araratfinland.com\/product\/nidolin-cowskin-cleaned-8x1-kg\/"},"modified":"2025-10-28T11:31:38","modified_gmt":"2025-10-28T09:31:38","slug":"nidolin-cowskin-cleaned-8x1-kg","status":"publish","type":"product","link":"https:\/\/araratfinland.com\/en\/product\/nidolin-cowskin-cleaned-8x1-kg\/","title":{"rendered":"Nidolin cowskin cleaned 8&#215;1 kg"},"content":{"rendered":"<h4><span style=\"font-size: 18px;color: #000000\"><strong>S\u00e4ilytys: <\/strong>Pakastimessa: Alle -18\u2103:n<br \/>l\u00e4mp\u00f6tilassa katso &#039;&#039;parasta ennen&#039;&#039;.<\/span><\/h4>\n<h4><span style=\"font-size: 18px;color: #000000\"><strong>Alkuperamaa: <\/strong>Puola.<\/span><\/h4>\n<h4><span style=\"font-size: 18px;color: #000000\"><strong>Ei saa pakastaa uudelleen sulattamisen<br \/>j\u00e4\u00e4lkeen.<\/strong><\/span><\/h4>\n<table style=\"height: 361px;width: 274.516px\">\n<tbody>\n<tr style=\"height: 23px\">\n<td style=\"width: 256.516px;height: 23px\" colspan=\"2\"><span style=\"font-size: 18px;color: #000000\"><strong>Ravintosis\u00e4lt\u00f6 per 100g<\/strong><\/span><\/td>\n<\/tr>\n<\/tbody>\n<tbody>\n<tr style=\"height: 12px\">\n<td style=\"width: 189px;height: 12px\"><span style=\"font-size: 18px;color: #000000\">Energiaa<\/span><\/td>\n<td style=\"width: 67.5156px;height: 12px\"><span style=\"font-size: 18px;color: #000000\">37 g<\/span><\/td>\n<\/tr>\n<tr style=\"height: 9px\">\n<td style=\"width: 189px;height: 9px\"><span style=\"font-size: 18px;color: #000000\">Rasva<\/span><\/td>\n<td style=\"width: 67.5156px;height: 9px\"><span style=\"font-size: 18px;color: #000000\">25 g<\/span><\/td>\n<\/tr>\n<tr style=\"height: 4px\">\n<td style=\"width: 189px;height: 4px\"><span style=\"font-size: 18px;color: #000000\">josta tyydyttynytt\u00e4<\/span><\/td>\n<td style=\"width: 67.5156px;height: 4px\"><span style=\"font-size: 18px;color: #000000\">10 g<\/span><\/td>\n<\/tr>\n<tr style=\"height: 5px\">\n<td style=\"width: 189px;height: 5px\"><span style=\"font-size: 18px;color: #000000\">Kolesteroli<\/span><\/td>\n<td style=\"width: 67.5156px;height: 5px\"><span style=\"font-size: 18px;color: #000000\">75 mg<\/span><\/td>\n<\/tr>\n<tr style=\"height: 9px\">\n<td style=\"width: 189px;height: 9px\"><span style=\"font-size: 18px;color: #000000\">josta sokereita<\/span><\/td>\n<td style=\"width: 67.5156px;height: 9px\"><span style=\"font-size: 18px;color: #000000\">0,4 g<\/span><\/td>\n<\/tr>\n<tr style=\"height: 19px\">\n<td style=\"width: 189px;height: 19px\"><span style=\"font-size: 18px;color: #000000\">Proteiini<\/span><\/td>\n<td style=\"width: 67.5156px;height: 19px\"><span style=\"font-size: 18px;color: #000000\">0 g<\/span><\/td>\n<\/tr>\n<tr style=\"height: 3px\">\n<td style=\"width: 189px;height: 3px\"><span style=\"font-size: 18px;color: #000000\">Sokeri<\/span><\/td>\n<td style=\"width: 67.5156px;height: 3px\"><span style=\"font-size: 18px;color: #000000\">1 g<\/span><\/td>\n<\/tr>\n<\/tbody>\n<\/table>\n","protected":false},"excerpt":{"rendered":"<p>S\u00e4ilytys: Pakastimessa: Alle -18\u2103:nl\u00e4mp\u00f6tilassa katso &#039;&#039;parasta ennen&#039;&#039;. Alkuperamaa: Puola. Ei saa pakastaa uudelleen sulattamisenj\u00e4\u00e4lkeen. Ravintosis\u00e4lt\u00f6 per 100g Energiaa 37 g<\/p>\n","protected":false},"featured_media":98426,"template":"","meta":{"om_disable_all_campaigns":false,"_monsterinsights_skip_tracking":false,"_monsterinsights_sitenote_active":false,"_monsterinsights_sitenote_note":"","_monsterinsights_sitenote_category":0},"location":[1422],"product_brand":[1423],"product_cat":[1464],"product_tag":[],"class_list":{"0":"post-43223","1":"product","2":"type-product","3":"status-publish","4":"has-post-thumbnail","6":"location-v","7":"product_brand-ararat-ari-food","8":"product_cat-pakasteet-en-2","9":"stock_type-ltk-en","11":"first","12":"instock","13":"taxable","14":"shipping-taxable","15":"purchasable","16":"product-type-simple"},"aioseo_notices":[],"locations":[{"id":1422,"name":"v","slug":"v","quantity":"37"}],"_links":{"self":[{"href":"https:\/\/araratfinland.com\/en\/wp-json\/wp\/v2\/product\/43223","targetHints":{"allow":["GET"]}}],"collection":[{"href":"https:\/\/araratfinland.com\/en\/wp-json\/wp\/v2\/product"}],"about":[{"href":"https:\/\/araratfinland.com\/en\/wp-json\/wp\/v2\/types\/product"}],"version-history":[{"count":1,"href":"https:\/\/araratfinland.com\/en\/wp-json\/wp\/v2\/product\/43223\/revisions"}],"predecessor-version":[{"id":49238,"href":"https:\/\/araratfinland.com\/en\/wp-json\/wp\/v2\/product\/43223\/revisions\/49238"}],"wp:featuredmedia":[{"embeddable":true,"href":"https:\/\/araratfinland.com\/en\/wp-json\/wp\/v2\/media\/98426"}],"wp:attachment":[{"href":"https:\/\/araratfinland.com\/en\/wp-json\/wp\/v2\/media?parent=43223"}],"wp:term":[{"taxonomy":"location","embeddable":true,"href":"https:\/\/araratfinland.com\/en\/wp-json\/wp\/v2\/location?post=43223"},{"taxonomy":"product_brand","embeddable":true,"href":"https:\/\/araratfinland.com\/en\/wp-json\/wp\/v2\/product_brand?post=43223"},{"taxonomy":"product_cat","embeddable":true,"href":"https:\/\/araratfinland.com\/en\/wp-json\/wp\/v2\/product_cat?post=43223"},{"taxonomy":"product_tag","embeddable":true,"href":"https:\/\/araratfinland.com\/en\/wp-json\/wp\/v2\/product_tag?post=43223"}],"curies":[{"name":"wp","href":"https:\/\/api.w.org\/{rel}","templated":true}]}}